{"id":949,"date":"2025-03-02T18:56:49","date_gmt":"2025-03-02T18:56:49","guid":{"rendered":"http:\/\/macozag.com\/?post_type=product&#038;p=949"},"modified":"2025-03-02T18:57:12","modified_gmt":"2025-03-02T18:57:12","slug":"brother-xq3700","status":"publish","type":"product","link":"https:\/\/macozag.com\/?product=brother-xq3700","title":{"rendered":"Brother XQ3700"},"content":{"rendered":"<p>La Brother XQ3700 es una m\u00e1quina de coser de alta calidad dise\u00f1ada para uso dom\u00e9stico. Una de sus caracter\u00edsticas m\u00e1s destacadas es que cuenta con un motor incorporado en el chasis de la m\u00e1quina, lo que la hace extremadamente silenciosa y perfecta para trabajar\u00a0<span id=\"dots\">\u2026<\/span><\/p>\n<h3>Despega con Brother XQ3700<\/h3>\n<p>M\u00e1quina de coser Brother XQ3700 de uso dom\u00e9stico.<br \/>\nMotor incorporado en el chasis de la m\u00e1quina extremadamente silencioso.<br \/>\nCaja de accesorios m\u00f3vil incorporada en el chasis de la m\u00e1quina.<br \/>\nOjal autom\u00e1tico en un solo tiempo, 27 costuras preprogramadas con ajuste de zigzag y largo de puntada.<br \/>\nArrastre especial con fila delantera de dientes.<br \/>\nEsta m\u00e1quina tiene un selector de dise\u00f1os que gira en sentido circular para seleccionar el dise\u00f1o<br \/>\nque queramos realizar y tiene 2 botones para ajustar el largo y ancho de puntada a sus necesidades.<br \/>\nDoble altura de prensatelas para trabajar tejidos m\u00e1s gruesos. 37 puntadas<br \/>\nEnhebrador autom\u00e1tico<br \/>\n1 Ojal autom\u00e1tico en 1 tiempo Desembrague autom\u00e1tico<br \/>\nLuz LEO I Bobina ajuste r\u00e1pido Control longitud puntada hasta 5mm<\/p>\n","protected":false},"excerpt":{"rendered":"<p>M\u00e1quina de coser dom\u00e9stica, de grandes prestaciones: brazo libre, ojal autom\u00e1tico en un solo tiempo, 37 costuras preprogramadas, ajuste de zigzag y largo de puntada, desembrague autom\u00e1tico, ajuste de los labios del ojal mediante bot\u00f3n. Enhebrador autom\u00e1tico. Es muy completa y de f\u00e1cil manejo, puede realizar costuras circulares como mangas, camales de pantal\u00f3n, y costuras abiertas como s\u00e1banas, cortinas, etc.<br \/>\nEnhebrador autom\u00e1tico<br \/>\n37 puntadas \u00fatiles<br \/>\nLuz Led<br \/>\nAguja doble<\/p>\n","protected":false},"featured_media":974,"comment_status":"open","ping_status":"closed","template":"","meta":[],"product_brand":[],"product_cat":[83,22],"product_tag":[],"class_list":{"0":"post-949","1":"product","2":"type-product","3":"status-publish","4":"has-post-thumbnail","6":"product_cat-brother-domesticas","7":"product_cat-domesticas","9":"first","10":"instock","11":"taxable","12":"shipping-taxable","13":"product-type-simple"},"_links":{"self":[{"href":"https:\/\/macozag.com\/index.php?rest_route=\/wp\/v2\/product\/949","targetHints":{"allow":["GET"]}}],"collection":[{"href":"https:\/\/macozag.com\/index.php?rest_route=\/wp\/v2\/product"}],"about":[{"href":"https:\/\/macozag.com\/index.php?rest_route=\/wp\/v2\/types\/product"}],"replies":[{"embeddable":true,"href":"https:\/\/macozag.com\/index.php?rest_route=%2Fwp%2Fv2%2Fcomments&post=949"}],"wp:featuredmedia":[{"embeddable":true,"href":"https:\/\/macozag.com\/index.php?rest_route=\/wp\/v2\/media\/974"}],"wp:attachment":[{"href":"https:\/\/macozag.com\/index.php?rest_route=%2Fwp%2Fv2%2Fmedia&parent=949"}],"wp:term":[{"taxonomy":"product_brand","embeddable":true,"href":"https:\/\/macozag.com\/index.php?rest_route=%2Fwp%2Fv2%2Fproduct_brand&post=949"},{"taxonomy":"product_cat","embeddable":true,"href":"https:\/\/macozag.com\/index.php?rest_route=%2Fwp%2Fv2%2Fproduct_cat&post=949"},{"taxonomy":"product_tag","embeddable":true,"href":"https:\/\/macozag.com\/index.php?rest_route=%2Fwp%2Fv2%2Fproduct_tag&post=949"}],"curies":[{"name":"wp","href":"https:\/\/api.w.org\/{rel}","templated":true}]}}