{"id":947,"date":"2025-03-02T18:56:48","date_gmt":"2025-03-02T18:56:48","guid":{"rendered":"http:\/\/macozag.com\/?post_type=product&#038;p=947"},"modified":"2025-03-02T18:57:09","modified_gmt":"2025-03-02T18:57:09","slug":"brother-rh137","status":"publish","type":"product","link":"https:\/\/macozag.com\/?product=brother-rh137","title":{"rendered":"BROTHER RH137"},"content":{"rendered":"<h2 class=\"izquierda-column_title\">Brother RH137<\/h2>\n<p class=\"izquierda-column_description\">M\u00e1quina de coser de uso dom\u00e9stico. Permite ajuste de zigzag y largo de puntada as\u00ed como desembrague autom\u00e1tico. Brazo libre lo que facilita el acceso a partes de prendas dif\u00edciles as\u00ed como el trabajo en textiles de gran tama\u00f1o como cortinas. Esta m\u00e1quina tiene un selector de dise\u00f1os que gira en sentido circular para seleccionar el dise\u00f1o que queramos realizar y tiene 2 botones para ajustar el largo y ancho de puntada a sus necesidades.<\/p>\n<ul class=\"izquierda-column_description-list\">\n<li>M\u00e1quina de brazo libre, puede realizar costuras circulares como mangas, camales de pantal\u00f3n y costuras abiertas como sabanas, cortinas, etc&#8230;<\/li>\n<li>Ojal autom\u00e1tico en un solo tiempo<\/li>\n<li>Enhebrado de aguja autom\u00e1tico<\/li>\n<li>37 costuras preprogramadas<\/li>\n<li>Ajuste de zigzag y largo de puntada, desembrague autom\u00e1tico<\/li>\n<li>Ajuste de los labios del ojal mediante bot\u00f3n<\/li>\n<li>Luz led para evitar el calor de la bombilla convencional<\/li>\n<li>Doble altura de pr\u00e9nsatelas para trabajar tejidos m\u00e1s gruesos<\/li>\n<li>Incluye DVD con tutoriales para aprender a coser<\/li>\n<\/ul>\n<p><strong>Accesorios incluidos:<\/strong><\/p>\n<ul class=\"izquierda-column_description-list\">\n<li>Pie para zig zag \u00abJ\u00bb<\/li>\n<li>Pie para ojales \u00abA\u00bb<\/li>\n<li>Pie para cremalleras \u00abI\u00bb<\/li>\n<li>4 bobinas<\/li>\n<li>Paquete de agujas<\/li>\n<li>Destornillador<\/li>\n<li>Manual de instrucciones y DVD de clases<\/li>\n<\/ul>\n","protected":false},"excerpt":{"rendered":"<p>La m\u00e1quina de coser mec\u00e1nica m\u00e1s completa que ofrece BROTHER es el modelo RH137. No tiene l\u00edmites para poder coser piezas grandes como s\u00e1banas, cortinas o colchas. Una gran opci\u00f3n relaci\u00f3n calidad precio.<\/p>\n<ul>\n<li>37 costuras preprogramadas<\/li>\n<li>Ajuste de zigzag y largo de puntada, desembrague autom\u00e1tico<\/li>\n<li>Ajuste de los labios del ojal mediante bot\u00f3n<\/li>\n<li>Luz led para evitar el calor de la bombilla convencional<\/li>\n<li>Enhebrador autom\u00e1tico<\/li>\n<li>Doble altura de pr\u00e9nstelas para trabajar tejidos m\u00e1s gruesos.<\/li>\n<li>Incluye dvd con clases para aprender a coser<\/li>\n<\/ul>\n","protected":false},"featured_media":972,"comment_status":"open","ping_status":"closed","template":"","meta":[],"product_brand":[],"product_cat":[22,83],"product_tag":[],"class_list":{"0":"post-947","1":"product","2":"type-product","3":"status-publish","4":"has-post-thumbnail","6":"product_cat-domesticas","7":"product_cat-brother-domesticas","9":"first","10":"instock","11":"taxable","12":"shipping-taxable","13":"product-type-simple"},"_links":{"self":[{"href":"https:\/\/macozag.com\/index.php?rest_route=\/wp\/v2\/product\/947","targetHints":{"allow":["GET"]}}],"collection":[{"href":"https:\/\/macozag.com\/index.php?rest_route=\/wp\/v2\/product"}],"about":[{"href":"https:\/\/macozag.com\/index.php?rest_route=\/wp\/v2\/types\/product"}],"replies":[{"embeddable":true,"href":"https:\/\/macozag.com\/index.php?rest_route=%2Fwp%2Fv2%2Fcomments&post=947"}],"wp:featuredmedia":[{"embeddable":true,"href":"https:\/\/macozag.com\/index.php?rest_route=\/wp\/v2\/media\/972"}],"wp:attachment":[{"href":"https:\/\/macozag.com\/index.php?rest_route=%2Fwp%2Fv2%2Fmedia&parent=947"}],"wp:term":[{"taxonomy":"product_brand","embeddable":true,"href":"https:\/\/macozag.com\/index.php?rest_route=%2Fwp%2Fv2%2Fproduct_brand&post=947"},{"taxonomy":"product_cat","embeddable":true,"href":"https:\/\/macozag.com\/index.php?rest_route=%2Fwp%2Fv2%2Fproduct_cat&post=947"},{"taxonomy":"product_tag","embeddable":true,"href":"https:\/\/macozag.com\/index.php?rest_route=%2Fwp%2Fv2%2Fproduct_tag&post=947"}],"curies":[{"name":"wp","href":"https:\/\/api.w.org\/{rel}","templated":true}]}}