{"id":945,"date":"2025-03-02T18:56:48","date_gmt":"2025-03-02T18:56:48","guid":{"rendered":"http:\/\/macozag.com\/?post_type=product&#038;p=945"},"modified":"2025-03-02T18:57:07","modified_gmt":"2025-03-02T18:57:07","slug":"brother-1100-electronica","status":"publish","type":"product","link":"https:\/\/macozag.com\/?product=brother-1100-electronica","title":{"rendered":"BROTHER 1100 electr\u00f3nica"},"content":{"rendered":"<p>La m\u00e1quina de coser Brother 1100 ofrece funciones completas para patchwork y acolchado.<br \/>\nLos usuarios pueden ajustar el ancho, la longitud y la tensi\u00f3n del hilo de acuerdo con sus preferencias y guardarlos en la memoria de la m\u00e1quina. Las caracter\u00edsticas incluyen un total de 180 programas\u00a0<span id=\"more\">de costura, incluyendo puntadas b\u00e1sicas, el\u00e1sticas, overlock y especiales para acolchado y scrapbooking. Los usuarios pueden crear y guardar sus propias puntadas decorativas, y la m\u00e1quina tiene un cortador de hilo autom\u00e1tico y una gran \u00e1rea de trabajo de 210 mm. La pantalla LCD de\u00a0<a href=\"https:\/\/brotherie.es\/\">BROTHER<\/a>\u00a01100 muestra los ajustes de puntada actuales, y los usuarios pueden seleccionar f\u00e1cilmente las puntadas usando botones. La m\u00e1quina tiene ajuste autom\u00e1tico de la longitud y el ancho de la puntada, as\u00ed como de la posici\u00f3n de la aguja para costura recta y para coser cremalleras. La m\u00e1quina est\u00e1 hecha de metal resistente y funciona silenciosamente, con una cubierta transparente para monitorear f\u00e1cilmente el hilo de la bobina.<br \/>\nOtras caracter\u00edsticas incluyen ajuste manual de la presi\u00f3n del pie, iluminaci\u00f3n de alta calidad en la superficie de trabajo y un\u00a0<a href=\"https:\/\/grupofb.es\/tienda-grupo-fb\/\" target=\"_blank\" rel=\"noopener\">estuche de accesorios<\/a>. El bot\u00f3n de inicio\/parada permite a los usuarios coser sin pedal, y la m\u00e1quina tiene ajuste autom\u00e1tico de la tensi\u00f3n del hilo, enhebrador autom\u00e1tico de aguja y sistema de bobinado autom\u00e1tico de hilo. M\u00e1quina electr\u00f3nica de coser con pantalla LCD para Brother 1100<br \/>\nBrazo Libre.<br \/>\n180 puntadas \u00fatiles y decorativas.<br \/>\n10 ojales autom\u00e1ticos en 1 paso.<br \/>\n5 alfabetos en costura.<br \/>\nAlzaprensatelas de rodillera: liberas sus manos utilizando la rodillera para subir y bajar el pr\u00e9nsatelas.<br \/>\nEnhebrador autom\u00e1tico de aguja.<br \/>\nCortah\u00edlos autom\u00e1tico.<br \/>\nAncho de puntada 7 mm.<br \/>\nLargo de puntada 5 mm.<br \/>\nSensor de seguridad para manipular (cambio de agujas y pr\u00e9nsatelas).<br \/>\nPosici\u00f3n de fin de dibujo.<br \/>\nMedida brazo 215 x 110 mm (215mm a la derecha de la aguja).<br \/>\nBot\u00f3n de inicio \/ parada (permite coser sin pedal).<br \/>\nBot\u00f3n de posici\u00f3n de aguja: para la aguja en la posici\u00f3n que necesitas: \u00fatil para coser en \u00e1ngulos.<br \/>\nControl de velocidad (start\/ stop).<br \/>\nMy custom stitch: Crea tu propia puntadas.<br \/>\nFunci\u00f3n de combinaci\u00f3n de puntadas<br \/>\nFunci\u00f3n espejo en Brother 1100.<br \/>\nLuz led S\u00faper iluminaci\u00f3n ultra brillante.<br \/>\nSistema SFDS: sistema de transmisi\u00f3n y alimentaci\u00f3n uniforme del arrastre para la calidad de puntada superior en cualquier tejido.<br \/>\nColocaci\u00f3n r\u00e1pida de canillas.<br \/>\nBot\u00f3n de Remate o Puntada Inversa.<br \/>\nAjustes personalizados: permite ajustar el ancho y la longitud de la puntada, la tensi\u00f3n del hilo con sus preferencias y guardarlas el na memoria para uso futuro.<br \/>\nFunci\u00f3n aguja gemela.<br \/>\nPosibilidad de bajar los dientes de arrastre, para tus proyectos de quilting o bordado a mano libre.<br \/>\nGu\u00eda de la puntadas en la parte superior de la m\u00e1quina<br \/>\nCon Tapa r\u00edgida incorporada.<\/span><\/p>\n<h2>Caracter\u00edsticas destacadas Brother 1100<\/h2>\n<p>El Sistema SFS Super Feeder asegura una alimentaci\u00f3n suave de todo tipo de telas, y la m\u00e1quina tiene un sistema de cambio r\u00e1pido de pies de costura, doble costura para costuras decorativas y dobladillos de camisas, y control de alimentaci\u00f3n para acolchado, bordado y costura de botones. La m\u00e1quina Brother 1100 tiene un ancho de puntada ajustable de hasta 7 mm y una longitud m\u00e1xima de puntada de 4,5 mm, con alimentaci\u00f3n uniforme y transici\u00f3n para todo tipo de telas. La m\u00e1quina mide aproximadamente 480 mm (ancho) x 300 mm (alto) x 249,4 mm (profundidad) y pesa aproximadamente 9,7 kg, con una velocidad de costura de 70-850 puntadas por minuto. La m\u00e1quina utiliza agujas de m\u00e1quina de coser dom\u00e9sticas (HA \u00d7 130).<\/p>\n","protected":false},"excerpt":{"rendered":"<p>La Brother 1100 es una avanzada m\u00e1quina de coser electr\u00f3nica que ofrece un amplio espacio de trabajo, ideal para patchwork y acolchado con acabados profesionales gracias a su brazo de 215 x 110 mm. Esta m\u00e1quina permite trabajar con una amplia selecci\u00f3n de telas, desde las m\u00e1s gruesas hasta las m\u00e1s delicadas sedas y gasas, y cuenta con ajuste de longitud y ancho de puntada, as\u00ed como velocidad ajustable. Adem\u00e1s, dispone de un bot\u00f3n de corte de hilo autom\u00e1tico, 260 tipos de puntadas \u00fatiles y decorativas, funci\u00f3n de memoria de puntada para guardar las favoritas o m\u00e1s utilizadas, 180 puntadas \u00fatiles y decorativas, 5 alfabetos en costura, cortahilos autom\u00e1tico, 10 tipos de ojal autom\u00e1tico y luz LED.<\/p>\n","protected":false},"featured_media":970,"comment_status":"open","ping_status":"closed","template":"","meta":[],"product_brand":[],"product_cat":[22,83],"product_tag":[],"class_list":{"0":"post-945","1":"product","2":"type-product","3":"status-publish","4":"has-post-thumbnail","6":"product_cat-domesticas","7":"product_cat-brother-domesticas","9":"first","10":"instock","11":"taxable","12":"shipping-taxable","13":"product-type-simple"},"_links":{"self":[{"href":"https:\/\/macozag.com\/index.php?rest_route=\/wp\/v2\/product\/945","targetHints":{"allow":["GET"]}}],"collection":[{"href":"https:\/\/macozag.com\/index.php?rest_route=\/wp\/v2\/product"}],"about":[{"href":"https:\/\/macozag.com\/index.php?rest_route=\/wp\/v2\/types\/product"}],"replies":[{"embeddable":true,"href":"https:\/\/macozag.com\/index.php?rest_route=%2Fwp%2Fv2%2Fcomments&post=945"}],"wp:featuredmedia":[{"embeddable":true,"href":"https:\/\/macozag.com\/index.php?rest_route=\/wp\/v2\/media\/970"}],"wp:attachment":[{"href":"https:\/\/macozag.com\/index.php?rest_route=%2Fwp%2Fv2%2Fmedia&parent=945"}],"wp:term":[{"taxonomy":"product_brand","embeddable":true,"href":"https:\/\/macozag.com\/index.php?rest_route=%2Fwp%2Fv2%2Fproduct_brand&post=945"},{"taxonomy":"product_cat","embeddable":true,"href":"https:\/\/macozag.com\/index.php?rest_route=%2Fwp%2Fv2%2Fproduct_cat&post=945"},{"taxonomy":"product_tag","embeddable":true,"href":"https:\/\/macozag.com\/index.php?rest_route=%2Fwp%2Fv2%2Fproduct_tag&post=945"}],"curies":[{"name":"wp","href":"https:\/\/api.w.org\/{rel}","templated":true}]}}