{"id":942,"date":"2025-03-02T18:56:47","date_gmt":"2025-03-02T18:56:47","guid":{"rendered":"http:\/\/macozag.com\/?post_type=product&#038;p=942"},"modified":"2025-03-02T18:57:04","modified_gmt":"2025-03-02T18:57:04","slug":"brother-vq2-electronica","status":"publish","type":"product","link":"https:\/\/macozag.com\/?product=brother-vq2-electronica","title":{"rendered":"BROTHER VQ2 electr\u00f3nica"},"content":{"rendered":"<h2>Brother Innovis VQ2<\/h2>\n<p>El modelo BROTHER VQ2 es el modelo de m\u00e1quina de coser electr\u00f3nica m\u00e1s completa de Brother con cientos de funciones que la hacen perfecta para realizar trabajos profesionales sin necesidad de conocimientos avanzados, permitiendo el trabajo de tejidos tanto gruesos como delicados con resultados excelentes y precisos.<\/p>\n<ul class=\"izquierda-column_description-list\">\n<li>473 puntos tipos de puntada \u2013 b\u00e1sico, el\u00e1stica (stretch), overlock y, puntadas especiales para acolchar y patchwork, y muchos otros tipos de puntada<\/li>\n<li>Distancia extra grande entre la aguja y el cuerpo de la m\u00e1quina 28,5 cm.<\/li>\n<li>La velocidad de costura es de hasta 1050 puntadas por minuto.<\/li>\n<li>Pantalla LCD \u2013 grande, colorida, t\u00e1ctil y clara<\/li>\n<li>La posibilidad de crear tus propias puntadas de costura.<\/li>\n<li>Regulador de velocidad deslizante en la cabeza de la m\u00e1quina<\/li>\n<li>La posibilidad de coser sin pedal con el bot\u00f3n de arranque y parada<\/li>\n<li>Enhebrado autom\u00e1tico de hilo controlado por un bot\u00f3n en la cabeza de la m\u00e1quina<\/li>\n<li>Alimentador dividido de siete puntos: desplaza de manera confiable tanto el material delgado como el grueso<\/li>\n<li>Bot\u00f3n arriba \/ abajo bot\u00f3n<\/li>\n<li>El bot\u00f3n de la aguja arriba \/ abajo<\/li>\n<li>Corte autom\u00e1tico de los hilos superior e inferior.<\/li>\n<li>Bot\u00f3n para coser<\/li>\n<li>Costura omnidireccional en puntos rectos en 8 direcciones con puntos en zigzag en 4 direcciones<\/li>\n<li>Palanca de rodilla<\/li>\n<li>Iluminaci\u00f3n LED brillante y colocada en varios lugares.<\/li>\n<li>Pr\u00e1ctico brazo suelto para coser perneras, mangas, etc.<\/li>\n<li>Dos puertos USB<\/li>\n<li>La capacidad de conectarse directamente a una computadora para actualizar el firmware<\/li>\n<li>Sistema SFDS, transici\u00f3n y alimentaci\u00f3n uniforme de arrastre.<\/li>\n<li>Sistema ICAPS para detectar diferentes grosores de tejidos<\/li>\n<\/ul>\n","protected":false},"excerpt":{"rendered":"<p>Brother VQ2 con 14 tipos diferentes de ojales autom\u00e1ticos en un s\u00f3lo tiempo.<br \/>\n473 tipos de puntadas.<br \/>\n5 alfabetos diferentes.<br \/>\nPantalla t\u00e1ctil<br \/>\nLuz Led.<br \/>\nEnhebrador autom\u00e1tico.<br \/>\nCortah\u00edlos autom\u00e1tico y manual.<br \/>\n2 puertos USB<br \/>\nCose de forma multidireccional<br \/>\nAncho de puntada 7 mm.Largo de puntada 5 mm.<\/p>\n","protected":false},"featured_media":967,"comment_status":"open","ping_status":"closed","template":"","meta":[],"product_brand":[],"product_cat":[83,22],"product_tag":[],"class_list":{"0":"post-942","1":"product","2":"type-product","3":"status-publish","4":"has-post-thumbnail","6":"product_cat-brother-domesticas","7":"product_cat-domesticas","9":"first","10":"instock","11":"taxable","12":"shipping-taxable","13":"product-type-simple"},"_links":{"self":[{"href":"https:\/\/macozag.com\/index.php?rest_route=\/wp\/v2\/product\/942","targetHints":{"allow":["GET"]}}],"collection":[{"href":"https:\/\/macozag.com\/index.php?rest_route=\/wp\/v2\/product"}],"about":[{"href":"https:\/\/macozag.com\/index.php?rest_route=\/wp\/v2\/types\/product"}],"replies":[{"embeddable":true,"href":"https:\/\/macozag.com\/index.php?rest_route=%2Fwp%2Fv2%2Fcomments&post=942"}],"wp:featuredmedia":[{"embeddable":true,"href":"https:\/\/macozag.com\/index.php?rest_route=\/wp\/v2\/media\/967"}],"wp:attachment":[{"href":"https:\/\/macozag.com\/index.php?rest_route=%2Fwp%2Fv2%2Fmedia&parent=942"}],"wp:term":[{"taxonomy":"product_brand","embeddable":true,"href":"https:\/\/macozag.com\/index.php?rest_route=%2Fwp%2Fv2%2Fproduct_brand&post=942"},{"taxonomy":"product_cat","embeddable":true,"href":"https:\/\/macozag.com\/index.php?rest_route=%2Fwp%2Fv2%2Fproduct_cat&post=942"},{"taxonomy":"product_tag","embeddable":true,"href":"https:\/\/macozag.com\/index.php?rest_route=%2Fwp%2Fv2%2Fproduct_tag&post=942"}],"curies":[{"name":"wp","href":"https:\/\/api.w.org\/{rel}","templated":true}]}}