{"id":941,"date":"2025-03-02T18:56:47","date_gmt":"2025-03-02T18:56:47","guid":{"rendered":"http:\/\/macozag.com\/?post_type=product&#038;p=941"},"modified":"2025-03-02T18:57:02","modified_gmt":"2025-03-02T18:57:02","slug":"brother-a50-electronica","status":"publish","type":"product","link":"https:\/\/macozag.com\/?product=brother-a50-electronica","title":{"rendered":"BROTHER A50 Electr\u00f3nica"},"content":{"rendered":"<h1>M\u00e1quina de coser computarizada Innov-Is A50<\/h1>\n<p>Incre\u00edble facilidad de uso con una amplia gama de puntos de utilidad y decorativos. La m\u00e1quina de coser computarizada Brother Innovis A50 ofrece una cantidad infinita de flexibilidad para la personalizaci\u00f3n y la elaboraci\u00f3n. Ideal para expresar su creatividad en una amplia gama de proyectos, desde la moda hasta el acolchado. Adecuado para aficionados a la costura, modistas, reparadores y acolchados de retazos, tambi\u00e9n es adecuado para principiantes y alcantarillas experimentadas por igual. La interfaz tiene un dial jog incorporado que le permite decidir f\u00e1cilmente entre la amplia gama de 50 puntadas incorporadas, incluidos 5 ojales, que se muestran convenientemente en el panel de la m\u00e1quina. Los simples botones t\u00e1ctiles y la gran pantalla LCD clara ofrecen un ajuste f\u00e1cil y preciso. Esta m\u00e1quina tiene muchas caracter\u00edsticas que incluyen el enhebrador de agujas y el control deslizante de control de velocidad.<\/p>\n<ul>\n<li>50 puntadas construidas.<\/li>\n<li>Cinco ojales autom\u00e1ticos de 1 paso<\/li>\n<li>Enhebrador autom\u00e1tico de agujas integrado en un solo paso para facilitar el enhebrado<\/li>\n<li>Instalaci\u00f3n de alimentaci\u00f3n por ca\u00edda para zurcir a mano y bordar<\/li>\n<li>Jog Dial electr\u00f3nico<\/li>\n<li>Bot\u00f3n de punto de bloqueo<\/li>\n<li>Bobina de carga superior de ajuste r\u00e1pido<\/li>\n<li>Las luces LED ofrecen iluminaci\u00f3n de alta calidad<\/li>\n<li>Control de largo y ancho de puntada.<\/li>\n<li>Instalaci\u00f3n de doble aguja<\/li>\n<li>Aguja arriba \/ abajo<\/li>\n<li>Control deslizante de velocidad variable<\/li>\n<li>Pantalla LCD clara<\/li>\n<li>Muy f\u00e1cil de configurar y utilizar<\/li>\n<li>Puede ser manual<\/li>\n<\/ul>\n<p>Otras caracter\u00edsticas del Brother A50 incluyen longitud y ancho de puntada ajustable, control de aguja arriba y abajo, luces LED y pantalla LCD retroiluminada que le permite observar informaci\u00f3n sobre la puntada seleccionada.\u00a0<strong>Caracter\u00edsticas<\/strong><\/p>\n<ul>\n<li>M\u00e1quina de coser computarizada<\/li>\n<li>50 selecciones de puntadas<\/li>\n<li>Bobina de carga superior rotativa<\/li>\n<li>Largo y ancho de puntada preestablecido y variable<\/li>\n<li>Selecci\u00f3n de puntada Jog Dial<\/li>\n<li>Bot\u00f3n de punto de bloqueo<\/li>\n<li>Bot\u00f3n de inicio \/ parada: utilizar con o sin el control de pie<\/li>\n<li>Control deslizante de velocidad<\/li>\n<li>Aguja arriba \/ abajo de control<\/li>\n<li>Ojal\u00e1 de auto paso 1 paso<\/li>\n<li>5 estilos de ojales<\/li>\n<li>Sistema de devanado de bobina F.A.S.T<\/li>\n<li>Enhebrador de aguja autom\u00e1tico<\/li>\n<li>Cortador de hilo manual<\/li>\n<li>Perro de alimentaci\u00f3n de 7 piezas<\/li>\n<li>Instalaci\u00f3n de alimentaci\u00f3n de la gota<\/li>\n<li>Instalaci\u00f3n de doble aguja<\/li>\n<li>Puntadas el\u00e1sticas<\/li>\n<li>Puntos de sat\u00e9n<\/li>\n<li>Compartimiento de almacenamiento de brazo libre<\/li>\n<li>L\u00e1mpara led<\/li>\n<li>pantalla LCD<\/li>\n<li>Peso 6,5 kg aprox.<\/li>\n<li>Max. Velocidad: 820 spm.<\/li>\n<li>Voltaje: 220-240 voltios<\/li>\n<li>Dimensiones aproximadas: W 41cm x H 32cm<\/li>\n<\/ul>\n","protected":false},"excerpt":{"rendered":"<p>Esta m\u00e1quina de coser electr\u00f3nica Brother A50 es confiable y f\u00e1cil de usar para todas tus necesidades de costura. Cuenta con una pantalla LCD, 50 puntadas integradas y un enhebrador de aguja autom\u00e1tico. Es perfecta tanto para principiantes como para costureros experimentados.<\/p>\n","protected":false},"featured_media":966,"comment_status":"open","ping_status":"closed","template":"","meta":[],"product_brand":[],"product_cat":[22,83],"product_tag":[],"class_list":{"0":"post-941","1":"product","2":"type-product","3":"status-publish","4":"has-post-thumbnail","6":"product_cat-domesticas","7":"product_cat-brother-domesticas","9":"first","10":"instock","11":"taxable","12":"shipping-taxable","13":"product-type-simple"},"_links":{"self":[{"href":"https:\/\/macozag.com\/index.php?rest_route=\/wp\/v2\/product\/941","targetHints":{"allow":["GET"]}}],"collection":[{"href":"https:\/\/macozag.com\/index.php?rest_route=\/wp\/v2\/product"}],"about":[{"href":"https:\/\/macozag.com\/index.php?rest_route=\/wp\/v2\/types\/product"}],"replies":[{"embeddable":true,"href":"https:\/\/macozag.com\/index.php?rest_route=%2Fwp%2Fv2%2Fcomments&post=941"}],"wp:featuredmedia":[{"embeddable":true,"href":"https:\/\/macozag.com\/index.php?rest_route=\/wp\/v2\/media\/966"}],"wp:attachment":[{"href":"https:\/\/macozag.com\/index.php?rest_route=%2Fwp%2Fv2%2Fmedia&parent=941"}],"wp:term":[{"taxonomy":"product_brand","embeddable":true,"href":"https:\/\/macozag.com\/index.php?rest_route=%2Fwp%2Fv2%2Fproduct_brand&post=941"},{"taxonomy":"product_cat","embeddable":true,"href":"https:\/\/macozag.com\/index.php?rest_route=%2Fwp%2Fv2%2Fproduct_cat&post=941"},{"taxonomy":"product_tag","embeddable":true,"href":"https:\/\/macozag.com\/index.php?rest_route=%2Fwp%2Fv2%2Fproduct_tag&post=941"}],"curies":[{"name":"wp","href":"https:\/\/api.w.org\/{rel}","templated":true}]}}