{"id":940,"date":"2025-03-02T18:56:47","date_gmt":"2025-03-02T18:56:47","guid":{"rendered":"http:\/\/macozag.com\/?post_type=product&#038;p=940"},"modified":"2025-03-02T18:57:02","modified_gmt":"2025-03-02T18:57:02","slug":"brother-a16","status":"publish","type":"product","link":"https:\/\/macozag.com\/?product=brother-a16","title":{"rendered":"BROTHER A16"},"content":{"rendered":"<p>La m\u00e1quina de coser Brother A16 cuenta con una funci\u00f3n de control de velocidad deslizante. Todas las m\u00e1quinas de la Serie A vienen equipadas con enhebradores de agujas avanzados, un bot\u00f3n de refuerzo de puntadas con una sola mano, un prensatelas\/alimentaci\u00f3n m\u00e1s grande\u00a0<span id=\"dots\">\u2026<\/span><\/p>\n<h3>Caracter\u00edsticas adicionales BROTHER A16<\/h3>\n<p>La funci\u00f3n de posici\u00f3n de parada de aguja de un solo paso hace que sea m\u00e1s f\u00e1cil cambiar entre levantar\/bajar la aguja. La barra de aguja fija mejora la penetraci\u00f3n en telas m\u00e1s pesadas, lo que permite coser telas gruesas con mayor facilidad. Los puntos de ojal preestablecidos ahora son m\u00e1s anchos y cortos para un acabado a\u00fan mejor, lo que hace que la m\u00e1quina sea m\u00e1s vers\u00e1til y adecuada para una variedad de proyectos de costura. Con 16 tipos de puntadas, 3 estilos de ojales, un bot\u00f3n de puntada de bloqueo y posici\u00f3n ajustable de la aguja (arriba o abajo), esta m\u00e1quina puede coser algod\u00f3n, telas el\u00e1sticas y denim suave con facilidad con BROTHER A16 . El enhebrador autom\u00e1tico de aguja y el bobina de ajuste r\u00e1pido son caracter\u00edsticas adicionales que facilitan el proceso de costura. En general, la m\u00e1quina de coser Brother A16 es una opci\u00f3n s\u00f3lida para aquellos que buscan una m\u00e1quina de coser de alta calidad y vers\u00e1til.<\/p>\n<p>&nbsp;<\/p>\n<p>3 Ojales autom\u00e1ticos.<br \/>\nAncho de puntada regulable hasta 7mm.<br \/>\nLongitud de puntada regulable hasta 4mm.<br \/>\nEnhebrador Autom\u00e1tico de Aguja.<br \/>\nBrazo libre: Ide\u00e1l para la costura de tubulares.<br \/>\nBot\u00f3n de Regulador de velocidad.<br \/>\nDoble Altura Prensatelas.<br \/>\nBobina de ajuste r\u00e1pido: Colocaci\u00f3n r\u00e1pida de la canilla.<br \/>\nAjuste de la posici\u00f3n de parada de la aguja (arriba o abajo).<br \/>\nBot\u00f3n de remate de puntada o puntada inversa.<br \/>\nControl de largo y ancho de puntada.<br \/>\nBot\u00f3n de inicio \/parada (start \/ stop para coser sin pedal): La simple palanca permite de regular la modalidad e costura desde suave hasta vel\u00f3z.<br \/>\nArrastre a 7 dientes: Un mayor n\u00famero de dientes de arrastre asegura un transporte fluido y una calidad superi\u00f3r de la puntada. Para costuras perfectas en cualquier grosor, desde seda hasta vaqueros.<br \/>\nPantalla LCD: aparecen las informaciones importantes para la puntada que has elegido, como largura, anchura y tipo de prensatelas requierido.<br \/>\nPrensatela a desenganche r\u00e1pido: Cambio de prensatelas r\u00e1pido y simple.<br \/>\nCanillero Horizontal.<br \/>\nLuces LED<br \/>\nLa rueda de selecci\u00f3n de las puntadas \u201cjog dial\u201d simplifica y acelera la elecci\u00f3n de la puntada enBROTHER A16<br \/>\nRegulaci\u00f3n de la tensi\u00f3n superi\u00f3r del hilo.<br \/>\nBot\u00f3n para Subir \/ Bajar los Dientes de arrastre: una funci\u00f3n perfecta para el acolchado o el bordado libre.<br \/>\nPeso: 6,5 kg\u00a0Brother A16 tiene el prensatelas\/alimentaci\u00f3n m\u00e1s grande es una caracter\u00edstica que mejora el<a href=\"https:\/\/gunold.es\/\" target=\"_blank\" rel=\"noopener\">\u00a0manejo de la tela y la alimentaci\u00f3n<\/a>\u00a0de la misma a medida que se cose. La pantalla LCD m\u00e1s grande muestra informaci\u00f3n adicional sobre las configuraciones seleccionadas, lo que facilita la selecci\u00f3n de la<\/p>\n","protected":false},"excerpt":{"rendered":"<p>Se presenta la flamante m\u00e1quina de coser electr\u00f3nica A16, que consta de 16 puntadas, incluyendo 3 para ojales, enhebrador de aguja avanzado, bot\u00f3n de bloqueo de puntada, bobina de ajuste r\u00e1pido, posici\u00f3n de parada de aguja (arriba \/ abajo), control de largo y ancho de puntada, bot\u00f3n de inicio \/ parada, control de velocidad de deslizamiento y una cubierta suave. Su peso es de 6,5 kg.<br \/>\n<strong>Regalo tabla extensi\u00f3n<\/strong><\/p>\n","protected":false},"featured_media":965,"comment_status":"open","ping_status":"closed","template":"","meta":[],"product_brand":[],"product_cat":[22,83],"product_tag":[],"class_list":{"0":"post-940","1":"product","2":"type-product","3":"status-publish","4":"has-post-thumbnail","6":"product_cat-domesticas","7":"product_cat-brother-domesticas","9":"first","10":"instock","11":"taxable","12":"shipping-taxable","13":"product-type-simple"},"_links":{"self":[{"href":"https:\/\/macozag.com\/index.php?rest_route=\/wp\/v2\/product\/940","targetHints":{"allow":["GET"]}}],"collection":[{"href":"https:\/\/macozag.com\/index.php?rest_route=\/wp\/v2\/product"}],"about":[{"href":"https:\/\/macozag.com\/index.php?rest_route=\/wp\/v2\/types\/product"}],"replies":[{"embeddable":true,"href":"https:\/\/macozag.com\/index.php?rest_route=%2Fwp%2Fv2%2Fcomments&post=940"}],"wp:featuredmedia":[{"embeddable":true,"href":"https:\/\/macozag.com\/index.php?rest_route=\/wp\/v2\/media\/965"}],"wp:attachment":[{"href":"https:\/\/macozag.com\/index.php?rest_route=%2Fwp%2Fv2%2Fmedia&parent=940"}],"wp:term":[{"taxonomy":"product_brand","embeddable":true,"href":"https:\/\/macozag.com\/index.php?rest_route=%2Fwp%2Fv2%2Fproduct_brand&post=940"},{"taxonomy":"product_cat","embeddable":true,"href":"https:\/\/macozag.com\/index.php?rest_route=%2Fwp%2Fv2%2Fproduct_cat&post=940"},{"taxonomy":"product_tag","embeddable":true,"href":"https:\/\/macozag.com\/index.php?rest_route=%2Fwp%2Fv2%2Fproduct_tag&post=940"}],"curies":[{"name":"wp","href":"https:\/\/api.w.org\/{rel}","templated":true}]}}