{"id":939,"date":"2025-03-02T18:56:47","date_gmt":"2025-03-02T18:56:47","guid":{"rendered":"http:\/\/macozag.com\/?post_type=product&#038;p=939"},"modified":"2025-03-02T18:57:01","modified_gmt":"2025-03-02T18:57:01","slug":"brother-a150-electronica","status":"publish","type":"product","link":"https:\/\/macozag.com\/?product=brother-a150-electronica","title":{"rendered":"BROTHER A150 electr\u00f3nica"},"content":{"rendered":"<p>La m\u00e1quina de coser BROTHER A150 es una excelente opci\u00f3n para aquellos que buscan una calidad de costura excepcional y caracter\u00edsticas especiales avanzadas. Con un bot\u00f3n de puntada para toques finales, esta m\u00e1quina de coser permite una mayor versatilidad de puntadas con la capacidad de\u00a0<span id=\"more\">reflejar, repetir o combinar puntadas. Adem\u00e1s, puede previsualizar el resultado en la pantalla LCD antes de coser. Con 150 puntadas, incluyendo 4 opciones de fuente, es f\u00e1cil crear combinaciones de puntadas en la gran pantalla LCD con el teclado electr\u00f3nico f\u00e1cil de usar. Esta m\u00e1quina de coser viene equipada con el avanzado enhebrador de aguja, bot\u00f3n de bloqueo de aguja con una mano para costuras de refuerzo, prensatelas\/alimentaci\u00f3n m\u00e1s grande para un mejor manejo de la tela y una pantalla LCD m\u00e1s grande que muestra informaci\u00f3n adicional sobre los ajustes seleccionados. La funci\u00f3n de posici\u00f3n de parada de aguja de un solo paso permite cambiar f\u00e1cilmente entre levantar\/bajar la aguja. La m\u00e1quina de coser BROTHER A150 tambi\u00e9n cuenta con un cortador de hilo BROTHER A150 que recorta los<a href=\"https:\/\/gunold.es\/\" target=\"_blank\" rel=\"noopener\">\u00a0hilos de manera<\/a>\u00a0ordenada al final de una costura con solo presionar un bot\u00f3n, eliminando el exceso de hilo. Adem\u00e1s, el enhebrado autom\u00e1tico y la colocaci\u00f3n r\u00e1pida de la bobina facilitan la configuraci\u00f3n, mientras que el cortador de hilo y las opciones de puntada vers\u00e1tiles permiten obtener resultados profesionales. Con luces LED, un prensatelas de liberaci\u00f3n r\u00e1pida f\u00e1cil de usar, un\u00a0<a href=\"https:\/\/grupofb.es\/categoria-producto\/consumibles\/consumibles-de-bordado\/\" target=\"_blank\" rel=\"noopener\">brazo libre, bot\u00f3n de inicio\/parada<\/a>, compartimento de accesorios y puntadas de refuerzo y costura inversa autom\u00e1ticas para un acabado fuerte, esta m\u00e1quina de coser es una excelente opci\u00f3n para aquellos que buscan una m\u00e1quina de coser avanzada para sus proyectos de costura. Con ojales autom\u00e1ticos, alimentador de 7 puntos y ajuste de tensi\u00f3n del hilo superior, BROTHER A150 puede manejar incluso las telas m\u00e1s gruesas con facilidad. La m\u00e1quina de coser BROTHER A150 ofrece \u00abExcelente calidad de costura con un bot\u00f3n de puntada para toques finales\u00bb. Las caracter\u00edsticas especiales incluyen el cortador de hilo A150 que recorta los hilos de manera ordenada al final de una costura con solo presionar un bot\u00f3n, eliminando el exceso de hilo. Disfrute de una mayor versatilidad de puntadas con la capacidad de reflejar, repetir o combinar puntadas y previsualice el resultado en la pantalla LCD antes de coser. Elija entre 150 puntadas, incluyendo 4 opciones de fuente y cree f\u00e1cilmente combinaciones de puntadas en la gran pantalla LCD con el teclado electr\u00f3nico f\u00e1cil de usar. 150 puntadas. *Incluye m\u00e1s puntadas que el modelo A80<br \/>\n10 Ojales autom\u00e1ticos.<br \/>\n4 tipos de fuentes de abecedario: Crea monogramas y etiquetas que parecen profesionales. *Incluye m\u00e1s puntadas que el modelo A80<br \/>\nAncho de puntada regulable hasta 7 mm.<br \/>\nLongitud de puntada regulable hasta 5 mm.<br \/>\nEnhebrador Autom\u00e1tico de Aguja.<br \/>\nBrazo libre: Ide\u00e1l para la costura de tubulares en BROTHER A150<br \/>\nBot\u00f3n de Regulador de velocidad.<br \/>\nDoble Altura Prensatelas.<br \/>\nBobina de ajuste r\u00e1pido: Colocaci\u00f3n r\u00e1pida de la canilla.<br \/>\nBot\u00f3n doble aguja: Pulse este bot\u00f3n para utilizar aguja gemela.<br \/>\nAjuste de la posici\u00f3n de parada de la aguja (arriba o abajo)<br \/>\nBot\u00f3n de remate de puntada o puntada inversa.<br \/>\nControl de largo y ancho de puntada.<br \/>\nBot\u00f3n de inicio \/ parada (start \/ stop para coser sin pedal): La simple palanca permite de regular la modalidad e costura desde suave hasta veloz.<br \/>\nArrastre a 7 dientes: Un mayor n\u00famero de dientes de arrastre asegura un transporte fluido y una calidad superior de la puntada. Para costuras perfectas en cualquier grosor, desde seda hasta vaqueros.<br \/>\nGrande pantalla t\u00e1ctil LCD: Divi\u00e9rtete a crear combinaciones de puntadas en la grande pantalla<br \/>\nLCD utilizando de manera sencilla el panel t\u00e1ctil. *Diferencia con el modelo A80 (Pantalla T\u00e1ctil)<br \/>\nControles simples e intuit\u00edvos: Pr\u00e1cticos controles centrales para hacer la costura m\u00e1s f\u00e1cil. La rueda de selecci\u00f3n de las puntadas y la pantalla t\u00e1ctil permite el control directo de las funciones. *Diferencia con el modelo A80 (Pantalla T\u00e1ctil)<br \/>\nPr\u00e9nsatela a desenganche r\u00e1pido: Cambio de pr\u00e9nsatelas r\u00e1pido y simple.<br \/>\nCanillero Horizontal.<br \/>\nBot\u00f3n Cortah\u00edlos Autom\u00e1tico: El hilo se corta perfectamente al final de la costura gracias al pr\u00e1ctico bot\u00f3n. Nunca tendr\u00e1s que cortar el hilo con las tijeras! *Diferencia con el modelo A80<br \/>\nLuces LED en BROTHER A150<br \/>\nLa rueda de selecci\u00f3n de las puntadas \u201cjog dial\u201d simplifica y acelera la elecci\u00f3n de la puntada.<br \/>\nRegulaci\u00f3n de la tensi\u00f3n superior del hilo.<br \/>\nBot\u00f3n para Subir \/ Bajar los Dientes de arrastre: una funci\u00f3n perfecta para el acolchado o el bordado libre.<br \/>\nEste modelo incluye Funda R\u00edgida.<br \/>\nPeso: 6,5 kg para BROTHER A150 \u00a0\u00a0<img loading=\"lazy\" decoding=\"async\" class=\"alignnone wp-image-73555 size-thumbnail\" title=\"BROTHER A150\" src=\"https:\/\/grupofb.es\/wp-content\/uploads\/2021\/08\/innov-is-a150-BROTHER-GRUPO-FB-4-150x150.jpg\" alt=\"BROTHER A150\" width=\"150\" height=\"150\" \/>\u00a0<img loading=\"lazy\" decoding=\"async\" class=\"alignnone wp-image-73556 size-thumbnail\" title=\"BROTHER A150\" src=\"https:\/\/grupofb.es\/wp-content\/uploads\/2021\/08\/innov-is-a150-BROTHER-GRUPO-FB-3-150x150.jpg\" alt=\"BROTHER A150\" width=\"150\" height=\"150\" \/>\u00a0<img loading=\"lazy\" decoding=\"async\" class=\"alignnone wp-image-73554 size-thumbnail\" title=\"BROTHER A150\" src=\"https:\/\/grupofb.es\/wp-content\/uploads\/2021\/08\/innov-is-a150-BROTHER-GRUPO-FB-2-150x150.png\" alt=\"BROTHER A150\" width=\"150\" height=\"150\" \/><\/span><\/p>\n<h3>F\u00e1cil de manejar BROTHER A150<\/h3>\n<p>Todas las m\u00e1quinas de la serie A de Brother vienen equipadas con el avanzado enhebrador de aguja, bot\u00f3n de bloqueo de aguja con una mano para costuras de refuerzo, prensatelas\/alimentaci\u00f3n m\u00e1s grande para un mejor manejo de la tela y una pantalla LCD m\u00e1s grande que muestra informaci\u00f3n adicional sobre los ajustes seleccionados. La funci\u00f3n de posici\u00f3n de parada de aguja de un solo paso permite cambiar f\u00e1cilmente entre levantar\/bajar la aguja. Una barra de aguja fija mejora la penetraci\u00f3n de la aguja en telas m\u00e1s pesadas, y las puntadas de ojal preestablecidas son ahora m\u00e1s anchas y cortas para un acabado a\u00fan mejor. El enhebrado autom\u00e1tico de la m\u00e1quina de coser BROTHER A150 y la colocaci\u00f3n r\u00e1pida de la bobina facilitan la configuraci\u00f3n, mientras que el cortador de hilo y las opciones de puntada vers\u00e1tiles permiten obtener resultados profesionales. Controle la velocidad con una palanca y reciba notificaciones de error en la pantalla LCD. BROTHER A150 tambi\u00e9n incluye luces LED, un prensatelas de liberaci\u00f3n r\u00e1pida f\u00e1cil de usar, un brazo libre, bot\u00f3n de inicio\/parada, compartimento de accesorios y puntadas de refuerzo y costura inversa autom\u00e1ticas para un acabado fuerte. BROTHER A150 con ojales autom\u00e1ticos, alimentador de 7 puntos y ajuste de tensi\u00f3n del hilo superior, el A150 puede manejar incluso las telas m\u00e1s gruesas con facilidad.<\/p>\n","protected":false},"excerpt":{"rendered":"<p>La A150 es una m\u00e1quina de coser electr\u00f3nica que cuenta con 150 puntadas diferentes, incluyendo 10 tipos de ojales y 4 fuentes. Adem\u00e1s, cuenta con una pantalla t\u00e1ctil y un avanzado sistema de enhebrado de aguja en un solo movimiento. Tambi\u00e9n dispone de un bot\u00f3n para rematar la puntada, una colocaci\u00f3n r\u00e1pida de canilla y un bot\u00f3n para ajustar la posici\u00f3n de la aguja (arriba\/abajo). Se puede ajustar el largo y ancho de la puntada, y cuenta con un bot\u00f3n start\/stop y una palanca para regular la velocidad. La m\u00e1quina tambi\u00e9n cuenta con un corta hilo autom\u00e1tico y la opci\u00f3n de combinar puntadas. Se presenta en una maleta r\u00edgida y tiene un peso de 6,5 kg.<\/p>\n","protected":false},"featured_media":964,"comment_status":"open","ping_status":"closed","template":"","meta":[],"product_brand":[],"product_cat":[22,83],"product_tag":[],"class_list":{"0":"post-939","1":"product","2":"type-product","3":"status-publish","4":"has-post-thumbnail","6":"product_cat-domesticas","7":"product_cat-brother-domesticas","9":"first","10":"instock","11":"taxable","12":"shipping-taxable","13":"product-type-simple"},"_links":{"self":[{"href":"https:\/\/macozag.com\/index.php?rest_route=\/wp\/v2\/product\/939","targetHints":{"allow":["GET"]}}],"collection":[{"href":"https:\/\/macozag.com\/index.php?rest_route=\/wp\/v2\/product"}],"about":[{"href":"https:\/\/macozag.com\/index.php?rest_route=\/wp\/v2\/types\/product"}],"replies":[{"embeddable":true,"href":"https:\/\/macozag.com\/index.php?rest_route=%2Fwp%2Fv2%2Fcomments&post=939"}],"wp:featuredmedia":[{"embeddable":true,"href":"https:\/\/macozag.com\/index.php?rest_route=\/wp\/v2\/media\/964"}],"wp:attachment":[{"href":"https:\/\/macozag.com\/index.php?rest_route=%2Fwp%2Fv2%2Fmedia&parent=939"}],"wp:term":[{"taxonomy":"product_brand","embeddable":true,"href":"https:\/\/macozag.com\/index.php?rest_route=%2Fwp%2Fv2%2Fproduct_brand&post=939"},{"taxonomy":"product_cat","embeddable":true,"href":"https:\/\/macozag.com\/index.php?rest_route=%2Fwp%2Fv2%2Fproduct_cat&post=939"},{"taxonomy":"product_tag","embeddable":true,"href":"https:\/\/macozag.com\/index.php?rest_route=%2Fwp%2Fv2%2Fproduct_tag&post=939"}],"curies":[{"name":"wp","href":"https:\/\/api.w.org\/{rel}","templated":true}]}}