{"id":938,"date":"2025-03-02T18:56:46","date_gmt":"2025-03-02T18:56:46","guid":{"rendered":"http:\/\/macozag.com\/?post_type=product&#038;p=938"},"modified":"2025-03-02T18:57:01","modified_gmt":"2025-03-02T18:57:01","slug":"brother-fs70w","status":"publish","type":"product","link":"https:\/\/macozag.com\/?product=brother-fs70w","title":{"rendered":"BROTHER FS70W"},"content":{"rendered":"<p>Adem\u00e1s de su funcionalidad y facilidad de uso, la m\u00e1quina de coser electr\u00f3nica BROTHER FS70W tiene una construcci\u00f3n robusta y duradera que garantiza su uso a largo plazo. Su estructura interna est\u00e1 hecha de metal resistente y su dise\u00f1o ergon\u00f3mico asegura una postura\u00a0<span id=\"dots\">\u2026<\/span><\/p>\n<h3>La m\u00e1quina de coser electr\u00f3nica BROTHER FS70W es una herramienta de costura impresionante<\/h3>\n<p>La m\u00e1quina de coser electr\u00f3nica BROTHER FS70W es resistente y de alta calidad, pero tambi\u00e9n f\u00e1cil de usar. Viene equipada con una pantalla LCD y una luz LED, con una anchura m\u00e1xima de 7mm y longitud y anchura ajustables. El carrete superior permite ver f\u00e1cilmente el hilo restante y hay 70 puntadas diferentes disponibles con varios dise\u00f1os para adaptarse a diferentes tipos de tela. El bot\u00f3n de inicio\/parada permite coser sin pedal y la velocidad se puede ajustar para satisfacer el nivel de habilidad y las necesidades del usuario. La pantalla incorporada muestra las puntadas seleccionadas y los cambios que se est\u00e1n haciendo, mientras que la aguja se puede posicionar seg\u00fan las preferencias del usuario para una costura precisa. El enhebrador autom\u00e1tico ahorra tiempo y facilita la costura tanto para principiantes como para entusiastas. La m\u00e1quina tambi\u00e9n incluye cinco ojales autom\u00e1ticos, un bot\u00f3n de retroceso y una mesa de extensi\u00f3n para mayor comodidad. Tambi\u00e9n se incluye una cubierta protectora.<\/p>\n","protected":false},"excerpt":{"rendered":"<p>La pantalla LCD y la luz LED tienen un ancho m\u00e1ximo de 7mm. El largo y ancho son ajustables. Hay una canilla superior para ver la cantidad de hilo restante. Se incluyen videotutoriales de uso, 70 dibujos y una funda de protecci\u00f3n. El enhebrador de aguja es autom\u00e1tico y hay un brazo libre y un bot\u00f3n de retroceso. Cinco ojales autom\u00e1ticos se pueden hacer al mismo tiempo. Tambi\u00e9n hay un regulador de velocidad y un posicionador de aguja arriba-abajo. Se incluye un bot\u00f3n de inicio y parada.<br \/>\n<strong>Incluye una mesa extensible<\/strong><\/p>\n","protected":false},"featured_media":963,"comment_status":"open","ping_status":"closed","template":"","meta":[],"product_brand":[],"product_cat":[22,83],"product_tag":[],"class_list":{"0":"post-938","1":"product","2":"type-product","3":"status-publish","4":"has-post-thumbnail","6":"product_cat-domesticas","7":"product_cat-brother-domesticas","9":"first","10":"instock","11":"taxable","12":"shipping-taxable","13":"product-type-simple"},"_links":{"self":[{"href":"https:\/\/macozag.com\/index.php?rest_route=\/wp\/v2\/product\/938","targetHints":{"allow":["GET"]}}],"collection":[{"href":"https:\/\/macozag.com\/index.php?rest_route=\/wp\/v2\/product"}],"about":[{"href":"https:\/\/macozag.com\/index.php?rest_route=\/wp\/v2\/types\/product"}],"replies":[{"embeddable":true,"href":"https:\/\/macozag.com\/index.php?rest_route=%2Fwp%2Fv2%2Fcomments&post=938"}],"wp:featuredmedia":[{"embeddable":true,"href":"https:\/\/macozag.com\/index.php?rest_route=\/wp\/v2\/media\/963"}],"wp:attachment":[{"href":"https:\/\/macozag.com\/index.php?rest_route=%2Fwp%2Fv2%2Fmedia&parent=938"}],"wp:term":[{"taxonomy":"product_brand","embeddable":true,"href":"https:\/\/macozag.com\/index.php?rest_route=%2Fwp%2Fv2%2Fproduct_brand&post=938"},{"taxonomy":"product_cat","embeddable":true,"href":"https:\/\/macozag.com\/index.php?rest_route=%2Fwp%2Fv2%2Fproduct_cat&post=938"},{"taxonomy":"product_tag","embeddable":true,"href":"https:\/\/macozag.com\/index.php?rest_route=%2Fwp%2Fv2%2Fproduct_tag&post=938"}],"curies":[{"name":"wp","href":"https:\/\/api.w.org\/{rel}","templated":true}]}}