{"id":935,"date":"2025-03-02T18:56:46","date_gmt":"2025-03-02T18:56:46","guid":{"rendered":"http:\/\/macozag.com\/?post_type=product&#038;p=935"},"modified":"2025-03-02T18:56:58","modified_gmt":"2025-03-02T18:56:58","slug":"brother-a80","status":"publish","type":"product","link":"https:\/\/macozag.com\/?product=brother-a80","title":{"rendered":"BROTHER A80"},"content":{"rendered":"<p>80 puntadas para BROTHER A80 *Incluye m\u00e1s puntadas que el modelo A50<br \/>\n8 Ojales autom\u00e1ticos.<br \/>\nAncho de puntada regulable hasta 7mm.<br \/>\nLongitud de puntada regulable hasta 4mm.<br \/>\nEnhebrador Autom\u00e1tico de Aguja.<br \/>\nBrazo libre: Ide\u00e1l para la costura de tubulares.<br \/>\nBot\u00f3n de Regulador de velocidad.<br \/>\nDoble Altura Prensatelas.<br \/>\nBobina de ajuste r\u00e1pido: Colocaci\u00f3n r\u00e1pida de la canilla para BROTHER A80<br \/>\nBot\u00f3n doble aguja: Pulse este bot\u00f3n para utilizar aguja gemela.<br \/>\nAjuste de la posici\u00f3n de parada de la aguja (arriba o abajo)<br \/>\nBot\u00f3n de remate de puntada o puntada inversa.<br \/>\nControl de largo y ancho de puntada.<br \/>\nBot\u00f3n de inicio \/ parada (start \/ stop para coser sin pedal): La simple palanca permite de regular la modalidad e costura desde suave hasta veloz.<br \/>\nArrastre a 7 dientes: Un mayor n\u00famero de dientes de arrastre asegura un transporte fluido y una calidad superior de la puntada. Para costuras perfectas en cualquier grosor, desde seda hasta vaqueros.<br \/>\nEn\u00a0<strong>BROTHER A80\u00a0<\/strong>Pantalla LCD (Tama\u00f1o 2,61\u201d): aparecen las informaciones importantes para la puntada que has elegido, como largura, anchura y tipo de pr\u00e9nsatelas requerido.<br \/>\nControles simples e intuitivos: Pr\u00e1cticos controles centrales para hacer la costura m\u00e1s f\u00e1cil. La rueda de selecci\u00f3n de las puntadas y la pantalla permite el control directo de las funciones.<br \/>\nPrensatela a desenganche r\u00e1pido: Cambio de pr\u00e9nsatelas r\u00e1pido y simple.<br \/>\nCanillero Horizontal.<br \/>\nLuces LED en BROTHER A80<br \/>\nLa rueda de selecci\u00f3n de las puntadas \u201cjog dial\u201d simplifica y acelera la elecci\u00f3n de la puntada.<br \/>\nRegulaci\u00f3n de la tensi\u00f3n superi\u00f3r del hilo.<br \/>\nBot\u00f3n para Subir \/ Bajar los Dientes de arrastre: una funci\u00f3n perfecta para el acolchado o el bordado libre.<br \/>\nEste modelo Incluye Funda R\u00edgida. *Diferencia con el modelo A50<br \/>\nPeso: 6,5 kg<\/p>\n","protected":false},"excerpt":{"rendered":"<div class=\"woocommerce-product-details__short-description\">\n<p>La A80 es una nueva m\u00e1quina de coser electr\u00f3nica que cuenta con 80 puntadas, incluyendo 8 puntadas para ojales. Tambi\u00e9n cuenta con un enhebrador de aguja avanzado, un bot\u00f3n de bloqueo de punto, un ajuste r\u00e1pido de la bobina y una funci\u00f3n de detenci\u00f3n de la aguja (arriba\/abajo). Adem\u00e1s, ofrece control de largo y ancho de puntada, un bot\u00f3n de inicio\/parada, control de velocidad de deslizamiento, ajuste de aguja doble y un estuche duro<\/p>\n<\/div>\n","protected":false},"featured_media":960,"comment_status":"open","ping_status":"closed","template":"","meta":[],"product_brand":[],"product_cat":[83,22],"product_tag":[],"class_list":{"0":"post-935","1":"product","2":"type-product","3":"status-publish","4":"has-post-thumbnail","6":"product_cat-brother-domesticas","7":"product_cat-domesticas","9":"first","10":"instock","11":"taxable","12":"shipping-taxable","13":"product-type-simple"},"_links":{"self":[{"href":"https:\/\/macozag.com\/index.php?rest_route=\/wp\/v2\/product\/935","targetHints":{"allow":["GET"]}}],"collection":[{"href":"https:\/\/macozag.com\/index.php?rest_route=\/wp\/v2\/product"}],"about":[{"href":"https:\/\/macozag.com\/index.php?rest_route=\/wp\/v2\/types\/product"}],"replies":[{"embeddable":true,"href":"https:\/\/macozag.com\/index.php?rest_route=%2Fwp%2Fv2%2Fcomments&post=935"}],"wp:featuredmedia":[{"embeddable":true,"href":"https:\/\/macozag.com\/index.php?rest_route=\/wp\/v2\/media\/960"}],"wp:attachment":[{"href":"https:\/\/macozag.com\/index.php?rest_route=%2Fwp%2Fv2%2Fmedia&parent=935"}],"wp:term":[{"taxonomy":"product_brand","embeddable":true,"href":"https:\/\/macozag.com\/index.php?rest_route=%2Fwp%2Fv2%2Fproduct_brand&post=935"},{"taxonomy":"product_cat","embeddable":true,"href":"https:\/\/macozag.com\/index.php?rest_route=%2Fwp%2Fv2%2Fproduct_cat&post=935"},{"taxonomy":"product_tag","embeddable":true,"href":"https:\/\/macozag.com\/index.php?rest_route=%2Fwp%2Fv2%2Fproduct_tag&post=935"}],"curies":[{"name":"wp","href":"https:\/\/api.w.org\/{rel}","templated":true}]}}