{"id":932,"date":"2025-03-02T18:56:45","date_gmt":"2025-03-02T18:56:45","guid":{"rendered":"http:\/\/macozag.com\/?post_type=product&#038;p=932"},"modified":"2025-03-02T18:56:54","modified_gmt":"2025-03-02T18:56:54","slug":"brother-cv3440","status":"publish","type":"product","link":"https:\/\/macozag.com\/?product=brother-cv3440","title":{"rendered":"BROTHER CV3440"},"content":{"rendered":"<p>Recubridora dom\u00e9stica.\u00a0La puntada de cubierta a doble cara Brother CV3440, le permite crear una amplia gama de puntadas de cubierta, en todos los tipos y grosores de tela para aplicaciones decorativas y constructivas.\u00a0Cuenta con diferentes tipos de puntadas.<\/p>\n<p>Como exclusividad, recubre a dos caras.<\/p>\n<p>Las m\u00e1quina de puntadas de cubierta Brother CV3440 ofrece la funcionalidad\u00a0Coverhem\u00a0para un acabado sofisticado y de alta calidad.\u00a0Ya sea que use una de las puntadas de cosido de la cubierta o la puntada de la cadena, encontrar\u00e1s estas m\u00e1quinas f\u00e1ciles de usar. Hacen que doblar y coser telas, y prendas sea muy f\u00e1cil.<\/p>\n<p>ESPACIO DE TRABAJO EXTRA GRANDE DE 155MM \u00a0Ya sea que doble o agregue puntadas decorativas a la ropa deportiva, trabaje c\u00f3modamente en sus proyectos con el espacio considerable a la derecha de la aguja.<\/p>\n<p>LIBERACI\u00d3N DE TENSI\u00d3N DE UN TOQUE\u00a0Simplemente levante la palanca del pie prensatela para liberar todas las tensiones de hilo para facilitar la extracci\u00f3n de la tela.\u00a0 Las tensiones permanecen abiertas hasta que vuelva a bajar el pie prensatela<\/p>\n<p>Costura de\u00a0CADENA\u00a0Esta m\u00e1quina de puntada de tapa tiene la capacidad, para hacer una puntada de cadena de 1 aguja, 2 hilos.<\/p>\n<p>BRAZO LIBRE\u00a0Hemos agregado un brazo libre para hacer a\u00fan m\u00e1s f\u00e1cil coser escotes, dobladillos y pu\u00f1os<\/p>\n<p>LUZ LED fr\u00eda y brillante ubicada cerca de la aguja tambi\u00e9n es un ahorro de energ\u00eda.<\/p>\n<p>CORTADOR DE HILO\u00a0Disfrute de la cortadora de hilo incorporada para su comodidad de costura y mayor eficiencia.<\/p>\n<p>M\u00c1QUINAS F\u00c1CILES DE TRANSPORTAR\u00a0Ligeras y compactas, ambas m\u00e1quinas est\u00e1n equipadas con pr\u00e1cticos asas de transporte, por lo que puede llevarlas donde sea necesario.<\/p>\n<p>CONTROLES DE F\u00c1CIL\u00a0ACCESO. F\u00e1cil a la palanca del pie prensatela, el dial de ajuste de la longitud de puntada, el dial de alimentaci\u00f3n diferencial y el volante ubicado en el lado derecho.<\/p>\n<p>FAST AND EASY COVER SPREADER THREADING\u00a0Usted disfrutar\u00e1 de un enhebrado r\u00e1pido y f\u00e1cil del spreader de cubierTa para una puntada de doble cara en el CV3440.<\/p>\n<p>OPCIONAL ATTACHMENT READY\u00a0Viene completo con los orificios de montaje para utilizar los muchos accesorios que Brother y sus competencia tienen disponibles.<\/p>\n<p>ROSCADO CODIFICADO POR COLOR\u00a0Siga una l\u00ednea de color por cada carrete de hilo, como una gu\u00eda para enhebrar f\u00e1cilmente, incluso con?\u00a05 carretes en el CV3440.<\/p>\n<p>ANTENA\u00a0de rosca de metal La base de rosca de metal agrega resistencia, y una vez roscada, ayuda a enderezar los hilos para evitar que se enreden.<\/p>\n<p>PRENSATELAS DE PRESI\u00d3N NEUM\u00c1TICA.\u00a0Ajustar f\u00e1cilmente la presi\u00f3n del pie prensatelas con el dial en la parte superior de la m\u00e1quina, por encima de la aguja.<\/p>\n<p>AGUJAS VERTICALES.\u00a0Las agujas verticales aumentan la penetraci\u00f3n de la aguja a la vez que disminuyen el riesgo de que las agujas hagan da\u00f1o a la tela.<\/p>\n<p>&nbsp;<\/p>\n<p><strong>Puntadas:<\/strong><\/p>\n<ul>\n<li>Puntada de triple cubierta: Puntada de cubierta reforzada con tres agujas y cuatro hilos.\u00a0Perfecto para dobladillar, efectos decorativos, costuras el\u00e1sticas y duraderas para ropa deportiva.<\/li>\n<li>Puntada de tapa ancha: Puntada de dos hilos con tres hilos.Ideal para dobladillar, pespunte y efectos decorativos en camisetas y tejidos de punto.<\/li>\n<li>Puntada de tapa estrecha: Puntada de dos hilos con tres hilos.\u00d3ptimo para dobladillar en telas finas, cinta adhesiva y pespuntes.<\/li>\n<li>Cadeneta: Puntada de dos hilos con tres hilos.\u00d3ptimo para dobladillar en telas finas, cinta adhesiva y pespuntes.<\/li>\n<\/ul>\n","protected":false},"excerpt":{"rendered":"<p>La\u00a0<strong>recubridora<\/strong>\u00a0<strong>Brother CV-3440,\u00a0<\/strong>tambien llamada<strong>\u00a0Coverlock,<\/strong>\u00a0le permite crear una amplia gama de puntadas de cubierta en muchos tipos y grosores de tela, para aplicaciones decorativas.<\/p>\n<p>Cuenta con recubierto triple, recubierto de dos agujas ancho y estrecho as\u00ed como puntada de cadeneta.<\/p>\n","protected":false},"featured_media":957,"comment_status":"open","ping_status":"closed","template":"","meta":[],"product_brand":[],"product_cat":[22,83],"product_tag":[],"class_list":{"0":"post-932","1":"product","2":"type-product","3":"status-publish","4":"has-post-thumbnail","6":"product_cat-domesticas","7":"product_cat-brother-domesticas","9":"first","10":"instock","11":"taxable","12":"shipping-taxable","13":"product-type-simple"},"_links":{"self":[{"href":"https:\/\/macozag.com\/index.php?rest_route=\/wp\/v2\/product\/932","targetHints":{"allow":["GET"]}}],"collection":[{"href":"https:\/\/macozag.com\/index.php?rest_route=\/wp\/v2\/product"}],"about":[{"href":"https:\/\/macozag.com\/index.php?rest_route=\/wp\/v2\/types\/product"}],"replies":[{"embeddable":true,"href":"https:\/\/macozag.com\/index.php?rest_route=%2Fwp%2Fv2%2Fcomments&post=932"}],"wp:featuredmedia":[{"embeddable":true,"href":"https:\/\/macozag.com\/index.php?rest_route=\/wp\/v2\/media\/957"}],"wp:attachment":[{"href":"https:\/\/macozag.com\/index.php?rest_route=%2Fwp%2Fv2%2Fmedia&parent=932"}],"wp:term":[{"taxonomy":"product_brand","embeddable":true,"href":"https:\/\/macozag.com\/index.php?rest_route=%2Fwp%2Fv2%2Fproduct_brand&post=932"},{"taxonomy":"product_cat","embeddable":true,"href":"https:\/\/macozag.com\/index.php?rest_route=%2Fwp%2Fv2%2Fproduct_cat&post=932"},{"taxonomy":"product_tag","embeddable":true,"href":"https:\/\/macozag.com\/index.php?rest_route=%2Fwp%2Fv2%2Fproduct_tag&post=932"}],"curies":[{"name":"wp","href":"https:\/\/api.w.org\/{rel}","templated":true}]}}