{"id":931,"date":"2025-03-02T18:56:45","date_gmt":"2025-03-02T18:56:45","guid":{"rendered":"http:\/\/macozag.com\/?post_type=product&#038;p=931"},"modified":"2025-03-02T18:56:53","modified_gmt":"2025-03-02T18:56:53","slug":"brother-cv3550-recubridora","status":"publish","type":"product","link":"https:\/\/macozag.com\/?product=brother-cv3550-recubridora","title":{"rendered":"Brother CV3550 Recubridora"},"content":{"rendered":"<div id=\"ctl00_ContentPlaceHolder1_LongDescription\" class=\"NoColor__73\">\n<p>La\u00a0<strong>Brother CV3550<\/strong>\u00a0es una\u00a0<strong>m\u00e1quina recubridora de doble cara<\/strong>\u00a0que te permite realizar una amplia variedad de\u00a0<strong>puntadas decorativas y constructivas<\/strong>\u00a0en todo tipo de telas. Ideal para crear\u00a0<strong>puntadas de cobertura anchas, angostas, tricapa y de cadena<\/strong>, esta m\u00e1quina te ofrece la versatilidad de un\u00a0<strong>acabado profesional<\/strong>. Su\u00a0<strong>enhebrado r\u00e1pido<\/strong>\u00a0y sencillo gracias al sistema codificado por colores, y la facilidad de ajuste de la\u00a0<strong>longitud de puntada<\/strong>\u00a0y el\u00a0<strong>diferencial de alimentaci\u00f3n<\/strong>\u00a0con diales de f\u00e1cil acceso, garantizan un manejo eficiente.<\/p>\n<p>Adem\u00e1s, la\u00a0<strong>Brother CV3550<\/strong>\u00a0incluye caracter\u00edsticas como un\u00a0<strong>brazo libre<\/strong>\u00a0para coser mangas y pu\u00f1os, una\u00a0<strong>luz LED brillante<\/strong>, y un\u00a0<strong>cortador de hilo<\/strong>\u00a0que mejora la comodidad y rapidez en los proyectos. Con su\u00a0<strong>gran espacio de trabajo<\/strong>\u00a0y la\u00a0<strong>capacidad para costuras de doble cara<\/strong>, esta m\u00e1quina es perfecta para quienes buscan\u00a0<strong>resultados profesionales<\/strong>\u00a0en sus proyectos de costura.<\/p>\n<\/div>\n<div class=\"NoColor__73\">\n<h2><img loading=\"lazy\" decoding=\"async\" src=\"https:\/\/cdn.shopify.com\/s\/files\/1\/0796\/8758\/2020\/files\/FOOTER.jpg?v=1714660801\" alt=\"\" width=\"834\" height=\"44\" \/><\/h2>\n<h3>CARACTER\u00cdSTICAS BROTHER CV3550<\/h3>\n<\/div>\n<div id=\"ctl00_ContentPlaceHolder1_hadmainOVFeatureText\" class=\"hadmainOVFeatureText\">\n<div id=\"ctl00_ContentPlaceHolder1_divFeatureText\" class=\"NoColor__73\">\n<ul>\n<li><strong>N\u00famero de hilos:<\/strong>\u00a02, 3 o 4 hilos<\/li>\n<li><strong>Tipo de puntadas:<\/strong>\u00a0Puntadas de cobertura (ancho de 3 a 6 mm) y puntada de cadeneta<\/li>\n<li><strong>Permite trabajar con telas el\u00e1sticas:<\/strong>\u00a0S\u00ed<\/li>\n<li><strong>Puntadas por minuto:<\/strong>\u00a01,000 ppm<\/li>\n<li><strong>Potencia de motor:<\/strong>\u00a090W<\/li>\n<li><strong>Gu\u00eda de enhebrado:<\/strong>\u00a0Codificada por colores y de f\u00e1cil enhebrado<\/li>\n<li><strong>Anulaci\u00f3n de cuchilla:<\/strong>\u00a0No disponible (m\u00e1quina recubridora sin cuchilla)<\/li>\n<li><strong>Anchura de puntada:<\/strong>\u00a0De 3 a 6 mm<\/li>\n<li><strong>Longitud de puntada:<\/strong>\u00a0Ajustable de 2 a 4 mm<\/li>\n<li><strong>Garant\u00eda:<\/strong>\u00a03 a\u00f1os<\/li>\n<\/ul>\n<h2><img loading=\"lazy\" decoding=\"async\" src=\"https:\/\/cdn.shopify.com\/s\/files\/1\/0796\/8758\/2020\/files\/FOOTER.jpg?v=1714660801\" alt=\"\" width=\"834\" height=\"44\" \/><\/h2>\n<h3>ACCESORIOS INCLUIDOS<\/h3>\n<p><img loading=\"lazy\" decoding=\"async\" src=\"https:\/\/lacanilla17.pre-testing.com\/img\/cms\/ACCESORIOS%20CV3550.jpg\" alt=\"\" width=\"514\" height=\"424\" \/><\/p>\n<h2><img loading=\"lazy\" decoding=\"async\" src=\"https:\/\/cdn.shopify.com\/s\/files\/1\/0796\/8758\/2020\/files\/FOOTER.jpg?v=1714660801\" alt=\"\" width=\"834\" height=\"44\" \/><\/h2>\n<h3>PUNTADAS BROTHER CV3550<\/h3>\n<p>Doble cara Tri-tapa (6 mm)<\/p>\n<p>Doble cara Cubierta ancha (6 mm)<\/p>\n<p>Doble cara Puntada estrecha (3 mm)<\/p>\n<p>Tri-tapa (6 mm)<\/p>\n<p>Cubierta ancha (6 mm)<\/p>\n<p>Estrecha (3 mm)<\/p>\n<\/div>\n<\/div>\n<p>&nbsp;<\/p>\n","protected":false},"excerpt":{"rendered":"<p>Esta m\u00e1quina de coser Brother CV3550 ofrece una amplia gama de caracter\u00edsticas tanto para costureros experimentados como para principiantes, incluyendo un cortador autom\u00e1tico de hilo y una amplia gama de patrones de costura.<\/p>\n","protected":false},"featured_media":956,"comment_status":"open","ping_status":"closed","template":"","meta":[],"product_brand":[],"product_cat":[22,83],"product_tag":[],"class_list":{"0":"post-931","1":"product","2":"type-product","3":"status-publish","4":"has-post-thumbnail","6":"product_cat-domesticas","7":"product_cat-brother-domesticas","9":"first","10":"instock","11":"taxable","12":"shipping-taxable","13":"product-type-simple"},"_links":{"self":[{"href":"https:\/\/macozag.com\/index.php?rest_route=\/wp\/v2\/product\/931","targetHints":{"allow":["GET"]}}],"collection":[{"href":"https:\/\/macozag.com\/index.php?rest_route=\/wp\/v2\/product"}],"about":[{"href":"https:\/\/macozag.com\/index.php?rest_route=\/wp\/v2\/types\/product"}],"replies":[{"embeddable":true,"href":"https:\/\/macozag.com\/index.php?rest_route=%2Fwp%2Fv2%2Fcomments&post=931"}],"wp:featuredmedia":[{"embeddable":true,"href":"https:\/\/macozag.com\/index.php?rest_route=\/wp\/v2\/media\/956"}],"wp:attachment":[{"href":"https:\/\/macozag.com\/index.php?rest_route=%2Fwp%2Fv2%2Fmedia&parent=931"}],"wp:term":[{"taxonomy":"product_brand","embeddable":true,"href":"https:\/\/macozag.com\/index.php?rest_route=%2Fwp%2Fv2%2Fproduct_brand&post=931"},{"taxonomy":"product_cat","embeddable":true,"href":"https:\/\/macozag.com\/index.php?rest_route=%2Fwp%2Fv2%2Fproduct_cat&post=931"},{"taxonomy":"product_tag","embeddable":true,"href":"https:\/\/macozag.com\/index.php?rest_route=%2Fwp%2Fv2%2Fproduct_tag&post=931"}],"curies":[{"name":"wp","href":"https:\/\/api.w.org\/{rel}","templated":true}]}}