{"id":928,"date":"2025-03-02T18:56:44","date_gmt":"2025-03-02T18:56:44","guid":{"rendered":"http:\/\/macozag.com\/?post_type=product&#038;p=928"},"modified":"2025-03-02T18:56:51","modified_gmt":"2025-03-02T18:56:51","slug":"remalladora-brother-airflow-3000","status":"publish","type":"product","link":"https:\/\/macozag.com\/?product=remalladora-brother-airflow-3000","title":{"rendered":"Remalladora BROTHER AIRFLOW 3000"},"content":{"rendered":"<p>La remalladora Brother Airflow 3000 es la soluci\u00f3n perfecta para aquellos que buscan trabajar con telas desafiantes de manera f\u00e1cil y r\u00e1pida. Con su sistema de enhebrado de aire electr\u00f3nico, enhebrador de aguja avanzado, palancas de liberaci\u00f3n r\u00e1pida y velocidades de puntada de hasta 1300 ppm,\u00a0<span id=\"more\">esta remalladora es ideal para obtener los mejores acabados en tejidos de punto, materiales el\u00e1sticos, telas transparentes e incluso Lycra. Con su elecci\u00f3n de puntada, que incluye overlock de 4 hilos, overlock de 3 hilos estrecho, overlock de 3 hilos ancho, cierre plano de 2 hilos, cierre plano de 3 hilos, alforza, dobladillo invisible, dobladillo enrollado, dobladillo estrecho y borde de lechuga, la remalladora Brother Airflow 3000 ofrece una calidad de puntada excepcional. Adem\u00e1s, su transporte diferencial, con una relaci\u00f3n de transporte diferencial de 0,7 a 2 mm, asegura un acabado de puntada perfecto en cualquier tipo de tejido. La remalladora Brother Airflow 3000 tambi\u00e9n cuenta con un dobladillo enrollado instant\u00e1neo, perfecto para telas ligeras y transparentes, y evita obstrucciones gracias a su tecnolog\u00eda de aire suave. Adem\u00e1s, su sensor de seguridad desactiva la cuchilla de corte inmediatamente en caso de cualquier problema, manteni\u00e9ndote seguro y protegiendo a las lanzaderas. Para mayor comodidad, la remalladora Brother Airflow 3000 viene con una trampa para recortes, pie para puntada invisible, pie para fruncido y pie para ribete. Y si necesitas ayuda o consejos sobre c\u00f3mo configurar tu remalladora, puedes visitar support.brother.com para obtener ayuda. Para llevar tu creatividad a\u00fan m\u00e1s lejos, visita nuestra p\u00e1gina de accesorios y aseg\u00farate de tener todo lo que necesitas para comenzar. \u00a1Descubre m\u00e1s sobre las caracter\u00edsticas de la Brother Airflow 3000 en nuestra galer\u00eda de videos!Mire bien, el Airflow 3000 har\u00e1 volar cualquier cosa que haya hecho antes fuera del agua. Consiga los mejores acabados en tejidos de punto, materiales el\u00e1sticos, telas transparentes e incluso Lycra.<\/span><\/p>\n<h3>Novedad en el enhebrado.<\/h3>\n<p>Enhebrador de aire electr\u00f3nico: simplemente inserte el hilo en los orificios de enhebrado y nuestro sistema de aire lo guiar\u00e1 a trav\u00e9s de las lanzaderas por usted.<br \/>\nElecci\u00f3n de puntada: elija entre overlock de 4 hilos, overlock de 3 hilos estrecho, overlock de 3 hilos ancho, cierre plano de 2 hilos, cierre plano de 3 hilos, alforza, dobladillo invisible, dobladillo enrollado, dobladillo estrecho y borde de lechuga.<br \/>\nCalidad de puntada: \u00a1coser a velocidades de hasta 1300 ppm! Use los diales para ajustar la longitud y el ancho de la puntada seg\u00fan sea necesario.<br \/>\nTransporte diferencial: con una relaci\u00f3n de transporte diferencial de 0,7 a 2 mm, obtendr\u00e1 un acabado de puntada excepcional, sin importar en qu\u00e9 tejido est\u00e9 trabajando.<br \/>\nDobladillo enrollado instant\u00e1neo: las palancas de cambio r\u00e1pido le dar\u00e1n un\u00a0<a href=\"https:\/\/brotherie.es\/categoria-producto\/maquinas-overlock\/\">dobladillo enrollado instant\u00e1neo<\/a>. Perfecto para telas ligeras y transparentes. Elige entre dobladillo enrollado recto u ondulado.<br \/>\nEvite las molestas obstrucciones: la tecnolog\u00eda de aire suave mantiene todo en movimiento, por lo que no se acumulan pelusas ni pelusas.<br \/>\nLa seguridad es lo primero: \u00bfcubierta abierta? \u00bfPrensatelas levantadas? \u00a1La m\u00e1quina no arranca! Como precauci\u00f3n adicional, el sensor de seguridad desactiva la cuchilla de corte inmediatamente, manteni\u00e9ndote seguro y protegiendo a las lanzaderas.<br \/>\nValor adicional: el Airflow 3000 viene con trampa para recortes, pie para puntada invisible, pie para fruncido y pie para ribete.<br \/>\nPara obtener ayuda y consejos sobre c\u00f3mo configurar su remalladora, visite support.brother.com . Para llevar tu creatividad m\u00e1s all\u00e1, \u00bfpor qu\u00e9 no visitas nuestra p\u00e1gina de accesorios ? y asegurarse de que tiene todo lo que necesita para empezar? Para obtener m\u00e1s informaci\u00f3n sobre las caracter\u00edsticas, dir\u00edjase a nuestra galer\u00eda de videos para ver m\u00e1s. \u00a0\u00a0<img loading=\"lazy\" decoding=\"async\" class=\"alignnone wp-image-201603 size-medium\" title=\"BROTHER AIRFLOW 3000\" src=\"https:\/\/grupofb.es\/wp-content\/uploads\/2023\/05\/Airflow-house-124-300x188.jpg\" alt=\"BROTHER AIRFLOW 3000\" width=\"300\" height=\"188\" \/>\u00a0<img loading=\"lazy\" decoding=\"async\" class=\"alignnone wp-image-201604 size-thumbnail\" title=\"BROTHER AIRFLOW 3000\" src=\"https:\/\/grupofb.es\/wp-content\/uploads\/2023\/05\/Airflow-studio-13-150x150.jpg\" alt=\"BROTHER AIRFLOW 3000\" width=\"150\" height=\"150\" \/><\/p>\n<h3>Valor diferencial Brother Airflow 3000<\/h3>\n<p>Haga que trabajar con telas desafiantes sea pan comido con la\u00a0<a href=\"https:\/\/grupofb.es\/categoria-producto\/maquinas-coser-y-bordar-domesticas\/maquinas-overlock\/\" target=\"_blank\" rel=\"noopener\">remalladora<\/a>\u00a0Brother Airflow 3000, la enhebradora de aire electr\u00f3nica m\u00e1s r\u00e1pida y f\u00e1cil de Brother.\u00a0Dise\u00f1ado para la velocidad, cuenta con un sistema de enhebrado de aire f\u00e1cil de usar, enhebrador de aguja avanzado, palancas de liberaci\u00f3n r\u00e1pida y velocidades de puntada de hasta 1300 ppm.<\/p>\n","protected":false},"excerpt":{"rendered":"<p>Tecnolog\u00eda de roscado de aire electr\u00f3nico<br \/>\nEnhebrador de aguja avanzado<br \/>\nCosturas de 2, 3 o 4 hilos<br \/>\nAlimentaci\u00f3n diferencial<br \/>\nPalancas de cambio r\u00e1pido<br \/>\nAncho de puntada de 5 a 7,5 mm<br \/>\nAltas velocidades de costura de 1300 spm<br \/>\nLuz LED de error<br \/>\nLuz de trabajo LED brillante<br \/>\n\u00a1Un mont\u00f3n de accesorios incluidos!<\/p>\n","protected":false},"featured_media":953,"comment_status":"open","ping_status":"closed","template":"","meta":[],"product_brand":[],"product_cat":[22,83],"product_tag":[],"class_list":{"0":"post-928","1":"product","2":"type-product","3":"status-publish","4":"has-post-thumbnail","6":"product_cat-domesticas","7":"product_cat-brother-domesticas","9":"first","10":"instock","11":"taxable","12":"shipping-taxable","13":"product-type-simple"},"_links":{"self":[{"href":"https:\/\/macozag.com\/index.php?rest_route=\/wp\/v2\/product\/928","targetHints":{"allow":["GET"]}}],"collection":[{"href":"https:\/\/macozag.com\/index.php?rest_route=\/wp\/v2\/product"}],"about":[{"href":"https:\/\/macozag.com\/index.php?rest_route=\/wp\/v2\/types\/product"}],"replies":[{"embeddable":true,"href":"https:\/\/macozag.com\/index.php?rest_route=%2Fwp%2Fv2%2Fcomments&post=928"}],"wp:featuredmedia":[{"embeddable":true,"href":"https:\/\/macozag.com\/index.php?rest_route=\/wp\/v2\/media\/953"}],"wp:attachment":[{"href":"https:\/\/macozag.com\/index.php?rest_route=%2Fwp%2Fv2%2Fmedia&parent=928"}],"wp:term":[{"taxonomy":"product_brand","embeddable":true,"href":"https:\/\/macozag.com\/index.php?rest_route=%2Fwp%2Fv2%2Fproduct_brand&post=928"},{"taxonomy":"product_cat","embeddable":true,"href":"https:\/\/macozag.com\/index.php?rest_route=%2Fwp%2Fv2%2Fproduct_cat&post=928"},{"taxonomy":"product_tag","embeddable":true,"href":"https:\/\/macozag.com\/index.php?rest_route=%2Fwp%2Fv2%2Fproduct_tag&post=928"}],"curies":[{"name":"wp","href":"https:\/\/api.w.org\/{rel}","templated":true}]}}