{"id":927,"date":"2025-03-02T18:56:44","date_gmt":"2025-03-02T18:56:44","guid":{"rendered":"http:\/\/macozag.com\/?post_type=product&#038;p=927"},"modified":"2025-03-02T18:56:51","modified_gmt":"2025-03-02T18:56:51","slug":"remalladora-brother-2104d","status":"publish","type":"product","link":"https:\/\/macozag.com\/?product=remalladora-brother-2104d","title":{"rendered":"Remalladora BROTHER 2104D"},"content":{"rendered":"<p>\u00a1Descubre la nueva remalladora Brother! La Brother 2104D es una overlock completa que te permitir\u00e1 lograr acabados profesionales en tus proyectos, manteniendo la facilidad de uso caracter\u00edstica de las remalladoras Brother. Esta m\u00e1quina ofrece un sistema de trenzado de 3 y 4 hilos, con un c\u00f3digo de colores para\u00a0<span id=\"more\">identificar cada hilo f\u00e1cilmente y un selector manual de tensi\u00f3n de hilos de cada carrete. Su alimentaci\u00f3n diferencial asegura un acabado impecable en tejidos finos o el\u00e1sticos, que tienden a ondularse. El dise\u00f1o de la zona de trabajo est\u00e1 pensado para facilitar labores prolongadas, ofreciendo comodidad durante su uso. Incluye una luz LED y un brazo libre que facilita el manejo de piezas con formas complicadas, como mangas o patas. Adem\u00e1s, este brazo libre se convierte en una superficie plana para ampliar el espacio de trabajo. Otra ventaja es el enganche snap-on del prensatelas, que permite cambiarlo de manera r\u00e1pida y c\u00f3moda, asegurando una mayor continuidad en tu trabajo. La cuchilla de corte retr\u00e1ctil es otro detalle pr\u00e1ctico, ya que puedes recogerla cuando no necesites cortar la tela sobrante, evitando errores y da\u00f1os en tu labor. Con la Overlock Brother 2104D puedes realizar: \u2013 Puntada overlock de 4 hilos<br \/>\n\u2013 Puntada overlock de 3 hilos a 5 mm<br \/>\n\u2013 Puntada overlock de 3 hilos a 2.8 mm<br \/>\n\u2013 Puntada overlock estrecha a 2.00 mm<br \/>\n\u2013 Puntada de dobladillo enrollada a 2.0 mm<\/span><\/p>\n<p>&nbsp;<\/p>\n<ul>\n<li>M\u00e1quina de sobremesa con motor incorporado<\/li>\n<li>Pedal autom\u00e1tico para la regulaci\u00f3n de la velocidad.<\/li>\n<li>Luz LED \u00a0incorporada.<\/li>\n<li>Nuevo sistema de \u00e1ncora m\u00f3vil para facilitar el enhebrado de la m\u00e1quina.<\/li>\n<li>Podemos realizar trabajos en tejidos abiertos y tubulares gracias a la base confvetible libre o plana<\/li>\n<li>Utiliza 3 \u00f3 4 hilos, seg\u00fan el tipo de puntada que queramos hacer.<\/li>\n<li>Ajuste del largo y ancho de remallado.<\/li>\n<li>Largo de la puntada 5.0-7.0mm<\/li>\n<li>Ajuste de diferencial para poder compensar tejidos el\u00e1sticos y r\u00edgidos, evitando o creando fruncidos seg\u00fan necesidades.<\/li>\n<li>Cuchilla curva escamoteable para cortar seg\u00fan nuestras necesidades.<\/li>\n<li>Muy sencilla de enhebrar con gu\u00eda de hilos por colores.<\/li>\n<li>Utilizaci\u00f3n de agujas estandar<\/li>\n<li>Dvd de instrucciones<\/li>\n<li>Medidas 30x30x28cm<\/li>\n<li>Peso 8kg<\/li>\n<li>100W 5HZ 220V<\/li>\n<\/ul>\n","protected":false},"excerpt":{"rendered":"<p>\u00a1Descubre la nueva remalladora Brother! La Brother 2104D es una overlock completa que te permitir\u00e1 lograr acabados profesionales en tus proyectos, manteniendo la facilidad de uso caracter\u00edstica de las remalladoras Brother.<\/p>\n","protected":false},"featured_media":952,"comment_status":"open","ping_status":"closed","template":"","meta":[],"product_brand":[],"product_cat":[83,22],"product_tag":[],"class_list":{"0":"post-927","1":"product","2":"type-product","3":"status-publish","4":"has-post-thumbnail","6":"product_cat-brother-domesticas","7":"product_cat-domesticas","9":"first","10":"instock","11":"taxable","12":"shipping-taxable","13":"product-type-simple"},"_links":{"self":[{"href":"https:\/\/macozag.com\/index.php?rest_route=\/wp\/v2\/product\/927","targetHints":{"allow":["GET"]}}],"collection":[{"href":"https:\/\/macozag.com\/index.php?rest_route=\/wp\/v2\/product"}],"about":[{"href":"https:\/\/macozag.com\/index.php?rest_route=\/wp\/v2\/types\/product"}],"replies":[{"embeddable":true,"href":"https:\/\/macozag.com\/index.php?rest_route=%2Fwp%2Fv2%2Fcomments&post=927"}],"wp:featuredmedia":[{"embeddable":true,"href":"https:\/\/macozag.com\/index.php?rest_route=\/wp\/v2\/media\/952"}],"wp:attachment":[{"href":"https:\/\/macozag.com\/index.php?rest_route=%2Fwp%2Fv2%2Fmedia&parent=927"}],"wp:term":[{"taxonomy":"product_brand","embeddable":true,"href":"https:\/\/macozag.com\/index.php?rest_route=%2Fwp%2Fv2%2Fproduct_brand&post=927"},{"taxonomy":"product_cat","embeddable":true,"href":"https:\/\/macozag.com\/index.php?rest_route=%2Fwp%2Fv2%2Fproduct_cat&post=927"},{"taxonomy":"product_tag","embeddable":true,"href":"https:\/\/macozag.com\/index.php?rest_route=%2Fwp%2Fv2%2Fproduct_tag&post=927"}],"curies":[{"name":"wp","href":"https:\/\/api.w.org\/{rel}","templated":true}]}}