{"id":839,"date":"2025-03-02T18:55:48","date_gmt":"2025-03-02T18:55:48","guid":{"rendered":"http:\/\/macozag.com\/?post_type=product&#038;p=839"},"modified":"2025-03-02T18:56:27","modified_gmt":"2025-03-02T18:56:27","slug":"130-705h-suk-jersey","status":"publish","type":"product","link":"https:\/\/macozag.com\/?product=130-705h-suk-jersey","title":{"rendered":"130\/705H-SUK Jersey"},"content":{"rendered":"<p><strong>La aguja SCHMETZ SUK\u00a0tiene\u00a0punta de bola y es ideal para utilizar en telas de punto y lana. Con esta aguja conseguiremos puntadas perfectas en este tipo de tejidos sin perder puntadas y, adem\u00e1s, la punta de bola separa el tejido para no da\u00f1arlo ni romperlo y conservarlo perfectamente. Elige el tama\u00f1o seg\u00fan el grosor de la tela<\/strong><\/p>\n","protected":false},"excerpt":{"rendered":"<p>Agujas 130\/705H-SUK Jersey<\/p>\n<p>N\u00ba 70 \u2013 100<\/p>\n<p>Aguja plana para m\u00e1quina de coser dom\u00e9sticas. El sistema de agujas 130-705H es el que utilizan pr\u00e1cticamente todas las marcas de m\u00e1quinas de cose.<\/p>\n","protected":false},"featured_media":886,"comment_status":"open","ping_status":"closed","template":"","meta":[],"product_brand":[],"product_cat":[86],"product_tag":[],"class_list":{"0":"post-839","1":"product","2":"type-product","3":"status-publish","4":"has-post-thumbnail","6":"product_cat-agujas","8":"first","9":"instock","10":"taxable","11":"shipping-taxable","12":"product-type-variable"},"_links":{"self":[{"href":"https:\/\/macozag.com\/index.php?rest_route=\/wp\/v2\/product\/839","targetHints":{"allow":["GET"]}}],"collection":[{"href":"https:\/\/macozag.com\/index.php?rest_route=\/wp\/v2\/product"}],"about":[{"href":"https:\/\/macozag.com\/index.php?rest_route=\/wp\/v2\/types\/product"}],"replies":[{"embeddable":true,"href":"https:\/\/macozag.com\/index.php?rest_route=%2Fwp%2Fv2%2Fcomments&post=839"}],"wp:featuredmedia":[{"embeddable":true,"href":"https:\/\/macozag.com\/index.php?rest_route=\/wp\/v2\/media\/886"}],"wp:attachment":[{"href":"https:\/\/macozag.com\/index.php?rest_route=%2Fwp%2Fv2%2Fmedia&parent=839"}],"wp:term":[{"taxonomy":"product_brand","embeddable":true,"href":"https:\/\/macozag.com\/index.php?rest_route=%2Fwp%2Fv2%2Fproduct_brand&post=839"},{"taxonomy":"product_cat","embeddable":true,"href":"https:\/\/macozag.com\/index.php?rest_route=%2Fwp%2Fv2%2Fproduct_cat&post=839"},{"taxonomy":"product_tag","embeddable":true,"href":"https:\/\/macozag.com\/index.php?rest_route=%2Fwp%2Fv2%2Fproduct_tag&post=839"}],"curies":[{"name":"wp","href":"https:\/\/api.w.org\/{rel}","templated":true}]}}