{"id":836,"date":"2025-03-02T18:55:47","date_gmt":"2025-03-02T18:55:47","guid":{"rendered":"http:\/\/macozag.com\/?post_type=product&#038;p=836"},"modified":"2025-03-02T18:56:25","modified_gmt":"2025-03-02T18:56:25","slug":"brother-870se","status":"publish","type":"product","link":"https:\/\/macozag.com\/?product=brother-870se","title":{"rendered":"Brother 870se"},"content":{"rendered":"<p>M\u00e1quina de bordar NV 870se<br \/>La m\u00e1quina de bordar Brother 870se cuenta con una amplia gama de bordados incluidos, entre ellos 10 marcos adicionales para personalizar tus dise\u00f1os y funciones de edici\u00f3n en pantalla para crear texto, rotar y cambiar el tama\u00f1o de los bordados 11 fuentes diferentes que nos permiten agregar un toque\u00a0personal a tus proyectos.<br \/>Entre sus funciones esta el enhebrado autom\u00e1tico que nos facilita el enhebrado de la aguja de una manera r\u00e1pida y sencilla para seguir trabajando con rapidez y no perder el tiempo en esta tarea.<br \/>El puerto USB permite cargar bordados directamente en la m\u00e1quina, lo que es especialmente \u00fatil para aquellos que trabajan con dise\u00f1os personalizados.\u00a0<br \/>El ajuste autom\u00e1tico de la tensi\u00f3n del hilo seg\u00fan el tejido que se est\u00e1 utilizando y los sensores de hilo superior e inferior para detectar roturas o agotamiento del hilo garantizan una mayor precisi\u00f3n y eficiencia en el proceso de bordado.\u00a0<br \/>Por \u00faltimo, la bobina de inserci\u00f3n r\u00e1pida permite una mayor comodidad y facilidad de uso, lo que hace que la m\u00e1quina de bordar Brother 870se sea una opci\u00f3n ideal para aquellos que buscan una herramienta de bordado de alta calidad y f\u00e1cil de usar.\u00a0<br \/><strong>Caracter\u00edsticas:<\/strong><br \/>\u00c1rea de bordado de 160 mm x 260 mm.<br \/>Pantalla t\u00e1ctil LCD en color.<br \/>Velocidad de bordado de 850 puntadas por minuto.<br \/>Funci\u00f3n de corte de saltos de puntada para evitar cortar los hilos manualmente.<br \/>Funciones de edici\u00f3n en pantalla para crear texto, rotar y cambiar el tama\u00f1o de los bordados.<br \/>Pantalla t\u00e1ctil LCD en color<br \/>138 bordados incluidos entre los cuales motivos florales, de temporada, animales\u2026<br \/>10 marcos con 14 estilos te permiten agregar un toque final a tu bordado.<br \/>Funciones de edici\u00f3n en pantalla.Entre las funciones de personalizaci\u00f3n destacan: creaci\u00f3n de texto, combinaci\u00f3n de puntadas, rotaci\u00f3n de bordado, cambio de tama\u00f1o, im\u00e1genes espejo y mucho m\u00e1s.<br \/>11 fuentes incluidas.Agrega un toque personal a tus proyectos con una amplia gama de fuentes incluidas. Ideal para monogramas, nombres, etc.<br \/>Creaci\u00f3n r\u00e1pida de textos.Para bordar frases adecuadas para tu proyecto. Cada letra se puede cambiar en estilo y tama\u00f1o, as\u00ed como en el espacio entre caracteres, lo que te confiere un control total.<br \/>Enhebrado autom\u00e1tico de agujas.Simplemente sigas la gu\u00eda del hilo y bajas la palanca para enhebrar la aguja.<br \/>Puerto USB.Puerto USB para cargar bordados directamente en la m\u00e1quina.<br \/>Tensi\u00f3n autom\u00e1tica del hilo.\u00a0Ajuste autom\u00e1tico de la tensi\u00f3n del hilo seg\u00fan el tejido que se est\u00e1 utilizando.<br \/>Sensores de hilo.\u00a0Tiene sensores de hilo superior e inferior que advierten en caso de rotura o agotamiento del hilo.<br \/>Bobina de inserci\u00f3n r\u00e1pida.Simplemente coloque una canilla llena y estar\u00e1 lista para coser.\u00a0\u00a0<br \/><strong>Accesorios incluidos:<\/strong><br \/>Puerto USB<br \/>Abre ojales.<br \/>Tijeras<br \/>Paquete de agujas.<br \/>1 cepillo de limpieza.<br \/>1 destornillador grande.<br \/>1 destornillador peque\u00f1o.<br \/>Bastidor de bordado 160 x 260 mm<br \/>Manual de instrucciones.<br \/>Gu\u00eda r\u00e1pida.<br \/>Funda guarda polvo.<br \/>Bolsa de accesorios.<br \/>Bastidores incluidos:<br \/>Bastidor\u00a0de bordado 160 x 260 mm (16&#215;26 cm).<br \/>Bastidor\u00a0de bordado 150 x 150mm (15&#215;15 cm).<br \/>Bastidor\u00a0de bordado 100 x 100mm (10&#215;10 cm).<\/p>\n","protected":false},"excerpt":{"rendered":"<p><span style=\"font-family: Karla, sans-serif;font-size: 17px\">La m\u00e1quina de bordar BROTHER 870se tambi\u00e9n viene con una amplia gama de bordados incluidos, 10 marcos adicionales para personalizar tus dise\u00f1os y funciones de edici\u00f3n en pantalla para crear texto, rotar y cambiar el tama\u00f1o de los bordados.<\/span><\/p>\n","protected":false},"featured_media":884,"comment_status":"open","ping_status":"closed","template":"","meta":[],"product_brand":[],"product_cat":[83],"product_tag":[],"class_list":{"0":"post-836","1":"product","2":"type-product","3":"status-publish","4":"has-post-thumbnail","6":"product_cat-brother-domesticas","8":"first","9":"instock","10":"taxable","11":"shipping-taxable","12":"product-type-simple"},"_links":{"self":[{"href":"https:\/\/macozag.com\/index.php?rest_route=\/wp\/v2\/product\/836","targetHints":{"allow":["GET"]}}],"collection":[{"href":"https:\/\/macozag.com\/index.php?rest_route=\/wp\/v2\/product"}],"about":[{"href":"https:\/\/macozag.com\/index.php?rest_route=\/wp\/v2\/types\/product"}],"replies":[{"embeddable":true,"href":"https:\/\/macozag.com\/index.php?rest_route=%2Fwp%2Fv2%2Fcomments&post=836"}],"wp:featuredmedia":[{"embeddable":true,"href":"https:\/\/macozag.com\/index.php?rest_route=\/wp\/v2\/media\/884"}],"wp:attachment":[{"href":"https:\/\/macozag.com\/index.php?rest_route=%2Fwp%2Fv2%2Fmedia&parent=836"}],"wp:term":[{"taxonomy":"product_brand","embeddable":true,"href":"https:\/\/macozag.com\/index.php?rest_route=%2Fwp%2Fv2%2Fproduct_brand&post=836"},{"taxonomy":"product_cat","embeddable":true,"href":"https:\/\/macozag.com\/index.php?rest_route=%2Fwp%2Fv2%2Fproduct_cat&post=836"},{"taxonomy":"product_tag","embeddable":true,"href":"https:\/\/macozag.com\/index.php?rest_route=%2Fwp%2Fv2%2Fproduct_tag&post=836"}],"curies":[{"name":"wp","href":"https:\/\/api.w.org\/{rel}","templated":true}]}}