{"id":833,"date":"2025-03-02T18:55:47","date_gmt":"2025-03-02T18:55:47","guid":{"rendered":"http:\/\/macozag.com\/?post_type=product&#038;p=833"},"modified":"2025-03-02T18:56:22","modified_gmt":"2025-03-02T18:56:22","slug":"brother-f540","status":"publish","type":"product","link":"https:\/\/macozag.com\/?product=brother-f540","title":{"rendered":"Brother F540"},"content":{"rendered":"<p>Brother Innov-is F540E<br \/>M\u00e1quina de bordar<br \/>La bordadora Brother Innov-is F540E cuenta con una pantalla t\u00e1ctil LCD a color. 193 dise\u00f1os de bordado, 13 fuentes de bordado y\u00a0 funci\u00f3n de edici\u00f3n en pantalla. Use la pantalla t\u00e1ctil LCD clara a color para voltear, rotar, cambiar el color y repetir dise\u00f1os y texto.\u00a0<br \/>El enhebrador de aguja avanzado, el controlador de velocidad deslizante, la bobina de inserci\u00f3n y el sistema f\u00e1cil de enhebrar hacen que el Innov-is F540E sea tan f\u00e1cil de usar.\u00a0<br \/>Con la capacidad de LAN inal\u00e1mbrica, puede transferir f\u00e1cilmente nuevos datos de bordado a su m\u00e1quina y conectarse a Artspira , \u00a1nuestro nuevo centro creativo!<br \/>Caracter\u00edsticas principales<br \/>\u00c1rea de bordado de 180 x 130 mm<br \/>193 dise\u00f1os de bordado incorporados: \u00a155 nunca antes vistos!<br \/>13 fuentes de bordado: \u00a12 nuevas!<br \/>Recorte de punto de salto<br \/>clasificaci\u00f3n de color<br \/>Enhebrador de aguja avanzado<br \/>LAN inal\u00e1mbrica habilitada<br \/>Con\u00e9ctese a la aplicaci\u00f3n Artspira<br \/>Caracter\u00edsticas generales<br \/><strong>Pantalla LCD de 3,7\u201d<\/strong><br \/>Toda la informaci\u00f3n de costura se muestra en una pantalla clara y retroiluminada. El Innov-is F540E est\u00e1 equipado con una pantalla t\u00e1ctil a color.<br \/><strong>Sistema avanzado de enhebrado de aguja<\/strong><br \/>Enhebre la aguja sin esfuerzo simplemente bajando la palanca.<br \/><strong>Sistema de devanado de bobinas<\/strong><br \/>El enhebrado r\u00e1pido y sencillo hace que el devanado de bobinas sea r\u00e1pido y f\u00e1cil.<br \/><strong>Bobina facil insertable<\/strong><br \/>Simplemente coloque una bobina y estar\u00e1 lista para coser.<br \/><strong>Conectividad inal\u00e1mbrica<\/strong><br \/>Agregue patrones, transfiera datos, reciba notificaciones de actualizaci\u00f3n y con\u00e9ctese al centro creativo Artsipra.<br \/>Funciones de bordado<br \/><strong>Gran \u00e1rea de bordado (180 x 130 mm)<\/strong><br \/>Tenga espacio para expresar sus ideas creativas. Haz dise\u00f1os a\u00fan m\u00e1s grandes y complejos.<br \/><strong>193 dise\u00f1os de bordado incorporados<\/strong><br \/>Elija entre una amplia variedad de dise\u00f1os florales, animales, geom\u00e9tricos, de temporada y mucho m\u00e1s. Con nuestros dise\u00f1os incorporados, puede comenzar a bordar de inmediato.<br \/><strong>13 estilos de fuente integrados<\/strong><br \/>Personalice f\u00e1cilmente sus proyectos de costura y bordado eligiendo entre 13 estilos de fuente integrados, disponibles en 3 tama\u00f1os.<br \/><strong>Artspira<\/strong><br \/>Desbloquea al artista que llevas dentro. Dibuje sus propios patrones o descargue las exclusivas de Brother.<\/p>\n<p><strong>Menos cambios de hilo = m\u00e1s tiempo para hacer.<\/strong><br \/>Recortadora de puntada de salto<br \/>\u00a1Guarda tus recortes! Los saltos de puntada se recortan autom\u00e1ticamente.<br \/><strong>Formas de marco estampadas<\/strong><br \/>Ponga el toque final a su bordado con un marco elegante. Elija entre 10 formas de marco y 14 tipos de puntadas para un total general de 140 patrones diferentes disponibles. Comb\u00ednelo con letras para crear monogramas \u00fanicos y elegantes.<br \/><strong>Edici\u00f3n de patrones de bordado<\/strong><br \/>Ajuste f\u00e1cilmente el tama\u00f1o, la rotaci\u00f3n o los patrones de bordado en espejo con solo tocar un bot\u00f3n.<br \/><strong>Combine patrones de bordado<\/strong><br \/>Combine f\u00e1cilmente patrones de bordado o agregue letras a sus dise\u00f1os.<br \/><strong>Funciones de edici\u00f3n de texto<\/strong><br \/>Agregue varias l\u00edneas de texto y alin\u00e9elo a la izquierda, al centro oa la derecha. La rotaci\u00f3n de texto y la selecci\u00f3n de fuentes tambi\u00e9n est\u00e1n disponibles desde un \u00fanico panel de edici\u00f3n.<br \/><strong>Puerto USB<\/strong><br \/>Conecte un dispositivo USB como una unidad flash USB o un lector\/grabador de tarjetas y cargue su dise\u00f1o de bordado directamente en la m\u00e1quina.<br \/>Contenido incluido en embalaje<br \/>Pie de bordado \u201cQ\u201d (en la m\u00e1quina)<br \/>Bastidor de 180&#215;130 mm<br \/>Juego de agujas<br \/>Bobina x 4 (una bobina est\u00e1 en la m\u00e1quina)\u00a0<br \/>Desgarrador de costuras\u00a0<br \/>Tijeras<br \/>Cepillo de limpieza<br \/>Destornillador (grande)<br \/>Destornillador (peque\u00f1o)<br \/>destornillador en forma de disco\u00a0<br \/>Tapa de carrete (grande)\u00a0<br \/>Tapa del carrete (mediana) (en la m\u00e1quina)<br \/>Tapa de carrete (peque\u00f1a)<br \/>Inserto de carrete de hilo (carrete de hilo mini king)\u00a0<br \/>carrete de red<br \/>Caja de bobina alternativa (sin color en el tornillo)<br \/>Hilo de bobina para bordar (gramaje 90, blanco)<br \/>Bolsa de accesorios<br \/>Guardapolvo<br \/>Operaci\u00f3n manual\u00a0<br \/>Guia de referencia rapida<br \/>Gu\u00eda de dise\u00f1o de bordado<\/p>\n","protected":false},"excerpt":{"rendered":"<p><span style=\"font-family: Roboto, sans-serif;font-size: 14px\">La bordadora Brother Innov-is F540E cuenta con una pantalla t\u00e1ctil LCD a color. 193 dise\u00f1os de bordado, 13 fuentes de bordado y\u00a0 funci\u00f3n de edici\u00f3n en pantalla. Use la pantalla t\u00e1ctil LCD clara a color para voltear, rotar, cambiar el color y repetir dise\u00f1os y texto.\u00a0<\/span><\/p>\n","protected":false},"featured_media":881,"comment_status":"open","ping_status":"closed","template":"","meta":[],"product_brand":[],"product_cat":[83],"product_tag":[],"class_list":{"0":"post-833","1":"product","2":"type-product","3":"status-publish","4":"has-post-thumbnail","6":"product_cat-brother-domesticas","8":"first","9":"instock","10":"taxable","11":"shipping-taxable","12":"product-type-simple"},"_links":{"self":[{"href":"https:\/\/macozag.com\/index.php?rest_route=\/wp\/v2\/product\/833","targetHints":{"allow":["GET"]}}],"collection":[{"href":"https:\/\/macozag.com\/index.php?rest_route=\/wp\/v2\/product"}],"about":[{"href":"https:\/\/macozag.com\/index.php?rest_route=\/wp\/v2\/types\/product"}],"replies":[{"embeddable":true,"href":"https:\/\/macozag.com\/index.php?rest_route=%2Fwp%2Fv2%2Fcomments&post=833"}],"wp:featuredmedia":[{"embeddable":true,"href":"https:\/\/macozag.com\/index.php?rest_route=\/wp\/v2\/media\/881"}],"wp:attachment":[{"href":"https:\/\/macozag.com\/index.php?rest_route=%2Fwp%2Fv2%2Fmedia&parent=833"}],"wp:term":[{"taxonomy":"product_brand","embeddable":true,"href":"https:\/\/macozag.com\/index.php?rest_route=%2Fwp%2Fv2%2Fproduct_brand&post=833"},{"taxonomy":"product_cat","embeddable":true,"href":"https:\/\/macozag.com\/index.php?rest_route=%2Fwp%2Fv2%2Fproduct_cat&post=833"},{"taxonomy":"product_tag","embeddable":true,"href":"https:\/\/macozag.com\/index.php?rest_route=%2Fwp%2Fv2%2Fproduct_tag&post=833"}],"curies":[{"name":"wp","href":"https:\/\/api.w.org\/{rel}","templated":true}]}}