{"id":832,"date":"2025-03-02T18:55:47","date_gmt":"2025-03-02T18:55:47","guid":{"rendered":"http:\/\/macozag.com\/?post_type=product&#038;p=832"},"modified":"2025-03-02T18:56:22","modified_gmt":"2025-03-02T18:56:22","slug":"brother-nv2700","status":"publish","type":"product","link":"https:\/\/macozag.com\/?product=brother-nv2700","title":{"rendered":"Brother NV2700"},"content":{"rendered":"<p><strong>M\u00c1QUINA DE COSER Y BORDAR BROTHER INNOV-IS NV 2700.<\/strong><\/p>\n<p>El innovador sistema de alimentaci\u00f3n SFDS (Square Feed Drive System) de Brother garantiza una alimentaci\u00f3n uniforme y sin esfuerzo y una excelente calidad de puntada en cualquier peso de tela. El sistema de sensor de tela integrado ICAPS reconoce los cambios en el grosor de la tela y ajusta autom\u00e1ticamente la presi\u00f3n del pie de costura para puntadas particularmente uniformes. La Innov-is NV2700 tambi\u00e9n detecta autom\u00e1ticamente la tela que se est\u00e1 cosiendo y ajusta la tensi\u00f3n del hilo en consecuencia.<br \/>Puntero LED puede ver exactamente la posici\u00f3n de punci\u00f3n de la aguja. Esto le permite colocar su bordado perfectamente. Utilice la funci\u00f3n de giro de precisi\u00f3n para girar f\u00e1cilmente la tela y obtener un acabado limpio.<br \/>Con la gran \u00e1rea de trabajo de 21 cm y \u00e1rea de bordado (260 x 160 mm)<br \/>Con las funciones de edici\u00f3n y clasificaci\u00f3n de colores, sus proyectos ser\u00e1n completamente \u00fanicos, tal como usted es. Para todos los que les gusta hacer colchas, \u00a1hemos programado nuevos dise\u00f1os de colchas y bordes!<br \/>Cuenta con pie m\u00f3vil de serie. Incluso las capas de tela complicadas ahora se pueden coser muy f\u00e1cilmente. La pr\u00e1ctica gu\u00eda de acolchado en el pie m\u00f3vil asegura que sus puntadas sean paralelas.<br \/>Gracias a la funci\u00f3n WLAN, puede transferir datos de bordado de forma inal\u00e1mbrica con el programa gratuito Design Database Transfer *. O puede usar el puerto USB incorporado para transferir patrones adicionales directamente a la m\u00e1quina. Con la funci\u00f3n WLAN, tambi\u00e9n puede realizar f\u00e1cilmente actualizaciones de software y, por lo tanto, su m\u00e1quina puede mantenerse actualizada f\u00e1cilmente con los \u00faltimos desarrollos de software de Brother.\u2028*Solo disponible para el sistema operativo Windows.<\/p>\n<p><strong>Caracter\u00edsticas:<\/strong><br \/>Pantalla t\u00e1ctil LCD de 4,9 pulgadas (12,5 cm).<br \/>2 Luces LED S\u00faper iluminaci\u00f3n ultra brillante.<br \/>Enhebrador autom\u00e1tico de la aguja.<br \/>Tensi\u00f3n del hilo autom\u00e1tico: detecta sola el grosor del tejido y regula de consecuencia la tensi\u00f3n del hilo.<br \/>Sensor Autom\u00e1tico de hilo superior y de canilla.<br \/>Bot\u00f3n de posici\u00f3n de aguja (15 posiciones de la aguja.): para la aguja en la posici\u00f3n que necesitas. \u00datil para coser en \u00e1ngulos.<br \/>Bot\u00f3n de inicio \/ parada.<br \/>My custom stitch: Crea tu propia puntada.<br \/>Sistema SFDS: sistema de transmisi\u00f3n y alimentaci\u00f3n uniforme del arrastre para la calidad de puntada superior en cualquier tejido.<br \/>Sistema ICAPS: sistema sensor de tela, es eficiente tanto en telas gruesas y pesadas tanto como las m\u00e1s ligeras<br \/>Colocaci\u00f3n r\u00e1pida de canillas: simplemente coloque una canilla, siga la gu\u00eda del hilo y en marcha de nuevo.<br \/>Rodillera: liberas sus\u00a0 manos utilizando la rodillera para subir y bajar el pr\u00e9nsatelas. Ideal para proyectos grandes y pesados como edredones.<br \/>Pulsador final de dise\u00f1o: con s\u00f3lo pulsar un bot\u00f3n, finaliza el trabajo rematando el dibujo.<br \/>Ajustes personalizados: permite ajustar el ancho y la longitud de la puntada, la tensi\u00f3n del hilo con sus preferencias y guardarlas en la memoria para uso futuro.<br \/>Posibilidad de bajar los dientes de arrastre, para tus proyectos de quilting: costura a mano libre.<br \/>Control de velocidad.<br \/>Funci\u00f3n de combinaci\u00f3n de puntadas.<br \/>Funci\u00f3n espejo.<br \/>Prensatelas Snap-on, se colocan y se quitan muy r\u00e1pidamente.<br \/>Funci\u00f3n aguja gemela.<br \/>Puntero LED: puedes ver exactamente la posici\u00f3n de la punci\u00f3n de la aguja. Esto permite colocar el bordado perfectamente.<\/p>\n<p><strong>Caracter\u00edsticas como M\u00c1QUINA DE COSER:<\/strong><br \/>291 tipos de puntadas entre \u00fatiles y decorativas.<br \/>5 Fuentes (abecedarios) de Costura.<br \/>10 ojales en un solo paso.<br \/>Arrastre lateral: puede coser en 4 direcciones: realiza puntadas decorativas con arrastre lateral extra largo y un tama\u00f1o de 40 mm.<br \/>Ancho de puntada 7 mm.<br \/>Largo de puntada 5 mm.\u2028<br \/>Gran espacio de trabajo de 21 cm: perfecta para todas las tareas de costura, acolchado y patchwork.<br \/>Velocidad: 850 puntadas por minuto\u00a0(costura).<br \/>Ajuste Autom\u00e1tico de la presi\u00f3n del pr\u00e9nsatelas.<br \/>Bot\u00f3n Corta-hilos autom\u00e1tico.<br \/>Incluye el Pie de Doble Arrastre (Pie M\u00f3vil): las capas de tela complicadas ahora se pueden coser muy f\u00e1cilmente.<\/p>\n<p><strong>Caracter\u00edsticas como BORDADORA:<\/strong><br \/>\u00c1rea de bordado 16x26cm<br \/>Incluye 2 bastidores: 16x26cm y 13x18cm.<br \/>258 bordados.<br \/>13 estilos de alfabetos integrados.<br \/>850 puntadas por minutos (bordado).<br \/>2 bastidores: 16&#215;26\u00a0 y 18&#215;13 cm.<br \/>Modificaci\u00f3n de los patrones de bordado en la pantalla.<br \/>Conectividad Inal\u00e1mbrica WIFI (Solo para Windows): Puedes transferir patrones de bordado desde su ordenador (solo PC) utilizando la aplicaci\u00f3n gratuita \u00abTransferencia de base de datos de dise\u00f1o\u00bb.<br \/>Conexi\u00f3n USB.<br \/>Corta el hilo con salto autom\u00e1tico.<br \/>Velocidad: 850 puntadas por minuto (bordado).<br \/>Accesorios:<br \/>Juego de bastidor de bordado (extra grande) 26 \u00d7 16 cm.<br \/>Juego de bastidor de bordado (grande) 18 \u00d7 13 cm.<br \/>Prensatelas para zig-zag \u201cJ\u201d (en la m\u00e1quina).<br \/>Prensatelas para monogramas \u201cN\u201d.<br \/>Prensatelas para sobrehilado \u201cG\u201d.<br \/>Prensatelas para cremalleras \u201cI\u201d.<br \/>Prensatelas para ojales \u201cA\u201d.<br \/>Prensatelas para puntada invisible \u201cR\u201d.<br \/>Prensatelas especial para botones \u201cM\u201d.<br \/>Prensatelas de bordado con puntero LED.<br \/>Prensatelas de punta abierta.<br \/>Prensatelas para acolchado libre de punta abierta \u201cO\u201d.<br \/>Prensatelas antiadherente.<br \/>Prensatelas para gu\u00eda de puntadas \u201cP\u201d.<br \/>Prensatelas ajustable para cremalleras\/ribetes.<br \/>Prensatelas m\u00f3vil (Doble Arrastre).<br \/>Prensatelas para acolchado de 1\/4&#8243;.<br \/>Cuchilla lateral \u201cS\u201d.<br \/>Juego de agujas.<br \/>Aguja gemela.<br \/>Canillas (4) (Una est\u00e1 colocada en la m\u00e1quina).<br \/>Abreojales.<br \/>Tijeras.<br \/>Cepillo de limpieza.<br \/>L\u00e1piz calador.<br \/>Destornillador (grande).<br \/>Destornillador (peque\u00f1o).<br \/>Destornillador en forma de L.<br \/>Destornillador de disco.<br \/>Portacarrete horizontal.<br \/>Tapa del carrete grande.<br \/>2 Tapas del carrete medianas (Una est\u00e1\u00a0 colocada en la m\u00e1quina).<br \/>Tapa de carrete (peque\u00f1a).<br \/>Inserci\u00f3n del carrete de hilo (carrete de hilo\u00a0 \u201cmini king\u201d).<br \/>Red para carrete.<br \/>Elevador de rodilla.<br \/>Pedal.<br \/>Bolsa de accesorios.<br \/>Funda de pl\u00e1stico blando.<br \/>Juego de hojas cuadriculadas.<br \/>Manual de instrucciones.<br \/>Gu\u00eda de referencia r\u00e1pida.<\/p>\n","protected":false},"excerpt":{"rendered":"<p>La Innov-is NV2700 es la m\u00e1quina perfecta para costureros, acolchadores y bordadores principiantes y avanzados.<br \/>291 puntadas integradas, incluyendo 10 ojales autom\u00e1ticos<br \/>258 patrones de bordado y 13 fuentes de letra integrados<br \/>Velocidad de hasta 850 puntadas por minuto<br \/>\u00c1rea de bordado de hasta 260 x 160 mm<br \/>Gran espacio de trabajo de 21 cm<\/p>\n","protected":false},"featured_media":880,"comment_status":"open","ping_status":"closed","template":"","meta":[],"product_brand":[],"product_cat":[83],"product_tag":[],"class_list":{"0":"post-832","1":"product","2":"type-product","3":"status-publish","4":"has-post-thumbnail","6":"product_cat-brother-domesticas","8":"first","9":"instock","10":"taxable","11":"shipping-taxable","12":"product-type-simple"},"_links":{"self":[{"href":"https:\/\/macozag.com\/index.php?rest_route=\/wp\/v2\/product\/832","targetHints":{"allow":["GET"]}}],"collection":[{"href":"https:\/\/macozag.com\/index.php?rest_route=\/wp\/v2\/product"}],"about":[{"href":"https:\/\/macozag.com\/index.php?rest_route=\/wp\/v2\/types\/product"}],"replies":[{"embeddable":true,"href":"https:\/\/macozag.com\/index.php?rest_route=%2Fwp%2Fv2%2Fcomments&post=832"}],"wp:featuredmedia":[{"embeddable":true,"href":"https:\/\/macozag.com\/index.php?rest_route=\/wp\/v2\/media\/880"}],"wp:attachment":[{"href":"https:\/\/macozag.com\/index.php?rest_route=%2Fwp%2Fv2%2Fmedia&parent=832"}],"wp:term":[{"taxonomy":"product_brand","embeddable":true,"href":"https:\/\/macozag.com\/index.php?rest_route=%2Fwp%2Fv2%2Fproduct_brand&post=832"},{"taxonomy":"product_cat","embeddable":true,"href":"https:\/\/macozag.com\/index.php?rest_route=%2Fwp%2Fv2%2Fproduct_cat&post=832"},{"taxonomy":"product_tag","embeddable":true,"href":"https:\/\/macozag.com\/index.php?rest_route=%2Fwp%2Fv2%2Fproduct_tag&post=832"}],"curies":[{"name":"wp","href":"https:\/\/api.w.org\/{rel}","templated":true}]}}