{"id":830,"date":"2025-03-02T18:55:46","date_gmt":"2025-03-02T18:55:46","guid":{"rendered":"http:\/\/macozag.com\/?post_type=product&#038;p=830"},"modified":"2025-03-02T18:56:19","modified_gmt":"2025-03-02T18:56:19","slug":"brother-m340ed","status":"publish","type":"product","link":"https:\/\/macozag.com\/?product=brother-m340ed","title":{"rendered":"BROTHER M340eD"},"content":{"rendered":"<p><strong>Caracter\u00edsticas<\/strong>:<br \/><strong>200 bordados<\/strong>, 65 Personajes DISNEY (<a href=\"https:\/\/electro365.es\/index.php?controller=attachment&amp;id_attachment=295\" target=\"_blank\" rel=\"noreferrer noopener\">Ver Dise\u00f1os Disney<\/a>).<br \/><strong>\u00c1rea de bordado 100x100mm<\/strong>.<br \/><strong>11 fuentes de alfabeto<\/strong>.<br \/>10 Marcos (c\u00edrculo, cuadrado, etc).<br \/><strong>Pantalla LCD<\/strong>\u00a0touchscreen\u00a0<strong>3,7 pulgadas<\/strong>\u00a0a color: Administra todas las funciones, con un simple toque de la pantalla t\u00e1ctil a color LCD de 9,4 cm. Su calidad de visualizaci\u00f3n te sorprender\u00e1 (432 x 240 p\u00edxeles).<br \/><strong>Luz LED<\/strong>: La luz, brillante pero no agresiva, te ayuda en los trabajos en tejidos oscuros.<br \/>Sensor del Hilo: dispone de sensores de hilos superior e inferior en caso de ruptura o fin del hilo.<br \/><strong>Cortah\u00edlos autom\u00e1tico<\/strong>: corta autom\u00e1ticamente el hilo inferior y superior, presionando la tecla.<br \/><strong>Velocidad 400 puntadas por minutos<\/strong>.<br \/>Sistema avanzado de f\u00e1cil\u00a0<strong>enhebrado de aguja<\/strong>: Se termin\u00f3 el estr\u00e9s al enhebrar. Sigue la gu\u00eda del hilo y presiona la palanca, el hilo superior pasar\u00e1 r\u00e1pidamente por el ojo de la aguja.<br \/>Bobina a inserci\u00f3n r\u00e1pida.<br \/>Sistema de devanado autom\u00e1tico de la bobina.<br \/>Funciones de edici\u00f3n en la pantalla: Permite Combinar bordados y editarlos en la pantalla.<br \/>Funda de pl\u00e1stico ligero para protegerla del polvo.<br \/><strong>Conexi\u00f3n USB<\/strong>\u00a0para importar bordados: Puedes a\u00f1adir m\u00e1s bordados a la m\u00e1quina, presionando simplemente un bot\u00f3n.<br \/><strong>Conexi\u00f3n LAN Inal\u00e1mbrica Habilitada -WIFI-<\/strong>\u00a0(Solo para Windows): Agregue patrones, trasfiera bordados, reciba notificaciones de actualizaci\u00f3n y con\u00e9ctese al centro creativo Artspira.\u00a0<br \/><strong>Accesorios<\/strong>:<br \/>Juego de\u00a0<strong>bastidor de 100 x 100 mm<\/strong>.<br \/>Pr\u00e9nsatelas de bordado Q en la m\u00e1quina.<br \/>Juego de agujas.<br \/>4 Canillas pre-devanada.<br \/>Grapas de la bobina.<br \/>Abre ojales.<br \/>Tijeras.<br \/>Cepillo de limpieza.<br \/>Destornillador de disco.<br \/>Tapa carrete grande.<br \/>Tapa carrete mediana.<br \/>Tapa carrete peque\u00f1a.<br \/>Inserci\u00f3n del carrete de hilo.<br \/>Caja de la bobina en la m\u00e1quina.<br \/>Red para carrete.<br \/>Bolsa de accesorios.<br \/>Manual de instrucciones.<br \/>Gu\u00eda r\u00e1pida.<br \/>Gu\u00eda de dise\u00f1os de bordado.<br \/>Funda de pl\u00e1stico ligero para protegerla del polvo.<\/p>\n","protected":false},"excerpt":{"rendered":"<p><span style=\"font-family: Karla, sans-serif;font-size: 17px\">Emb\u00e1rcate en una aventura creativa con la Innov-is BROTHER M340eD Disney, una m\u00e1quina de bordar bonita, compacta y colorida que se adaptar\u00e1 a cualquier espacio de trabajo, grande o peque\u00f1o.\u00a0<\/span><\/p>\n","protected":false},"featured_media":878,"comment_status":"open","ping_status":"closed","template":"","meta":[],"product_brand":[],"product_cat":[83],"product_tag":[],"class_list":{"0":"post-830","1":"product","2":"type-product","3":"status-publish","4":"has-post-thumbnail","6":"product_cat-brother-domesticas","8":"first","9":"instock","10":"taxable","11":"shipping-taxable","12":"product-type-simple"},"_links":{"self":[{"href":"https:\/\/macozag.com\/index.php?rest_route=\/wp\/v2\/product\/830","targetHints":{"allow":["GET"]}}],"collection":[{"href":"https:\/\/macozag.com\/index.php?rest_route=\/wp\/v2\/product"}],"about":[{"href":"https:\/\/macozag.com\/index.php?rest_route=\/wp\/v2\/types\/product"}],"replies":[{"embeddable":true,"href":"https:\/\/macozag.com\/index.php?rest_route=%2Fwp%2Fv2%2Fcomments&post=830"}],"wp:featuredmedia":[{"embeddable":true,"href":"https:\/\/macozag.com\/index.php?rest_route=\/wp\/v2\/media\/878"}],"wp:attachment":[{"href":"https:\/\/macozag.com\/index.php?rest_route=%2Fwp%2Fv2%2Fmedia&parent=830"}],"wp:term":[{"taxonomy":"product_brand","embeddable":true,"href":"https:\/\/macozag.com\/index.php?rest_route=%2Fwp%2Fv2%2Fproduct_brand&post=830"},{"taxonomy":"product_cat","embeddable":true,"href":"https:\/\/macozag.com\/index.php?rest_route=%2Fwp%2Fv2%2Fproduct_cat&post=830"},{"taxonomy":"product_tag","embeddable":true,"href":"https:\/\/macozag.com\/index.php?rest_route=%2Fwp%2Fv2%2Fproduct_tag&post=830"}],"curies":[{"name":"wp","href":"https:\/\/api.w.org\/{rel}","templated":true}]}}