{"id":829,"date":"2025-03-02T18:55:46","date_gmt":"2025-03-02T18:55:46","guid":{"rendered":"http:\/\/macozag.com\/?post_type=product&#038;p=829"},"modified":"2025-03-02T18:56:19","modified_gmt":"2025-03-02T18:56:19","slug":"brother-xe2","status":"publish","type":"product","link":"https:\/\/macozag.com\/?product=brother-xe2","title":{"rendered":"Brother XE2"},"content":{"rendered":"<p>La moderna m\u00e1quina exclusiva para bordar Stellaire2 Innov-\u00eds Brother XE2 con Disney contin\u00faa el legado de Brother de m\u00e1quinas de bordar excepcionales. Con 788 dise\u00f1os de bordado, m\u00e1s 101 dise\u00f1os exclusivos de Disney (para un total de 889), una gran \u00e1rea de bordado de 9,5\u201d x 14\u201d e\u00a0&#8230;<br \/>Principales caracter\u00edsticas Brother XE2<br \/>\u00c1rea de bordado extragrande: 360 x 240 mm (14 x 9,5\u201d)<br \/>889 dise\u00f1os de bordado incorporados, incluidos 101 patrones de Disney<br \/>26 fuentes de bordado (24 alfabetos y 2 cir\u00edlicos)<br \/>Patrones de alfabeto con monogramas, incluido el dise\u00f1o de mecha de velas.<br \/>17 ojales bordados<br \/>Mezcla de colores avanzada: guarda hasta nueve de tus paletas favoritas<br \/>Velocidad de bordado de hasta 1050 ppm<br \/>Pantalla LCD HD de alta resoluci\u00f3n de 10,1\u201d<br \/>Capacidad inal\u00e1mbrica para trabajar con aplicaciones Brother, Artspira y PE-Design 11<br \/>Funci\u00f3n Stitch to Block: cambia el tama\u00f1o del bordado manteniendo la densidad de la puntada<br \/>Pie para bordado con puntero LED<br \/>Configuraci\u00f3n de matriz: coloque autom\u00e1ticamente dise\u00f1os repetidos para lograr el dise\u00f1o perfecto<br \/>Recortador autom\u00e1tico de puntadas de salto<br \/>Puerto USB: facilita la importaci\u00f3n de dise\u00f1os<br \/>Tutoriales de pel\u00edculas integrados y funci\u00f3n de carga de MP4<\/p>\n","protected":false},"excerpt":{"rendered":"<p>La moderna m\u00e1quina exclusiva para bordar Stellaire2 Innov-\u00eds Brother XE2 con Disney contin\u00faa el legado de Brother de m\u00e1quinas de bordar excepcionales.<\/p>\n","protected":false},"featured_media":877,"comment_status":"open","ping_status":"closed","template":"","meta":[],"product_brand":[],"product_cat":[83],"product_tag":[],"class_list":{"0":"post-829","1":"product","2":"type-product","3":"status-publish","4":"has-post-thumbnail","6":"product_cat-brother-domesticas","8":"first","9":"instock","10":"taxable","11":"shipping-taxable","12":"product-type-simple"},"_links":{"self":[{"href":"https:\/\/macozag.com\/index.php?rest_route=\/wp\/v2\/product\/829","targetHints":{"allow":["GET"]}}],"collection":[{"href":"https:\/\/macozag.com\/index.php?rest_route=\/wp\/v2\/product"}],"about":[{"href":"https:\/\/macozag.com\/index.php?rest_route=\/wp\/v2\/types\/product"}],"replies":[{"embeddable":true,"href":"https:\/\/macozag.com\/index.php?rest_route=%2Fwp%2Fv2%2Fcomments&post=829"}],"wp:featuredmedia":[{"embeddable":true,"href":"https:\/\/macozag.com\/index.php?rest_route=\/wp\/v2\/media\/877"}],"wp:attachment":[{"href":"https:\/\/macozag.com\/index.php?rest_route=%2Fwp%2Fv2%2Fmedia&parent=829"}],"wp:term":[{"taxonomy":"product_brand","embeddable":true,"href":"https:\/\/macozag.com\/index.php?rest_route=%2Fwp%2Fv2%2Fproduct_brand&post=829"},{"taxonomy":"product_cat","embeddable":true,"href":"https:\/\/macozag.com\/index.php?rest_route=%2Fwp%2Fv2%2Fproduct_cat&post=829"},{"taxonomy":"product_tag","embeddable":true,"href":"https:\/\/macozag.com\/index.php?rest_route=%2Fwp%2Fv2%2Fproduct_tag&post=829"}],"curies":[{"name":"wp","href":"https:\/\/api.w.org\/{rel}","templated":true}]}}