{"id":828,"date":"2025-03-02T18:55:46","date_gmt":"2025-03-02T18:55:46","guid":{"rendered":"http:\/\/macozag.com\/?post_type=product&#038;p=828"},"modified":"2025-03-02T18:56:13","modified_gmt":"2025-03-02T18:56:13","slug":"brother-v5le","status":"publish","type":"product","link":"https:\/\/macozag.com\/?product=brother-v5le","title":{"rendered":"Brother V5LE"},"content":{"rendered":"<p>Brother Innovis V5LE<br \/>La m\u00e1quina de coser y bordar Brother Innovis V5LE es una m\u00e1quina de coser y bordar de alta gama con funciones avanzadas y f\u00e1cil manejo.\u00a0Est\u00e1 equipada con un brazo libre de gran formato que\u00a0convierte a la V5LE en la m\u00e1quina perfecta para trabajos complejos de bordado, patchwork, quilting y costura. Adem\u00e1s cuenta con una pantalla LCD t\u00e1ctil a todo color para m\u00e1s comodidad y confort a la hora de gestionar los dise\u00f1os; con el nuevo sistema ICAPS podr\u00e1s detectar los diferentes grosores de tejidos y conseguir la mejor calidad de costura. La elecci\u00f3n que\u00a0nunca falla!<br \/><strong>Caracter\u00edsticas principales:<\/strong><br \/>Paneles t\u00e1ctiles electr\u00f3nicos<br \/>13 idiomas incorporados<br \/>Sistema ICAPS para detectar los diferentes grosores de tejidos y conseguir la mejor calidad de costura<br \/>Sistema SFDS. Sistema de transmisi\u00f3n y alimentaci\u00f3n uniforme del arrastre para la calidad de puntada superior en cualquier tejido<br \/>Iluminaci\u00f3n ultra brillante<br \/>Bobina de ajuste r\u00e1pido<br \/>Puertos USB<br \/>Funci\u00f3n de subida \/ bajada del pr\u00e9nsatelas autom\u00e1tico<br \/><strong>Caracter\u00edsticas de bordado:<\/strong><br \/>Gran \u00e1rea de bordado de 200 x 300 mm<br \/>200 dise\u00f1os integrados<br \/>17 fuentes de bordado<br \/>Edici\u00f3n de bordado en pantallaPatr\u00f3n<br \/>Tama\u00f1o<br \/>Rotaci\u00f3n<br \/>Espejo<br \/>Velocidad de bordado de 1050 ppm<br \/><strong>Caracter\u00edsticas de costura:<\/strong><br \/>M\u00e1s de 500 puntadas \u00fatiles<br \/>Puntadas decorativas extra anchas de hasta 40 mm de ancho<br \/>55 tipos de letra<br \/>14 tipos de ojales<br \/>Enhebrado autom\u00e1tico<br \/>Funci\u00f3n de pie y pr\u00e9nsatelas autom\u00e1tico, perfecto para acolchados<br \/>Recortador autom\u00e1tico de puntadas de salto<br \/>Velocidad de costura de 1050 ppm<br \/>Costura multidireccional<br \/>29 posiciones de aguja<br \/>Levantamiento de rodilla para subir \/ bajar el pr\u00e9nsatelas<br \/>Funci\u00f3n de puntada de bloqueo<br \/>Espacio de costura extra grande<br \/><strong>Accesorios incluidos:<\/strong><br \/>Pie de monograma \u201cN\u201d<br \/>Pie de zigzag \u201cJ\u201d (en la m\u00e1quina)<br \/>Pie de recubrimiento \u201cG\u201d<br \/>Pie de cremallera \u201cI\u201d<br \/>Pie de ojal \u201cA\u201d<br \/>Pie de puntada invisible \u201cR\u201d<br \/>Pie de ajuste de bot\u00f3n \u201cM\u201d<br \/>Pie de bordado \u201cW\u201d<br \/>Movimiento libre punta abierta<br \/>Pie para acolchado<br \/>Tornillo<br \/>Adaptador \u201cO\u201d<br \/>Juego de agujas: 75\/11 2 agujas, 90\/14 2 agujas, 90\/14 2 agujas: aguja de punta esf\u00e9rica (color dorado)<br \/>Aguja doble aguja 2.0 \/ 11<br \/>Juego de agujas de punta esf\u00e9rica 75 \/ 11 2 agujas: aguja de punta redonda para el bordado HAX130EBBR<br \/>Bobina \u00d7 10 (Una bobina est\u00e1 en la m\u00e1quina)<br \/>Abrojales<br \/>Tijeras<br \/>Cepillo de limpieza<br \/>Ojal punz\u00f3n<br \/>Destornillador (peque\u00f1o, grande y de disco)<br \/>Pasador del carrete vertical<br \/>Tapa del carrete (grande, mediana, peque\u00f1a y especial)<br \/>Clip de la bobina \u00d7 10<br \/>Fieltro del carrete (en la m\u00e1quina)<br \/>Red de carrete \u00d7 2<br \/>Cubierta de la placa de la aguja de bordado<br \/>L\u00e1piz t\u00e1ctil (stylus)<br \/>Levantador de rodilla<br \/>Cable USB<br \/>Estuche de la bobina alternativa (sin color en el tornillo)<br \/>Estuche de la canilla (gris, para el trabajo de la canilla)<br \/>Cubierta de la canilla gu\u00eda del cable (con un solo orificio)<br \/>Cubierta de la canilla (con marca)<br \/>Canilla cubierta (en la m\u00e1quina)<br \/>Controlador de pedal<br \/>Conjunto de bastidor de bordado (extra grande) 300 x 200 mm<br \/>Conjunto de bastidor de bordado (mediano) 10 x 10 mm<br \/>Hilo de la bobina de bordado<br \/>Material estabilizador<br \/>Juego de s\u00e1banas cuadriculadas<br \/>L\u00e1piz de tiza<br \/>Tapa anti polvo<br \/>Bolsa de accesorios<\/p>\n","protected":false},"excerpt":{"rendered":"<p><span style=\"font-family: Karla, sans-serif;font-size: 17px\">El Brother V5LE es una m\u00e1quina de coser y bordar avanzada y vers\u00e1til dise\u00f1ada para satisfacer las necesidades tanto de principiantes como de profesionales.<\/span><\/p>\n","protected":false},"featured_media":858,"comment_status":"open","ping_status":"closed","template":"","meta":[],"product_brand":[],"product_cat":[83],"product_tag":[],"class_list":{"0":"post-828","1":"product","2":"type-product","3":"status-publish","4":"has-post-thumbnail","6":"product_cat-brother-domesticas","8":"first","9":"instock","10":"taxable","11":"shipping-taxable","12":"product-type-simple"},"_links":{"self":[{"href":"https:\/\/macozag.com\/index.php?rest_route=\/wp\/v2\/product\/828","targetHints":{"allow":["GET"]}}],"collection":[{"href":"https:\/\/macozag.com\/index.php?rest_route=\/wp\/v2\/product"}],"about":[{"href":"https:\/\/macozag.com\/index.php?rest_route=\/wp\/v2\/types\/product"}],"replies":[{"embeddable":true,"href":"https:\/\/macozag.com\/index.php?rest_route=%2Fwp%2Fv2%2Fcomments&post=828"}],"wp:featuredmedia":[{"embeddable":true,"href":"https:\/\/macozag.com\/index.php?rest_route=\/wp\/v2\/media\/858"}],"wp:attachment":[{"href":"https:\/\/macozag.com\/index.php?rest_route=%2Fwp%2Fv2%2Fmedia&parent=828"}],"wp:term":[{"taxonomy":"product_brand","embeddable":true,"href":"https:\/\/macozag.com\/index.php?rest_route=%2Fwp%2Fv2%2Fproduct_brand&post=828"},{"taxonomy":"product_cat","embeddable":true,"href":"https:\/\/macozag.com\/index.php?rest_route=%2Fwp%2Fv2%2Fproduct_cat&post=828"},{"taxonomy":"product_tag","embeddable":true,"href":"https:\/\/macozag.com\/index.php?rest_route=%2Fwp%2Fv2%2Fproduct_tag&post=828"}],"curies":[{"name":"wp","href":"https:\/\/api.w.org\/{rel}","templated":true}]}}