{"id":826,"date":"2025-03-02T18:55:46","date_gmt":"2025-03-02T18:55:46","guid":{"rendered":"http:\/\/macozag.com\/?post_type=product&#038;p=826"},"modified":"2025-03-02T18:56:06","modified_gmt":"2025-03-02T18:56:06","slug":"brother-xe1-stellaire","status":"publish","type":"product","link":"https:\/\/macozag.com\/?product=brother-xe1-stellaire","title":{"rendered":"BROTHER XE1 STELLAIRE"},"content":{"rendered":"<p>Brother STELLAIRE XE1<br \/>La m\u00e1quina de bordar Stellaire Innov-is XE1 cuenta con un puntero de aguja de ca\u00edda LED para un posicionamiento perfecto con precisi\u00f3n l\u00e1ser y velocidades de bordado\u00a0muy elevadas de hasta 1.050 spm. Equipada con una pantalla LCD HD brillante de 10.1&#8243; e iluminaci\u00f3n LED mejorada con cinco configuraciones disponibles, incluida la desactivaci\u00f3n. Adem\u00e1s, cuenta con un\u00a0\u00e1rea de bordado de gran tama\u00f1o de 240 x 360 mm y 11,25\u2033 (286 mm) desde la aguja hasta el brazo,\u00a0permitiendo que siempre\u00a0haya espacio para crear sin limite.\u00a0Permite el trabajo con todo tipo de telas, desde\u00a0edredones hasta cortinas, vestidos de novia y abrigos voluminosos,\u00a0con esta m\u00e1quina puede realizar pr\u00e1cticamente cualquier trabajo de bordado con la mayor velocidad y comodidad posibles.<br \/>Deja volar tu imaginaci\u00f3n y creatividad con la extensa biblioteca de m\u00e1s de 700 dise\u00f1os de bordado incorporados, incluidos Disney y monogramas. Despierta al artista que llevas dentro con la edici\u00f3n de texto f\u00e1cil de usar, la mezcla de colores y las paletas de colores de hilo mejoradas, con opciones de marca y color ampliadas.\u00a0Interact\u00faa f\u00e1cilmente desde tu m\u00f3vil con la nueva aplicaci\u00f3n My Design Snap de Stellaire. Utiliza el dispositivo m\u00f3vil para una edici\u00f3n de bordado r\u00e1pida, f\u00e1cil y precisa. Simplemente toma una fotograf\u00eda de la tela en el bastidor de bordado especial y env\u00eda los datos de forma inal\u00e1mbrica a su Stellaire Innov-is XE1.<br \/><strong>Caracter\u00edsticas principales:<\/strong><br \/>\u00c1rea de bordado extra grande: 9,5 x 14 \u201c(360 x 240 mm)<br \/>Velocidad de bordado de hasta 1050 rpm<br \/>Pantalla LCD de alta resoluci\u00f3n de 10,1 \u201d<br \/>727 dise\u00f1os de bordado incorporados, incluidos 101 dise\u00f1os de Disney<br \/>24 fuentes de bordado (22 alfabetos y 2 fuentes cir\u00edlicas)<br \/>Capacidad inal\u00e1mbrica para trabajar con la aplicaci\u00f3n My Design Snap<br \/>Funci\u00f3n de puntada a bloque:\u00a0modifica el tama\u00f1o del bordado manteniendo la densidad de la puntada<br \/>Pie de bordado con puntero LED<br \/>Funciones de edici\u00f3n de fuentes mejoradas<br \/>Mezcla de colores con configuraci\u00f3n favorita<br \/>Enhebrado de agujas electr\u00f3nico autom\u00e1tico<br \/>Recortador de puntadas de salto autom\u00e1tico<br \/>Puerto USB: facilita la importaci\u00f3n de dise\u00f1os<br \/>17 pel\u00edculas de ense\u00f1anza integradas<br \/><strong>Accesorios incluidos:<\/strong><br \/>Pr\u00e9nsatelas de bordado \u201cW+\u201d con puntero LED (en la m\u00e1quina)<br \/>Juego de agujas \u2013 6 agujas 75\/11: Aguja con punta de bola para bordados<br \/>Canilla x 10 (una en la m\u00e1quina)<br \/>Abrojales<br \/>Tijeras<br \/>Cepillo de limpieza<br \/>Destornillador (grande)<br \/>Destornillador (peque\u00f1o)<br \/>Destornillador de disco<br \/>Tapa del carrete (grande)<br \/>Tapa del carrete (mediana) x 2 (Una est\u00e1 colocada en la m\u00e1quina.)<br \/>Tapa de carrete (peque\u00f1a)<br \/>Porta carrete (carretes de hilo mini-exta largo)<br \/>Porta carrete vertical<br \/>Fieltro del carrete (en la m\u00e1quina)<br \/>Red x 2<br \/>Cubierta de la placa de aguja para bordado<br \/>L\u00e1piz t\u00e1ctil (Stylus)<br \/>Caja de la bobina (sin color en el tornillo) (en la m\u00e1quina)<br \/>Tapa de la canilla (en la m\u00e1quina)<br \/>Bolsa de accesorios<br \/>Bastidor con kit para calcoman\u00eda A 36 cm \u00d7 L 24 cm (A 14 in \u00d7 L 9.5 in)<br \/>Bastidor con kit para calcoman\u00eda A 18 cm \u00d7 L 13 cm (A 7 in \u00d7 L 5 in)<br \/>Bobina de hilo para bordar (#90, blanco)<br \/>Hojas adhesivas de posicionamiento bordado x 4<br \/>Manual de instrucciones<br \/>Gu\u00eda de referencia r\u00e1pida<br \/>Material estabilizador<br \/>Sujeta bobinas x10<\/p>\n","protected":false},"excerpt":{"rendered":"<p>La m\u00e1quina de bordar Brother XE1 ofrece caracter\u00edsticas innovadoras con una alta calidad de bordado en los detalles. Gracias al brazo extra largo, se dispone de una gran espacio de trabajo que ofrece mucha m\u00e1s comodidad en las creaciones de bordado. Ofrece una pantalla LCD de alta resoluci\u00f3n para poder interactuar y modificar los dise\u00f1os sin limites.<br \/>\u00c1rea de bordado extra grande: 9,5 x 14 \u201c(360 x 240 mm)<br \/>Velocidad de bordado de hasta 1050 rpm<br \/>Pantalla LCD de alta resoluci\u00f3n de 10,1 \u201d<br \/>727 dise\u00f1os de bordado incorporados, incluidos 101 dise\u00f1os de Disney<br \/>24 fuentes de bordado (22 alfabetos y 2 fuentes cir\u00edlicas)<\/p>\n","protected":false},"featured_media":856,"comment_status":"open","ping_status":"closed","template":"","meta":[],"product_brand":[],"product_cat":[83],"product_tag":[],"class_list":{"0":"post-826","1":"product","2":"type-product","3":"status-publish","4":"has-post-thumbnail","6":"product_cat-brother-domesticas","8":"first","9":"instock","10":"taxable","11":"shipping-taxable","12":"product-type-simple"},"_links":{"self":[{"href":"https:\/\/macozag.com\/index.php?rest_route=\/wp\/v2\/product\/826","targetHints":{"allow":["GET"]}}],"collection":[{"href":"https:\/\/macozag.com\/index.php?rest_route=\/wp\/v2\/product"}],"about":[{"href":"https:\/\/macozag.com\/index.php?rest_route=\/wp\/v2\/types\/product"}],"replies":[{"embeddable":true,"href":"https:\/\/macozag.com\/index.php?rest_route=%2Fwp%2Fv2%2Fcomments&post=826"}],"wp:featuredmedia":[{"embeddable":true,"href":"https:\/\/macozag.com\/index.php?rest_route=\/wp\/v2\/media\/856"}],"wp:attachment":[{"href":"https:\/\/macozag.com\/index.php?rest_route=%2Fwp%2Fv2%2Fmedia&parent=826"}],"wp:term":[{"taxonomy":"product_brand","embeddable":true,"href":"https:\/\/macozag.com\/index.php?rest_route=%2Fwp%2Fv2%2Fproduct_brand&post=826"},{"taxonomy":"product_cat","embeddable":true,"href":"https:\/\/macozag.com\/index.php?rest_route=%2Fwp%2Fv2%2Fproduct_cat&post=826"},{"taxonomy":"product_tag","embeddable":true,"href":"https:\/\/macozag.com\/index.php?rest_route=%2Fwp%2Fv2%2Fproduct_tag&post=826"}],"curies":[{"name":"wp","href":"https:\/\/api.w.org\/{rel}","templated":true}]}}