{"id":825,"date":"2025-03-02T18:55:46","date_gmt":"2025-03-02T18:55:46","guid":{"rendered":"http:\/\/macozag.com\/?post_type=product&#038;p=825"},"modified":"2025-03-02T18:56:05","modified_gmt":"2025-03-02T18:56:05","slug":"brother-xp1","status":"publish","type":"product","link":"https:\/\/macozag.com\/?product=brother-xp1","title":{"rendered":"BROTHER XP1"},"content":{"rendered":"<p>Detalles de M\u00e1quinas de coser y Bordar. Brother Luminaire Innov-is XP1<br \/><strong>M\u00e1quinas de coser y Bordar. Brother Luminaire Innov-is XP1<\/strong><\/p>\n<p>Os presentamos otro concepto de costura. La revolucionaria tecnolog\u00eda StitchVision, que a trav\u00e9s de su innovadora proyecci\u00f3n de luz\u00a0 realiza una perfecta puntada.<br \/>La perfecci\u00f3n en costura, bordado y acolchado.<br \/>Gracias a la \u00faltima tecnologia en el mercado. Funciona como una Tablet<\/p>\n<p>El sistema StitchVision posiciona virtualmente y perfectamente las puntadas y vistas previas para facilitarnos con total precisi\u00f3n la proyecci\u00f3n inteligente de la luz.<\/p>\n<p>La amplia zona de trabajo va a permitir trabajar con gran libertad y sobre todo comodidad para coser con 165 cm2 de espacio de trabajo. Con estas medidas podr\u00e1 trabajar con cualquier proyecto que pueda imaginar. La distancia entre la aguja y el brazo es de 13.1\u201d es la m\u00e1s amplia hasta la fecha para que se hagan una idea se puede trabajar perfectamente con una colcha enrollada de tama\u00f1o grande.<\/p>\n<p>La pantalla t\u00e1ctil es como una tablet. Ya estamos muy acostumbrados a este tipo de tecnolog\u00eda y lo que hace es ser super intuitiva y sencillo el manejo.<br \/>El interfaz de usuario ofrece iconos grandes y definidos, por supuesto la navegaci\u00f3n es a color , lo que nos hace m\u00e1s atractivo y mucho m\u00e1s visual ver los dise\u00f1os.<\/p>\n<p>Manual de instrucciones integrado y videos tutoriales. Los tutoriales incorporados en HD ( versi\u00f3n 1.2) facilitan el aprendizaje. No tendr\u00e1 ninguna duda en su funcionamiento. Con m\u00e1s de 30 videos tutorales incluso puede a\u00f1adir sus propias creaciones utilizando el formato MP4 ( est\u00e1ndar ).<\/p>\n<p>Los bordados incorporados incluyen dise\u00f1os de Disney, Zundt, Anna Alumno, Zen Tangle y Pierre Joseph Redoute.<\/p>\n<p>1157 Bordados<br \/>192 Personajes de Disney<br \/>10 Puntadas decorativas Disney<br \/>670 Puntadas decorativa<br \/>24 Fuentes de letras<br \/>4 Fuentes de letra de costura<br \/>Puede devanar la bobina mientras est\u00e1 cosiendo<\/p>\n<p>La tecnolog\u00eda Innoveye Plus muy mejorada. Realmente es como tener una c\u00e1mara y un esc\u00e1ner integrados. Esta tecnolog\u00eda nos garantiza que los proyectos que ideemos sean perfectos.<\/p>\n<p>No podemos olvidar la tecnolog\u00eda InnovEye Plus. Que detecta el bot\u00f3n y ajusta autom\u00e1ticamente el tama\u00f1o del ojal.<br \/>Con la funci\u00f3n del agujero de bot\u00f3n de detecci\u00f3n de c\u00e1mara vamos a realizar un ojal\u00e1 donde deseemos.<br \/>Y con las nuevas placas estabilizadoras, realiza el ojal limpio y f\u00e1cil por que elimina el retorcido de la tela.<\/p>\n<p>Con \u201cmi centro de dise\u00f1o\u201d Enhanced My Desing Center ofrece grandes facilidades para realizar cualquier dise\u00f1o al alcance de nuestra\u00a0 mano, sin necesidad de un PC. Crear obras de arte personalizadas nunca fue tan f\u00e1cil. Simplemente con 3 pasos: Escaneo, Convertir y Bordar.<\/p>\n<p>Caracter\u00edsticas:<br \/>M\u00e1quinas de coser y bordar con pantalla t\u00e1ctil a color.<br \/>Sistema SFDS. Sistema de transmisi\u00f3n y alimentaci\u00f3n uniforme del arrastre para la calidad de puntada superior en cualquier tejido.<br \/>Sistema ICAPS para detectar los diferentes grosores de tejidos y conseguir la mejor calidad de la costura.<br \/>1157 dise\u00f1os de bordado<br \/>192 personajes de Disney y Pixar<br \/>670 puntadas decorativas integradas<br \/>10 costuras con motivos de Disney<br \/>42 fuentes de letras de bordado<br \/>4 motivos de letras de costura<br \/>L\u00e1ser puntero para la posici\u00f3n de bordado<br \/>L\u00e1ser Lineal para saber la posici\u00f3n de costura ( regulable)<br \/>Tecnolog\u00eda Stitch Vision para previsualizar puntadas y dise\u00f1os de bordado<br \/>Gran pantalla LCD de alta definici\u00f3n 10,1<br \/>Tensi\u00f3n autom\u00e1tica de hilo<br \/>Funci\u00f3n de pivot. El prensatelas se levanta autom\u00e1ticamente<br \/>Hasta 1050 puntadas por minuto<br \/>Alzaprensatelas de rodillera, autom\u00e1tico y manual.<br \/>Enhebrador autom\u00e1tico hilo<br \/>Cortahilos y retirada de hilos autom\u00e1tico<\/p>\n","protected":false},"excerpt":{"rendered":"<p><span style=\", Helvetica, Arial, sans-serif;font-size: 16px\">La perfecci\u00f3n en costura, bordado y acolchado.<\/span><\/p>\n","protected":false},"featured_media":855,"comment_status":"open","ping_status":"closed","template":"","meta":[],"product_brand":[],"product_cat":[83],"product_tag":[],"class_list":{"0":"post-825","1":"product","2":"type-product","3":"status-publish","4":"has-post-thumbnail","6":"product_cat-brother-domesticas","8":"first","9":"instock","10":"taxable","11":"shipping-taxable","12":"product-type-simple"},"_links":{"self":[{"href":"https:\/\/macozag.com\/index.php?rest_route=\/wp\/v2\/product\/825","targetHints":{"allow":["GET"]}}],"collection":[{"href":"https:\/\/macozag.com\/index.php?rest_route=\/wp\/v2\/product"}],"about":[{"href":"https:\/\/macozag.com\/index.php?rest_route=\/wp\/v2\/types\/product"}],"replies":[{"embeddable":true,"href":"https:\/\/macozag.com\/index.php?rest_route=%2Fwp%2Fv2%2Fcomments&post=825"}],"wp:featuredmedia":[{"embeddable":true,"href":"https:\/\/macozag.com\/index.php?rest_route=\/wp\/v2\/media\/855"}],"wp:attachment":[{"href":"https:\/\/macozag.com\/index.php?rest_route=%2Fwp%2Fv2%2Fmedia&parent=825"}],"wp:term":[{"taxonomy":"product_brand","embeddable":true,"href":"https:\/\/macozag.com\/index.php?rest_route=%2Fwp%2Fv2%2Fproduct_brand&post=825"},{"taxonomy":"product_cat","embeddable":true,"href":"https:\/\/macozag.com\/index.php?rest_route=%2Fwp%2Fv2%2Fproduct_cat&post=825"},{"taxonomy":"product_tag","embeddable":true,"href":"https:\/\/macozag.com\/index.php?rest_route=%2Fwp%2Fv2%2Fproduct_tag&post=825"}],"curies":[{"name":"wp","href":"https:\/\/api.w.org\/{rel}","templated":true}]}}