{"id":797,"date":"2025-03-02T18:55:22","date_gmt":"2025-03-02T18:55:22","guid":{"rendered":"http:\/\/macozag.com\/?post_type=product&#038;p=797"},"modified":"2025-10-08T11:20:43","modified_gmt":"2025-10-08T11:20:43","slug":"elna-3210-designed-for-jeans","status":"publish","type":"product","link":"https:\/\/macozag.com\/?product=elna-3210-designed-for-jeans","title":{"rendered":"ELNA Modelo eXplore 3210J dise\u00f1ada para tejanos"},"content":{"rendered":"<p><b><span dir=\"auto\">Caracter\u00edsticas<\/span><\/b><\/p>\n<ul>\n<li><span dir=\"auto\">Tama\u00f1o de la m\u00e1quina 423 x 302 x 187 mm<\/span><\/li>\n<li><span dir=\"auto\">Peso de la m\u00e1quina 8 kg<\/span><\/li>\n<li><span dir=\"auto\">19 puntadas<\/span><\/li>\n<li><span dir=\"auto\">La longitud m\u00e1xima de puntada es de 4 mm y ancho de zig-zag regulable m\u00e1x. 6,5mm<\/span><\/li>\n<li><span dir=\"auto\">La tensi\u00f3n del hilo es ajustable entre 0 y 9.<\/span><\/li>\n<li><span dir=\"auto\">Garfio horizontal con tapa canilla transparente<\/span><\/li>\n<li><span dir=\"auto\">Enhebrador de aguja integrado<\/span><\/li>\n<li><span dir=\"auto\">Gran fuerza de penetraci\u00f3n de la aguja en todo tipo de telas.<\/span><\/li>\n<li><span dir=\"auto\">Posici\u00f3n extra elevada de las prensatelas<\/span><\/li>\n<li><span dir=\"auto\">Dientes de transporte escamoteables<\/span><\/li>\n<li><span dir=\"auto\">Brazo libre facilitando las costuras circulares<\/span><\/li>\n<li><span dir=\"auto\">\u00c1rea de brazo libre 160mm<\/span><\/li>\n<li><span dir=\"auto\">\u00c1rea de trabajo 70mm<\/span><\/li>\n<li><span dir=\"auto\">5 posiciones de agujas<\/span><\/li>\n<li><span dir=\"auto\">Prensatelas f\u00e1cilmente intercambiables sistema Snap on<\/span><\/li>\n<li><span dir=\"auto\">2 Portacarretes verticales<\/span><\/li>\n<li><span dir=\"auto\">Puntada inversa accionada por palanca<\/span><\/li>\n<li><span dir=\"auto\">Devanador de f\u00e1cil desconexi\u00f3n<\/span><\/li>\n<li><span dir=\"auto\">Iluminaci\u00f3n por LED blanca<\/span><\/li>\n<li><span dir=\"auto\">Caj\u00f3n extra\u00edble para el almacenamiento de los accesorios.<\/span><\/li>\n<li><span dir=\"auto\">Medidas r\u00e1pidas en cent\u00edmetros y pulgadas<\/span><\/li>\n<li><span dir=\"auto\">Asa para facilitar el transporte.<\/span><\/li>\n<li><span dir=\"auto\">Velocidad de la m\u00e1quina de 820 ppm<\/span><\/li>\n<\/ul>\n<p><b><span dir=\"auto\">Accesorios est\u00e1ndar<\/span><\/b><\/p>\n<ul>\n<li><span dir=\"auto\">Prensatelas est\u00e1ndar<\/span><\/li>\n<li><span dir=\"auto\">Prensatelas para ojales<\/span><\/li>\n<li><span dir=\"auto\">Prensatelas puntada invisible<\/span><\/li>\n<li><span dir=\"auto\">Prensatelas para sobrehilado<\/span><\/li>\n<li><span dir=\"auto\">Prensatelas para cremallera<\/span><\/li>\n<li><span dir=\"auto\">Prensatelas para realce<\/span><\/li>\n<li><span dir=\"auto\">Prensatelas para dobladillo enrollado<\/span><\/li>\n<li><span dir=\"auto\">Gu\u00eda de acolchado<\/span><\/li>\n<li><span dir=\"auto\">4 canillas<\/span><\/li>\n<li><span dir=\"auto\">Desescosedor<\/span><\/li>\n<li><span dir=\"auto\">Surtido de agujas<\/span><\/li>\n<li><span dir=\"auto\">Un tope bobina de hilo peque\u00f1o<\/span><\/li>\n<li><span dir=\"auto\">Un tope bobina de hilo grande<\/span><\/li>\n<li><span dir=\"auto\">Portabobina adicional<\/span><\/li>\n<li><span dir=\"auto\">Bobina de campo<\/span><\/li>\n<li><span dir=\"auto\">Destornillador largo y corto<\/span><\/li>\n<li><span dir=\"auto\">Cepillo de limpieza<\/span><\/li>\n<li><span dir=\"auto\">Pedal<\/span><\/li>\n<li><span dir=\"auto\">Cubierta de protecci\u00f3n de tejido vaquero<\/span><\/li>\n<\/ul>\n","protected":false},"excerpt":{"rendered":"<p><span style=\"font-family: Arial, Helvetica, sans-serif; font-size: 12px;\">Es resistente, fiable y f\u00e1cil de utilizar, dise\u00f1ado para trabajar incluso con los materiales m\u00e1s pesados.<\/span><\/p>\n","protected":false},"featured_media":1180,"comment_status":"open","ping_status":"closed","template":"","meta":[],"product_brand":[],"product_cat":[82],"product_tag":[],"class_list":{"0":"post-797","1":"product","2":"type-product","3":"status-publish","4":"has-post-thumbnail","6":"product_cat-elna","8":"first","9":"instock","10":"sale","11":"taxable","12":"shipping-taxable","13":"purchasable","14":"product-type-simple"},"_links":{"self":[{"href":"https:\/\/macozag.com\/index.php?rest_route=\/wp\/v2\/product\/797","targetHints":{"allow":["GET"]}}],"collection":[{"href":"https:\/\/macozag.com\/index.php?rest_route=\/wp\/v2\/product"}],"about":[{"href":"https:\/\/macozag.com\/index.php?rest_route=\/wp\/v2\/types\/product"}],"replies":[{"embeddable":true,"href":"https:\/\/macozag.com\/index.php?rest_route=%2Fwp%2Fv2%2Fcomments&post=797"}],"wp:featuredmedia":[{"embeddable":true,"href":"https:\/\/macozag.com\/index.php?rest_route=\/wp\/v2\/media\/1180"}],"wp:attachment":[{"href":"https:\/\/macozag.com\/index.php?rest_route=%2Fwp%2Fv2%2Fmedia&parent=797"}],"wp:term":[{"taxonomy":"product_brand","embeddable":true,"href":"https:\/\/macozag.com\/index.php?rest_route=%2Fwp%2Fv2%2Fproduct_brand&post=797"},{"taxonomy":"product_cat","embeddable":true,"href":"https:\/\/macozag.com\/index.php?rest_route=%2Fwp%2Fv2%2Fproduct_cat&post=797"},{"taxonomy":"product_tag","embeddable":true,"href":"https:\/\/macozag.com\/index.php?rest_route=%2Fwp%2Fv2%2Fproduct_tag&post=797"}],"curies":[{"name":"wp","href":"https:\/\/api.w.org\/{rel}","templated":true}]}}