{"id":785,"date":"2025-03-02T18:54:59","date_gmt":"2025-03-02T18:54:59","guid":{"rendered":"http:\/\/macozag.com\/?post_type=product&#038;p=785"},"modified":"2025-10-08T11:45:35","modified_gmt":"2025-10-08T11:45:35","slug":"excellence-680","status":"publish","type":"product","link":"https:\/\/macozag.com\/?product=excellence-680","title":{"rendered":"ELNA Modelo 680+"},"content":{"rendered":"<p><b><span dir=\"auto\">Caracter\u00edsticas<\/span><\/b><\/p>\n<ul>\n<li><span dir=\"auto\">Tama\u00f1o de la m\u00e1quina 475 x 316 x 223 mm<\/span><\/li>\n<li><span dir=\"auto\">Peso de la m\u00e1quina 10 kg<\/span><\/li>\n<li><span dir=\"auto\">170 puntadas, incluyendo 10 tipos de ojales en un solo paso<\/span><\/li>\n<li><span dir=\"auto\">Sistema cortah\u00edlos accionado por bot\u00f3n<\/span><\/li>\n<li><span dir=\"auto\">Incluye 2 alfabetos<\/span><\/li>\n<li><span dir=\"auto\">Memoria con un m\u00e1ximo de 50 caracteres<\/span><\/li>\n<li><span dir=\"auto\">La longitud m\u00e1xima de puntada es de 5 mm y ancho de zig-zag regulable m\u00e1x. 9mm<\/span><\/li>\n<li><span dir=\"auto\">El control de la tensi\u00f3n del hilo es semiautom\u00e1tico.<\/span><\/li>\n<li><span dir=\"auto\">Garfio horizontal con tapa bobina transparente<\/span><\/li>\n<li><span dir=\"auto\">Brazo libre facilitando las costuras circulares<\/span><\/li>\n<li><span dir=\"auto\">Prensatelas f\u00e1cilmente intercambiables sistema Snap on<\/span><\/li>\n<li><span dir=\"auto\">Enhebrador autom\u00e1tico f\u00e1cil y guiado<\/span><\/li>\n<li><span dir=\"auto\">91 posiciones de aguja<\/span><\/li>\n<li><span dir=\"auto\">Sensores de hilo superior y canilla<\/span><\/li>\n<li><span dir=\"auto\">7 hileras de dientes de arrastre escamoteables<\/span><\/li>\n<li><span dir=\"auto\">Sensor de dientes de arrastre<\/span><\/li>\n<li><span dir=\"auto\">Botones de acceso directo: star-stop, remate condensado, posicionador de aguja arriba y abajo, funci\u00f3n remate inversa, funci\u00f3n cortah\u00edlos autom\u00e1tico programable y regulador de velocidad<\/span><\/li>\n<li><span dir=\"auto\">Pantalla LCD tama\u00f1o 25,5x68mm<\/span><\/li>\n<li><span dir=\"auto\">Panel de control t\u00e1ctil<\/span><\/li>\n<li><span dir=\"auto\">Devanador de canilla con cortah\u00edlos autom\u00e1tico integrado<\/span><\/li>\n<li><span dir=\"auto\">Ajuste de presi\u00f3n de prensatelas<\/span><\/li>\n<li><span dir=\"auto\">Posici\u00f3n extra elevada de prensatelas manual<\/span><\/li>\n<li><span dir=\"auto\">Cambio placa aguja en un solo paso<\/span><\/li>\n<li><span dir=\"auto\">Puerto para pedal cortah\u00edlos<\/span><\/li>\n<li><span dir=\"auto\">\u00c1rea de costura 100mm<\/span><\/li>\n<li><span dir=\"auto\">Espacio de trabajo 210x120mm<\/span><\/li>\n<li><span dir=\"auto\">Iluminaci\u00f3n por 4 LEDS blancos en dos \u00e1reas de la m\u00e1quina<\/span><\/li>\n<li><span dir=\"auto\">Incluye tabla de referencias de puntadas en la cubierta superior.<\/span><\/li>\n<li><span dir=\"auto\">Almacenamiento frontal para accesorios<\/span><\/li>\n<li><span dir=\"auto\">Caj\u00f3n extra\u00edble para el almacenamiento de los accesorios.<\/span><\/li>\n<li><span dir=\"auto\">Asa para facilitar el transporte.<\/span><\/li>\n<li><span dir=\"auto\">Velocidad de la m\u00e1quina de 1000ppm<\/span><\/li>\n<\/ul>\n<p><b><span dir=\"auto\">Accesorios est\u00e1ndar<\/span><\/b><\/p>\n<ul>\n<li><span dir=\"auto\">5 prensatelas adicionales<\/span><\/li>\n<li><span dir=\"auto\">Prensatelas est\u00e1ndar<\/span><\/li>\n<li><span dir=\"auto\">Prensatelas sobrehilado<\/span><\/li>\n<li><span dir=\"auto\">Prensatelas de dobladillo enrollado<\/span><\/li>\n<li><span dir=\"auto\">Prensatelas de cremallera<\/span><\/li>\n<li><span dir=\"auto\">Prensatelas decorativas abiertas<\/span><\/li>\n<li><span dir=\"auto\">Prensatelas ojales autom\u00e1tico con placa estabilizadora<\/span><\/li>\n<li><span dir=\"auto\">Prensatelas con borde invisible<\/span><\/li>\n<li><span dir=\"auto\">Prensatelas puntada decorativa<\/span><\/li>\n<li><span dir=\"auto\">Prensatelas de 1\/4 de pulgada<\/span><\/li>\n<li><span dir=\"auto\">Prensatelas zurcir<\/span><\/li>\n<li><span dir=\"auto\">Prensatelas para acolchado libre convertible (incluye: base cerrada, abierta y transparente)<\/span><\/li>\n<li><span dir=\"auto\">Prensatelas doble arrastre<\/span><\/li>\n<li><span dir=\"auto\">Prensatelas para botones<\/span><\/li>\n<li><span dir=\"auto\">Pin costura circular<\/span><\/li>\n<li><span dir=\"auto\">Barra gu\u00eda para acolchado<\/span><\/li>\n<li><span dir=\"auto\">Barra a\u00e9rea para prensatelas doble arrastre<\/span><\/li>\n<li><span dir=\"auto\">Placa aguja de puntada recta<\/span><\/li>\n<li><span dir=\"auto\">Kit de 10 unidades de Easy bobbins con caja organizadora<\/span><\/li>\n<li><span dir=\"auto\">Mesa de extensi\u00f3n extra grande incluida (50x30cm)<\/span><\/li>\n<li><span dir=\"auto\">Rodillera ajustable<\/span><\/li>\n<li><span dir=\"auto\">5 canillas<\/span><\/li>\n<li><span dir=\"auto\">Desescosedor<\/span><\/li>\n<li><span dir=\"auto\">Surtido de agujas<\/span><\/li>\n<li><span dir=\"auto\">Dos topes bobina de hilo peque\u00f1o<\/span><\/li>\n<li><span dir=\"auto\">Dos topes bobina de hilo grande<\/span><\/li>\n<li><span dir=\"auto\">Dos topes bobina especial<\/span><\/li>\n<li><span dir=\"auto\">Portabobina adicional<\/span><\/li>\n<li><span dir=\"auto\">Destornillador<\/span><\/li>\n<li><span dir=\"auto\">L\u00e1piz t\u00e1ctil<\/span><\/li>\n<li><span dir=\"auto\">Pedal<\/span><\/li>\n<li><span dir=\"auto\">V\u00eddeo instructivo(elna web)<\/span><\/li>\n<li><span dir=\"auto\">Cubierta de protecci\u00f3n semir\u00edgida<\/span><\/li>\n<\/ul>\n","protected":false},"excerpt":{"rendered":"<p>Esta moderna m\u00e1quina de coser computarizada te apoya perfectamente en tus proyectos de costura. Fiable y vers\u00e1til, la Elna 680+ dominar\u00e1 cualquier proyecto de costura. Es tan adecuado para costureras aficionadas con experiencia como para principiantes que quieran desarrollar su talento en la costura<\/p>\n","protected":false},"featured_media":1190,"comment_status":"open","ping_status":"closed","template":"","meta":[],"product_brand":[],"product_cat":[82],"product_tag":[],"class_list":{"0":"post-785","1":"product","2":"type-product","3":"status-publish","4":"has-post-thumbnail","6":"product_cat-elna","8":"first","9":"instock","10":"sale","11":"taxable","12":"shipping-taxable","13":"purchasable","14":"product-type-simple"},"_links":{"self":[{"href":"https:\/\/macozag.com\/index.php?rest_route=\/wp\/v2\/product\/785","targetHints":{"allow":["GET"]}}],"collection":[{"href":"https:\/\/macozag.com\/index.php?rest_route=\/wp\/v2\/product"}],"about":[{"href":"https:\/\/macozag.com\/index.php?rest_route=\/wp\/v2\/types\/product"}],"replies":[{"embeddable":true,"href":"https:\/\/macozag.com\/index.php?rest_route=%2Fwp%2Fv2%2Fcomments&post=785"}],"wp:featuredmedia":[{"embeddable":true,"href":"https:\/\/macozag.com\/index.php?rest_route=\/wp\/v2\/media\/1190"}],"wp:attachment":[{"href":"https:\/\/macozag.com\/index.php?rest_route=%2Fwp%2Fv2%2Fmedia&parent=785"}],"wp:term":[{"taxonomy":"product_brand","embeddable":true,"href":"https:\/\/macozag.com\/index.php?rest_route=%2Fwp%2Fv2%2Fproduct_brand&post=785"},{"taxonomy":"product_cat","embeddable":true,"href":"https:\/\/macozag.com\/index.php?rest_route=%2Fwp%2Fv2%2Fproduct_cat&post=785"},{"taxonomy":"product_tag","embeddable":true,"href":"https:\/\/macozag.com\/index.php?rest_route=%2Fwp%2Fv2%2Fproduct_tag&post=785"}],"curies":[{"name":"wp","href":"https:\/\/api.w.org\/{rel}","templated":true}]}}