{"id":766,"date":"2025-03-02T18:54:33","date_gmt":"2025-03-02T18:54:33","guid":{"rendered":"http:\/\/macozag.com\/?post_type=product&#038;p=766"},"modified":"2025-10-09T09:00:59","modified_gmt":"2025-10-09T09:00:59","slug":"easycover","status":"publish","type":"product","link":"https:\/\/macozag.com\/?product=easycover","title":{"rendered":"ELNA Modelo EASYCOVER recubridora de 4 hilos"},"content":{"rendered":"<p>&nbsp;<\/p>\n<div class=\"descLeft\"><b><span dir=\"auto\">Caracter\u00edsticas<\/span><\/b><\/p>\n<ul>\n<li><span dir=\"auto\">Tama\u00f1o de la m\u00e1quina 412 x 335 x 243 mm<\/span><\/li>\n<li><span dir=\"auto\">Peso de la m\u00e1quina 8,1 Kg<\/span><\/li>\n<li><span dir=\"auto\">Brazo libre \/ base plana<\/span><\/li>\n<li><span dir=\"auto\">\u00c1rea de costura extra ancha (143 mm x 100 mm)<\/span><\/li>\n<li><span dir=\"auto\">Gu\u00eda de enhebrado r\u00e1pido por colores<\/span><\/li>\n<li><span dir=\"auto\">Sistema de liberaci\u00f3n f\u00e1cil para el enhebrado del \u00e1ncora<\/span><\/li>\n<li><span dir=\"auto\">Ajuste manual de la tensi\u00f3n del hilo<\/span><\/li>\n<li><span dir=\"auto\">Control de tensi\u00f3n (TLC) para ajuste autom\u00e1tico para tejidos finos o est\u00e1ndar (no disponible para puntada recubierta superior)<\/span><\/li>\n<li><span dir=\"auto\">Dispositivo de liberaci\u00f3n de tensi\u00f3n.<\/span><\/li>\n<li><span dir=\"auto\">Presi\u00f3n de prensatelas ajustable<\/span><\/li>\n<li><span dir=\"auto\">Sistema de cambio de prensatelas Snap-on<\/span><\/li>\n<li><span dir=\"auto\">Cortah\u00edlos integrado<\/span><\/li>\n<li><span dir=\"auto\">1 luz LED<\/span><\/li>\n<li><span dir=\"auto\">4 portaconos<\/span><\/li>\n<li><span dir=\"auto\">Antena telesc\u00f3pica para hilo<\/span><\/li>\n<li><span dir=\"auto\">Asa de transporte<\/span><\/li>\n<\/ul>\n<p><b><span dir=\"auto\">Caracter\u00edsticas de costura:<\/span><\/b><\/p>\n<ul>\n<li><span dir=\"auto\">4 programas de costura<\/span><\/li>\n<li><span dir=\"auto\">2, 3 o 4 hilos<\/span><\/li>\n<li><span dir=\"auto\">Costura con 1, 2 o 3 agujas<\/span><\/li>\n<li><span dir=\"auto\">Ancho de puntada 3 agujas &#8211; 6 mm<\/span><\/li>\n<li><span dir=\"auto\">Ancho de puntada 2 agujas &#8211; 6 mm (ancha) y 3 mm (estrecha)<\/span><\/li>\n<li><span dir=\"auto\">Longitud de punta ajustable entre 1 y 4 mm<\/span><\/li>\n<li><span dir=\"auto\">Arrastre diferencial de 0,5 a 2,25<\/span><\/li>\n<li><span dir=\"auto\">Velocidad m\u00e1xima: 1000 ppm<\/span><\/li>\n<\/ul>\n<p><b><span dir=\"auto\">Tipos de costuras:<\/span><\/b><\/p>\n<ul>\n<li><span dir=\"auto\">Triple recubierta &#8211; 3 agujas y 4 hilos<\/span><\/li>\n<li><span dir=\"auto\">Doble recubierta ancha (6 mm) &#8211; 2 agujas y 3 hilos<\/span><\/li>\n<li><span dir=\"auto\">Doble recubierta estrecha (3 mm) &#8211; 2 agujas y 3 hilos<\/span><\/li>\n<li><span dir=\"auto\">Cadeneta &#8211; 1 aguja y 2 hilos<\/span><\/li>\n<\/ul>\n<\/div>\n<div class=\"descRight\"><b><span dir=\"auto\">Accesorios est\u00e1ndar<\/span><\/b><\/p>\n<ul>\n<li><span dir=\"auto\">Destornillador grande<\/span><\/li>\n<li><span dir=\"auto\">Destornillador peque\u00f1o<\/span><\/li>\n<li><span dir=\"auto\">Pincel de limpieza<\/span><\/li>\n<li><span dir=\"auto\">Juego de agujas<\/span><\/li>\n<li><span dir=\"auto\">Topes de bobina<\/span><\/li>\n<li><span dir=\"auto\">Redes<\/span><\/li>\n<li><span dir=\"auto\">Pinzas<\/span><\/li>\n<li><span dir=\"auto\">Enhebrador de aguja<\/span><\/li>\n<li><span dir=\"auto\">Pedal<\/span><\/li>\n<li><span dir=\"auto\">Funda<\/span><\/li>\n<li><span dir=\"auto\">Caja de accesorios<\/span><\/li>\n<\/ul>\n<\/div>\n","protected":false},"excerpt":{"rendered":"<p>La EASYCOVER es la recubridora m\u00e1s sencilla de utilizar. Es la perfecta compa\u00f1era de tu remalladora. Podr\u00e1s crear bordes en camisetas, cadenetas, goma, etc. Una calidad excepcional y comodidad para el usuario.<\/p>\n","protected":false},"featured_media":1281,"comment_status":"open","ping_status":"closed","template":"","meta":[],"product_brand":[],"product_cat":[82],"product_tag":[],"class_list":{"0":"post-766","1":"product","2":"type-product","3":"status-publish","4":"has-post-thumbnail","6":"product_cat-elna","8":"first","9":"instock","10":"sale","11":"taxable","12":"shipping-taxable","13":"purchasable","14":"product-type-simple"},"_links":{"self":[{"href":"https:\/\/macozag.com\/index.php?rest_route=\/wp\/v2\/product\/766","targetHints":{"allow":["GET"]}}],"collection":[{"href":"https:\/\/macozag.com\/index.php?rest_route=\/wp\/v2\/product"}],"about":[{"href":"https:\/\/macozag.com\/index.php?rest_route=\/wp\/v2\/types\/product"}],"replies":[{"embeddable":true,"href":"https:\/\/macozag.com\/index.php?rest_route=%2Fwp%2Fv2%2Fcomments&post=766"}],"wp:featuredmedia":[{"embeddable":true,"href":"https:\/\/macozag.com\/index.php?rest_route=\/wp\/v2\/media\/1281"}],"wp:attachment":[{"href":"https:\/\/macozag.com\/index.php?rest_route=%2Fwp%2Fv2%2Fmedia&parent=766"}],"wp:term":[{"taxonomy":"product_brand","embeddable":true,"href":"https:\/\/macozag.com\/index.php?rest_route=%2Fwp%2Fv2%2Fproduct_brand&post=766"},{"taxonomy":"product_cat","embeddable":true,"href":"https:\/\/macozag.com\/index.php?rest_route=%2Fwp%2Fv2%2Fproduct_cat&post=766"},{"taxonomy":"product_tag","embeddable":true,"href":"https:\/\/macozag.com\/index.php?rest_route=%2Fwp%2Fv2%2Fproduct_tag&post=766"}],"curies":[{"name":"wp","href":"https:\/\/api.w.org\/{rel}","templated":true}]}}