{"id":763,"date":"2025-03-02T18:54:33","date_gmt":"2025-03-02T18:54:33","guid":{"rendered":"http:\/\/macozag.com\/?post_type=product&#038;p=763"},"modified":"2025-10-09T08:52:45","modified_gmt":"2025-10-09T08:52:45","slug":"elna-845","status":"publish","type":"product","link":"https:\/\/macozag.com\/?product=elna-845","title":{"rendered":"ELNA Modelo 845 owerlock de 5 hilos con recubrimiento superior"},"content":{"rendered":"<div class=\"descLeft\">\n<div class=\"descLeft\"><b><span dir=\"auto\">Caracter\u00edsticas<\/span><\/b><\/p>\n<ul>\n<li style=\"list-style-type: none;\">\n<ul>\n<li><span dir=\"auto\">5\/4\/3\/2 hilos + recubierto + punto de manta o concha<\/span><\/li>\n<li><span dir=\"auto\">Panel de visualizaci\u00f3n de programas integrados.<\/span><\/li>\n<li><span dir=\"auto\">Puntada recubierta superior exclusiva: ancho de puntada 5 y 2 mm<\/span><\/li>\n<li><span dir=\"auto\">Puntada de cadeneta<\/span><\/li>\n<li><span dir=\"auto\">Liberaci\u00f3n de tensi\u00f3n del hilo por palanca.<\/span><\/li>\n<li><span dir=\"auto\">Tensi\u00f3n del hilo autom\u00e1tica<\/span><\/li>\n<li><span dir=\"auto\">Iluminaci\u00f3n por LED<\/span><\/li>\n<li><span dir=\"auto\">Convertidor a 2 hilos integrado<\/span><\/li>\n<li><span dir=\"auto\">Ancho del corte ajustable de 3 mm a 7 mm<\/span><\/li>\n<li><span dir=\"auto\">Gu\u00eda de enhebrado por colores<\/span><\/li>\n<li><span dir=\"auto\">Sistema de seguridad<\/span><\/li>\n<li><span dir=\"auto\">Programas de puntada: para 5 hilos (puntada de seguridad, puntada recubierta triple), para 4 hilos (puntada de seguridad, puntada de seguridad el\u00e1stica y fruncido), para 3 hilos (sobrehilado, cordoncillo estrecho y cordoncillo enrollado) y para 2 hilos (puntada plana, cord\u00f3n enrollado, cadeneta y sobrehilado)<\/span><\/li>\n<li><span dir=\"auto\">Placa aguja de repulgo incorporada<\/span><\/li>\n<li><span dir=\"auto\">Instalaci\u00f3n del enhebrado del \u00e1ncora inferior y el \u00e1ncora de seguridad (5h)<\/span><\/li>\n<li><span dir=\"auto\">Ajuste de presi\u00f3n de prensatelas<\/span><\/li>\n<li><span dir=\"auto\">Cuchilla superior activada, desactivada o bloqueada para tejidos gruesos<\/span><\/li>\n<li><span dir=\"auto\">Longitud de punta ajustable desde 0,5 a 5 mm<\/span><\/li>\n<li><span dir=\"auto\">Ajuste de arrastre diferencial 0,5 a 2<\/span><\/li>\n<li>Ancho de corte ajustable 7mm<\/li>\n<li><span dir=\"auto\">Velocidad de costura regulable hasta 1300 ppm<\/span><\/li>\n<li><span dir=\"auto\">Prensatelas f\u00e1cilmente intercambiables sistema Snap on<\/span><\/li>\n<\/ul>\n<\/li>\n<\/ul>\n<\/div>\n<div class=\"descRight\"><b><span dir=\"auto\">Accesorios est\u00e1ndar<\/span><\/b><\/p>\n<ul>\n<li><span dir=\"auto\">Mesa de extensi\u00f3n peque\u00f1a para la puntada de recubridora<\/span><\/li>\n<li><span dir=\"auto\">Pieza para salvar el \u00e1ncora<\/span><\/li>\n<li><span dir=\"auto\">Gu\u00eda de acolchado<\/span><\/li>\n<li><span dir=\"auto\">Llave inglesa<\/span><\/li>\n<li><span dir=\"auto\">Cuchilla superior<\/span><\/li>\n<li><span dir=\"auto\">Pinzas<\/span><\/li>\n<li><span dir=\"auto\">Surtido de agujas<\/span><\/li>\n<li><span dir=\"auto\">Destornilladores<\/span><\/li>\n<li><span dir=\"auto\">Gu\u00eda hilo auxiliar<\/span><\/li>\n<li><span dir=\"auto\">Cepillo de limpieza<\/span><\/li>\n<li><span dir=\"auto\">Sujeta conos<\/span><\/li>\n<li><span dir=\"auto\">Enhebrador de agujas<\/span><\/li>\n<li><span dir=\"auto\">Bloqueador de tensi\u00f3n<\/span><\/li>\n<li><span dir=\"auto\">Bandeja de residuos<\/span><\/li>\n<li><span dir=\"auto\">Pedal<\/span><\/li>\n<li><span dir=\"auto\">Funda de protecci\u00f3n<\/span><\/li>\n<li><span dir=\"auto\">Caja de accesorios<\/span><\/li>\n<li><span dir=\"auto\">Aceite<\/span><\/li>\n<li><span dir=\"auto\">Gu\u00eda de enhebrado redonda<\/span><\/li>\n<\/ul>\n<\/div>\n<\/div>\n","protected":false},"excerpt":{"rendered":"<p>Una costura de 5 hilos, la remalladora de alta gama. Su ajuste autom\u00e1tico de tensi\u00f3n hace que sea extremadamente sencillo de utilizar. Ofrece una amplia selecci\u00f3n de programas de puntada incluyendo la puntada recubierta superior<\/p>\n","protected":false},"featured_media":812,"comment_status":"open","ping_status":"closed","template":"","meta":[],"product_brand":[],"product_cat":[82],"product_tag":[],"class_list":{"0":"post-763","1":"product","2":"type-product","3":"status-publish","4":"has-post-thumbnail","6":"product_cat-elna","8":"first","9":"instock","10":"sale","11":"taxable","12":"shipping-taxable","13":"purchasable","14":"product-type-simple"},"_links":{"self":[{"href":"https:\/\/macozag.com\/index.php?rest_route=\/wp\/v2\/product\/763","targetHints":{"allow":["GET"]}}],"collection":[{"href":"https:\/\/macozag.com\/index.php?rest_route=\/wp\/v2\/product"}],"about":[{"href":"https:\/\/macozag.com\/index.php?rest_route=\/wp\/v2\/types\/product"}],"replies":[{"embeddable":true,"href":"https:\/\/macozag.com\/index.php?rest_route=%2Fwp%2Fv2%2Fcomments&post=763"}],"wp:featuredmedia":[{"embeddable":true,"href":"https:\/\/macozag.com\/index.php?rest_route=\/wp\/v2\/media\/812"}],"wp:attachment":[{"href":"https:\/\/macozag.com\/index.php?rest_route=%2Fwp%2Fv2%2Fmedia&parent=763"}],"wp:term":[{"taxonomy":"product_brand","embeddable":true,"href":"https:\/\/macozag.com\/index.php?rest_route=%2Fwp%2Fv2%2Fproduct_brand&post=763"},{"taxonomy":"product_cat","embeddable":true,"href":"https:\/\/macozag.com\/index.php?rest_route=%2Fwp%2Fv2%2Fproduct_cat&post=763"},{"taxonomy":"product_tag","embeddable":true,"href":"https:\/\/macozag.com\/index.php?rest_route=%2Fwp%2Fv2%2Fproduct_tag&post=763"}],"curies":[{"name":"wp","href":"https:\/\/api.w.org\/{rel}","templated":true}]}}