{"id":762,"date":"2025-03-02T18:54:32","date_gmt":"2025-03-02T18:54:32","guid":{"rendered":"http:\/\/macozag.com\/?post_type=product&#038;p=762"},"modified":"2025-10-09T08:54:12","modified_gmt":"2025-10-09T08:54:12","slug":"elna-864-air-extend","status":"publish","type":"product","link":"https:\/\/macozag.com\/?product=elna-864-air-extend","title":{"rendered":"ELNA Modelo 864air owerlock de 4 hilos"},"content":{"rendered":"<div class=\"descLeft\">\n<p><b><span dir=\"auto\">Caracter\u00edsticas<\/span><\/b><\/p>\n<ul>\n<li><span dir=\"auto\">Tama\u00f1o de la m\u00e1quina 347 x 299 x 284 mm<\/span><\/li>\n<li><span dir=\"auto\">Peso de la m\u00e1quina 7,9 kg\/li&gt;<\/span><\/li>\n<li><span dir=\"auto\">4\/3\/2 hilos<\/span><\/li>\n<li><span dir=\"auto\">Tensi\u00f3n hilo manual<\/span><\/li>\n<li><span dir=\"auto\">Selector de tensi\u00f3n manual<\/span><\/li>\n<li><span dir=\"auto\">Programas de puntada: para 4 hilos (puntada de seguridad, puntada de seguridad el\u00e1stica, sobrehilado decorativo y fruncido), para 3 hilos (sobrehilado normal, ancho, cordoncillo estrecho y cordoncillo enrollado, borde picot, puntada plana y jaretas) y para 2 hilos (puntada plana, y cord\u00f3n enrollable)<\/span><\/li>\n<li><span dir=\"auto\">Placa aguja de repulgo incorporada<\/span><\/li>\n<li><span dir=\"auto\">Base de la m\u00e1quina plana<\/span><\/li>\n<li><span dir=\"auto\">Gu\u00eda de enhebrado por colores<\/span><\/li>\n<li><span dir=\"auto\">Tabla de enhebrado<\/span><\/li>\n<li><span dir=\"auto\">Sistema de enhebrado de agujas<\/span><\/li>\n<li><span dir=\"auto\">Antena gu\u00eda hilos<\/span><\/li>\n<li><span dir=\"auto\">Iluminaci\u00f3n por 1 l\u00e1mpara de LED blanca integrada en una posici\u00f3n<\/span><\/li>\n<li><span dir=\"auto\">Ancho del corte ajustable de 3,3 mm a 5,3 mm o 5,5 mm a 7,5 mm<\/span><\/li>\n<li><span dir=\"auto\">Longitud de punta ajustable de 1 a 5 mm<\/span><\/li>\n<li><span dir=\"auto\">Ajuste de arrastre diferencial 0,5 a 2<\/span><\/li>\n<li><span dir=\"auto\">8 hileras de dientes de arrastre<\/span><\/li>\n<li><span dir=\"auto\">Auto enhebrado del \u00e1ncora inferior y superior mediante palanca de aire<\/span><\/li>\n<li><span dir=\"auto\">Cuchilla superior retractil 10mm<\/span><\/li>\n<li><span dir=\"auto\">Ajuste de presi\u00f3n de prensatelas de 5 niveles, altura de 5,5 mm<\/span><\/li>\n<li><span dir=\"auto\">Prensatelas f\u00e1cilmente intercambiables sistema Snap on<\/span><\/li>\n<li><span dir=\"auto\">4 topes de bobina<\/span><\/li>\n<li><span dir=\"auto\">Cuchilla cortah\u00edlos integrada<\/span><\/li>\n<li><span dir=\"auto\">Sistema de seguridad con cubierta de \u00e1ncoras, cubierta del lateral y prensatelas elevadas<\/span><\/li>\n<li><span dir=\"auto\">Asa para el transporte<\/span><\/li>\n<li><span dir=\"auto\">Velocidad de costura regulable hasta 1300 ppm<\/span><\/li>\n<\/ul>\n<\/div>\n<div class=\"descRight\">\n<p><b><span dir=\"auto\">Accesorios est\u00e1ndar<\/span><\/b><\/p>\n<ul>\n<li><span dir=\"auto\">Soporte de agujas<\/span><\/li>\n<li><span dir=\"auto\">Cable de enhebrado del \u00e1ncora<\/span><\/li>\n<li><span dir=\"auto\">Bandeja de residuos<\/span><\/li>\n<li><span dir=\"auto\">Caja de accesorios<\/span><\/li>\n<li><span dir=\"auto\">Surtido de agujas<\/span><\/li>\n<li><span dir=\"auto\">Destornillador grande<\/span><\/li>\n<li><span dir=\"auto\">Destornillador peque\u00f1o<\/span><\/li>\n<li><span dir=\"auto\">Redes<\/span><\/li>\n<li><span dir=\"auto\">Sujeta conos<\/span><\/li>\n<li><span dir=\"auto\">Llave inglesa doble<\/span><\/li>\n<li><span dir=\"auto\">Cepillo de limpieza<\/span><\/li>\n<li><span dir=\"auto\">Aceite<\/span><\/li>\n<li><span dir=\"auto\">Pinzas<\/span><\/li>\n<li><span dir=\"auto\">Pedal<\/span><\/li>\n<li><span dir=\"auto\">Cuchilla superior<\/span><\/li>\n<li><span dir=\"auto\">Funda de protecci\u00f3n<\/span><\/li>\n<\/ul>\n<\/div>\n","protected":false},"excerpt":{"rendered":"<p>El nuevo mundo del remallado con aire. Remallar nunca hab\u00eda sido tan y tan f\u00e1cil. Esta innovadora funci\u00f3n te ahorrar\u00e1 un mont\u00f3n de tiempo.<\/p>\n","protected":false},"featured_media":1274,"comment_status":"open","ping_status":"closed","template":"","meta":[],"product_brand":[],"product_cat":[82,22],"product_tag":[],"class_list":{"0":"post-762","1":"product","2":"type-product","3":"status-publish","4":"has-post-thumbnail","6":"product_cat-elna","7":"product_cat-domesticas","9":"first","10":"instock","11":"sale","12":"taxable","13":"shipping-taxable","14":"purchasable","15":"product-type-simple"},"_links":{"self":[{"href":"https:\/\/macozag.com\/index.php?rest_route=\/wp\/v2\/product\/762","targetHints":{"allow":["GET"]}}],"collection":[{"href":"https:\/\/macozag.com\/index.php?rest_route=\/wp\/v2\/product"}],"about":[{"href":"https:\/\/macozag.com\/index.php?rest_route=\/wp\/v2\/types\/product"}],"replies":[{"embeddable":true,"href":"https:\/\/macozag.com\/index.php?rest_route=%2Fwp%2Fv2%2Fcomments&post=762"}],"wp:featuredmedia":[{"embeddable":true,"href":"https:\/\/macozag.com\/index.php?rest_route=\/wp\/v2\/media\/1274"}],"wp:attachment":[{"href":"https:\/\/macozag.com\/index.php?rest_route=%2Fwp%2Fv2%2Fmedia&parent=762"}],"wp:term":[{"taxonomy":"product_brand","embeddable":true,"href":"https:\/\/macozag.com\/index.php?rest_route=%2Fwp%2Fv2%2Fproduct_brand&post=762"},{"taxonomy":"product_cat","embeddable":true,"href":"https:\/\/macozag.com\/index.php?rest_route=%2Fwp%2Fv2%2Fproduct_cat&post=762"},{"taxonomy":"product_tag","embeddable":true,"href":"https:\/\/macozag.com\/index.php?rest_route=%2Fwp%2Fv2%2Fproduct_tag&post=762"}],"curies":[{"name":"wp","href":"https:\/\/api.w.org\/{rel}","templated":true}]}}