{"id":761,"date":"2025-03-02T18:54:32","date_gmt":"2025-03-02T18:54:32","guid":{"rendered":"http:\/\/macozag.com\/?post_type=product&#038;p=761"},"modified":"2025-03-02T18:55:31","modified_gmt":"2025-03-02T18:55:31","slug":"bernina-l450","status":"publish","type":"product","link":"https:\/\/macozag.com\/?product=bernina-l450","title":{"rendered":"BERNINA L450"},"content":{"rendered":"<p>BERNINA L 450 \u2013 f\u00e1cil de usar<br \/>Trabajar con una remalladora permite ganar tiempo y coser r\u00e1pidamente. Los proyectos de costura toman forma r\u00e1pidamente y sin mucho esfuerzo. Sus caracter\u00edsticas innovadoras permiten f\u00e1cilmente utilizar una overlock BERNINA, asegurando as\u00ed una calidad profesional hasta la \u00faltima puntada. La remalladora es la perfecta aliada para una m\u00e1quina de coser.<br \/>Sistema de control del hilo patentado mtc (Micro Control de hilo)<br \/>F\u00e1cil de usar \u2013 un ajuste de un solo paso permite establecer la cantidad de hilo para cada bucle.<br \/>Reduce las pruebas necesarias para encontrar el ajuste perfecto.<br \/>Crea costuras profesionales y acabados perfectos en los bordes del tejido<br \/><img loading=\"lazy\" decoding=\"async\" width=\"540\" height=\"360\" src=\"https:\/\/www.xn--berninaespaa-khb.com\/wp-content\/uploads\/2019\/02\/BERNINAL450-1.jpg\" alt=\"\"><br \/>Optimo confort<br \/>Dos luces del LED iluminan fuertemente la superficie de la costura y la superficie de enhebrado<br \/>Las herramientas son f\u00e1cilmente accesibles en la tapa \u2013 y siempre a mano<br \/>Tiene un \u00a0contenedor de tela donde caen los restos de tela e hilo; muy c\u00f3modo para guardar el pedal cuando no lo utilice<br \/><img loading=\"lazy\" decoding=\"async\" width=\"540\" height=\"540\" src=\"https:\/\/www.xn--berninaespaa-khb.com\/wp-content\/uploads\/2019\/02\/BERNINAL450-2.jpg\" alt=\"\"><br \/>Precisa y flexible<br \/>R\u00e1pida y eficiente independientemente de la velocidad.<br \/>Cose y corta telas pesadas con facilidad y precisi\u00f3n.<br \/>Evita la ondulaci\u00f3n de la lana y el fruncido de telas finas con costura gracias al arrastre diferencial.<br \/><img loading=\"lazy\" decoding=\"async\" width=\"540\" height=\"540\" src=\"https:\/\/www.xn--berninaespaa-khb.com\/wp-content\/uploads\/2019\/02\/BERNINAL450-3.jpg\" alt=\"\"><br \/>F\u00e1cil enhebrado<br \/>Ergon\u00f3mico y f\u00e1cil enhebrado manual gracias al enhebrador de aguja.<br \/>Enhebrar el \u00e1ncora inferior es f\u00e1cil con la ayuda del enhebrador.<br \/>El hilo sigue el camino durante el enhebrado gracias a los c\u00f3digos de colores.<br \/>Corta hilos accesible y f\u00e1cil de utilizar.<br \/><img loading=\"lazy\" decoding=\"async\" width=\"540\" height=\"540\" src=\"https:\/\/www.xn--berninaespaa-khb.com\/wp-content\/uploads\/2019\/02\/BERNINAL450-4.jpg\" alt=\"\"><br \/>Razones para comprar la remalladora L450<br \/>La BERNINA L 450 es uno de los dos modelos de la serie L de BERNINA. Esta es la aliada perfecta de la recubridora BERNINA L 220 para obtener una soluci\u00f3n completa de remallado.<br \/>La BERNINA L 450 tiene las siguientes ventajas:<br \/>Corta, cose y termina en una sola operaci\u00f3n con eficacia y precisi\u00f3n.<br \/>Formaci\u00f3n de puntadas con 2-3-4 hilos de forma f\u00e1cil y c\u00f3moda incluso para los principiantes, ofreciendo gran flexibilidad para seleccionar la puntada perfecta.<br \/>Calidad profesional en cada costura.<br \/>Perfecto dobladillo enrollado.<br \/>Ideal para tejidos el\u00e1sticos.<br \/>Frunce o alisa autom\u00e1ticamente a trav\u00e9s de la alimentaci\u00f3n diferencial.<\/p>\n","protected":false},"excerpt":{"rendered":"<p><span style=\"font-family: Frutiger, Roboto;font-size: 14px\">Esta m\u00e1quina facilita el trabajo de costura. Corta, cose y remata los bordes de la tela en un solo paso. La remalladora L450 es la aliada perfecta para tu m\u00e1quina de coser.<\/span><\/p>\n","protected":false},"featured_media":810,"comment_status":"open","ping_status":"closed","template":"","meta":[],"product_brand":[],"product_cat":[81],"product_tag":[],"class_list":{"0":"post-761","1":"product","2":"type-product","3":"status-publish","4":"has-post-thumbnail","6":"product_cat-bernina","8":"first","9":"instock","10":"taxable","11":"shipping-taxable","12":"product-type-simple"},"_links":{"self":[{"href":"https:\/\/macozag.com\/index.php?rest_route=\/wp\/v2\/product\/761","targetHints":{"allow":["GET"]}}],"collection":[{"href":"https:\/\/macozag.com\/index.php?rest_route=\/wp\/v2\/product"}],"about":[{"href":"https:\/\/macozag.com\/index.php?rest_route=\/wp\/v2\/types\/product"}],"replies":[{"embeddable":true,"href":"https:\/\/macozag.com\/index.php?rest_route=%2Fwp%2Fv2%2Fcomments&post=761"}],"wp:featuredmedia":[{"embeddable":true,"href":"https:\/\/macozag.com\/index.php?rest_route=\/wp\/v2\/media\/810"}],"wp:attachment":[{"href":"https:\/\/macozag.com\/index.php?rest_route=%2Fwp%2Fv2%2Fmedia&parent=761"}],"wp:term":[{"taxonomy":"product_brand","embeddable":true,"href":"https:\/\/macozag.com\/index.php?rest_route=%2Fwp%2Fv2%2Fproduct_brand&post=761"},{"taxonomy":"product_cat","embeddable":true,"href":"https:\/\/macozag.com\/index.php?rest_route=%2Fwp%2Fv2%2Fproduct_cat&post=761"},{"taxonomy":"product_tag","embeddable":true,"href":"https:\/\/macozag.com\/index.php?rest_route=%2Fwp%2Fv2%2Fproduct_tag&post=761"}],"curies":[{"name":"wp","href":"https:\/\/api.w.org\/{rel}","templated":true}]}}