{"id":760,"date":"2025-03-02T18:54:32","date_gmt":"2025-03-02T18:54:32","guid":{"rendered":"http:\/\/macozag.com\/?post_type=product&#038;p=760"},"modified":"2025-03-02T18:55:30","modified_gmt":"2025-03-02T18:55:30","slug":"bernina-l460","status":"publish","type":"product","link":"https:\/\/macozag.com\/?product=bernina-l460","title":{"rendered":"BERNINA L460"},"content":{"rendered":"<p>El complemento perfecto a la m\u00e1quina de coser<br \/>Sistema manos libres BERNINA (FHS) la palanca de rodilla se utiliza para elevar el prensatelas<br \/>Con el sistema manos libres BERNINA (FHS) siempre tienes las manos libres para coser y mover la tela.<br \/>El sistema FHS facilita el trabajo de telas finas o especialmente pesadas, ya que puedes sujetarlas con ambas manos durante la costura.<br \/><img loading=\"lazy\" decoding=\"async\" width=\"540\" height=\"540\" src=\"https:\/\/www.xn--berninaespaa-khb.com\/wp-content\/uploads\/2019\/02\/BERNINAL460-1.jpg\" alt=\"\"><br \/>Pedal BERNINA incluido<br \/>Control de velocidad de alta calidad gracias al pedal BERNINA y al potente motor.<br \/>Posibilidad de coser lentamente puntada a puntada hasta un un m\u00e1ximo de 1500 puntadas por minuto<br \/><img loading=\"lazy\" decoding=\"async\" width=\"540\" height=\"540\" src=\"https:\/\/www.xn--berninaespaa-khb.com\/wp-content\/uploads\/2019\/02\/BERNINAL460-2.jpg\" alt=\"\"><br \/>Tabla de extensi\u00f3n para un \u00e1rea de trabajo m\u00e1s grande<br \/>\u00c1rea de trabajo m\u00e1s grande para grandes proyectos de remallado<br \/>\u00a0<br \/><img loading=\"lazy\" decoding=\"async\" width=\"540\" height=\"540\" src=\"https:\/\/www.xn--berninaespaa-khb.com\/wp-content\/uploads\/2019\/02\/BERNINAL460-3.jpg\" alt=\"\"><br \/>F\u00e1cil control<br \/>Todos los ajustes se pueden cambiar durante la costura, incluyendo el ancho de corte entre 3 y 9 mm y la longitud de puntada entre 0,8 y 4 mm.<br \/>Control de hilo patentado MTC (micro Thread control): la cantidad de hilo en la puntada ajustando el hilo al borde de la tela.<br \/>Para costuras profesionales, bordes limpios y bajos de hasta 9 mm de ancho.<br \/><img loading=\"lazy\" decoding=\"async\" width=\"540\" height=\"360\" src=\"https:\/\/www.xn--berninaespaa-khb.com\/wp-content\/uploads\/2019\/02\/BERNINAL460-4.jpg\" alt=\"\"><br \/>Buena iluminaci\u00f3n en la zona de costura y las agujas.<br \/>Facilita el enhebrado en las \u00e1ncoras y las agujas.<br \/>Luz sin sombra para costura precisa, incluso en telas oscuras.<br \/><img loading=\"lazy\" decoding=\"async\" width=\"540\" height=\"540\" src=\"https:\/\/www.xn--berninaespaa-khb.com\/wp-content\/uploads\/2019\/02\/BERNINAL460-5.jpg\" alt=\"\"><br \/>F\u00e1cil enhebrado<br \/>Enhebrador ergon\u00f3mico manual para un enhebrado f\u00e1cil.<br \/>Las gu\u00edas del enhebrado se muestran a color y el dial indica la posici\u00f3n facilitando el enhebrado.<br \/><img loading=\"lazy\" decoding=\"async\" width=\"540\" height=\"540\" src=\"https:\/\/www.xn--berninaespaa-khb.com\/wp-content\/uploads\/2019\/02\/BERNINAL460-6.jpg\" alt=\"\"><br \/>Un mont\u00f3n de espacio para los accesorios<br \/>Los accesorios usados con m\u00e1s frecuencia se almacenan en la tapa siendo accesibles en cualquier momento.<br \/>La gu\u00eda de costura y otros accesorios se pueden guardar en la caja de accesorios separada.<br \/>Descubra una amplia variedad de prensatelas opcionales para costura creativa con la remalladora.<br \/><img loading=\"lazy\" decoding=\"async\" width=\"540\" height=\"540\" src=\"https:\/\/www.xn--berninaespaa-khb.com\/wp-content\/uploads\/2019\/02\/BERNINAL460-7.jpg\" alt=\"\"><br \/>Costura r\u00e1pida y flexible<br \/>Con la remalladora, ganas tiempo y velocidad en tu trabajo. Tus proyectos de costura toman forma r\u00e1pidamente y con poco esfuerzo. Las funciones innovadoras hacen que la remalladora BERNINA sea f\u00e1cil de usar y garantice una alta calidad hasta la \u00faltima puntada. Para coser creativamente tejidos y telas especiales, la remalladora BERNINA es una necesidad.<br \/><img loading=\"lazy\" decoding=\"async\" width=\"654\" height=\"436\" src=\"https:\/\/www.xn--berninaespaa-khb.com\/wp-content\/uploads\/2019\/02\/BERNINAL460-8.jpg\" alt=\"\"><br \/>10 razones que hablan a favor de una remalladora<br \/>Coser, cortar y sobrehilar en un solo paso<br \/>Costuras y sobrehilados r\u00e1pidos, profesionales y duraderos<br \/>Ideal para telas el\u00e1sticas y tejidas<br \/>Dobladillo enrollado perfecto<br \/>Puntadas profesionales y planas con una puntada envolvente<br \/>Arrastre diferencial para costuras planas y lisas y dobladillo<br \/>Frunces dirigidos gracias al arrastre diferencial<br \/>Muchas posibilidades de dise\u00f1o con hilos decorativos<br \/>Costura precisa de piezas de patchwork para quilts<br \/>Varios prensatelas opcionales y otros accesorios con grandes posibilidades decorativas y creativas<\/p>\n","protected":false},"excerpt":{"rendered":"<p><span style=\"font-family: Frutiger, Roboto;font-size: 14px\">Esta remalladora ofrece una comodidad \u00f3ptima. Corta y remalla en un solo paso. La L 460 logra costuras y dobladillos profesionales con la m\u00e1s alta calidad de puntada, ya sea haciendo dobladillos enrollados o ribetes decorativos.<\/span><\/p>\n","protected":false},"featured_media":809,"comment_status":"open","ping_status":"closed","template":"","meta":[],"product_brand":[],"product_cat":[81],"product_tag":[],"class_list":{"0":"post-760","1":"product","2":"type-product","3":"status-publish","4":"has-post-thumbnail","6":"product_cat-bernina","8":"first","9":"instock","10":"taxable","11":"shipping-taxable","12":"product-type-simple"},"_links":{"self":[{"href":"https:\/\/macozag.com\/index.php?rest_route=\/wp\/v2\/product\/760","targetHints":{"allow":["GET"]}}],"collection":[{"href":"https:\/\/macozag.com\/index.php?rest_route=\/wp\/v2\/product"}],"about":[{"href":"https:\/\/macozag.com\/index.php?rest_route=\/wp\/v2\/types\/product"}],"replies":[{"embeddable":true,"href":"https:\/\/macozag.com\/index.php?rest_route=%2Fwp%2Fv2%2Fcomments&post=760"}],"wp:featuredmedia":[{"embeddable":true,"href":"https:\/\/macozag.com\/index.php?rest_route=\/wp\/v2\/media\/809"}],"wp:attachment":[{"href":"https:\/\/macozag.com\/index.php?rest_route=%2Fwp%2Fv2%2Fmedia&parent=760"}],"wp:term":[{"taxonomy":"product_brand","embeddable":true,"href":"https:\/\/macozag.com\/index.php?rest_route=%2Fwp%2Fv2%2Fproduct_brand&post=760"},{"taxonomy":"product_cat","embeddable":true,"href":"https:\/\/macozag.com\/index.php?rest_route=%2Fwp%2Fv2%2Fproduct_cat&post=760"},{"taxonomy":"product_tag","embeddable":true,"href":"https:\/\/macozag.com\/index.php?rest_route=%2Fwp%2Fv2%2Fproduct_tag&post=760"}],"curies":[{"name":"wp","href":"https:\/\/api.w.org\/{rel}","templated":true}]}}