{"id":759,"date":"2025-03-02T18:54:32","date_gmt":"2025-03-02T18:54:32","guid":{"rendered":"http:\/\/macozag.com\/?post_type=product&#038;p=759"},"modified":"2025-03-02T18:55:29","modified_gmt":"2025-03-02T18:55:29","slug":"bernina-500","status":"publish","type":"product","link":"https:\/\/macozag.com\/?product=bernina-500","title":{"rendered":"BERNINA 500"},"content":{"rendered":"<p><img loading=\"lazy\" decoding=\"async\" width=\"540\" height=\"540\" src=\"https:\/\/www.xn--berninaespaa-khb.com\/wp-content\/uploads\/2019\/02\/bc4ba0be74d63407f0434672cf12e65a.jpg\" alt=\"\"><br \/>M\u00e1s espacio para una mayor libertad al crear.<br \/>Gestionar los grandes trabajos con facilidad<br \/>Crear un n\u00famero infinito de motivos con gran comodidad<br \/>Nuevo dise\u00f1o del m\u00f3dulo de bordado<br \/>El espacio del brazo libre tiene 21,6 cm a la derecha de la aguja. Tiene una gran \u00e1rea de bordado de 40 cm x 16,5 cm para dar vida a tus bordados.<br \/><img loading=\"lazy\" decoding=\"async\" width=\"540\" height=\"540\" src=\"https:\/\/www.xn--berninaespaa-khb.com\/wp-content\/uploads\/2019\/02\/38a8532b563e750356782ac4d9e5356e.jpg\" alt=\"\"><br \/>Modifique f\u00e1cilmente sus dise\u00f1os.<br \/>Nueva funci\u00f3n para hacer y deshacer<br \/>Cambia los bordados agrupando o desagrupando<br \/>Personaliza la secuencia de las capas de picaje<br \/>Gracias a las funcionalidades avanzadas puedes modificar directamente en la pantalla para crear nuevos motivos.<br \/><img loading=\"lazy\" decoding=\"async\" width=\"540\" height=\"540\" src=\"https:\/\/www.xn--berninaespaa-khb.com\/wp-content\/uploads\/2019\/02\/630f1c243700bb2030001def26e85755.jpg\" alt=\"\"><br \/>Las funciones automatizadas permiten ahorrar tiempo.<br \/>Corte autom\u00e1tico del hilo Elevar el prensatelas pulsando un bot\u00f3n Corta-hilos autom\u00e1tico simplemente pulsando un bot\u00f3n. El corta-hilos autom\u00e1tico realiza tres funciones en una: corta el hilo, eleva la aguja y eleva el prensatelas.<br \/><img loading=\"lazy\" decoding=\"async\" width=\"540\" height=\"540\" src=\"https:\/\/www.xn--berninaespaa-khb.com\/wp-content\/uploads\/2019\/02\/d9ee4eabcc688e198c8bb8e0434e2ceb.jpg\" alt=\"\"><br \/>La perfecci\u00f3n es el nuevo est\u00e1ndar.<br \/>\u00a0Cortar el hilo se convierte en un juego de ni\u00f1os.<br \/>No es necesario buscar las tijeras en la mesa.<br \/>Resultados excepcionales en el bordado.<br \/>La funci\u00f3n de Eliminaci\u00f3n del hilo, permite llevar el hilo a la parte inferior de la tela consiguiendo un acabado limpio en la superficie.<br \/><img loading=\"lazy\" decoding=\"async\" width=\"540\" height=\"540\" src=\"https:\/\/www.xn--berninaespaa-khb.com\/wp-content\/uploads\/2019\/02\/17a3c8a5b257470ea17a4db328a74a5c.jpg\" alt=\"\"><br \/>El bordado es de una precisi\u00f3n excepcional.<br \/>Puntadas perfectas, r\u00e1pidas y silenciosas.<br \/>Canilla Jumbo para coser durante m\u00e1s tiempo.<br \/>Colocaci\u00f3n de la canilla desde el frontal de la m\u00e1quina.<br \/>El garfio BERNINA asegura consistencia y exactitud de las puntadas a una velocidad m\u00e1xima de 1,000 puntadas por minuto.<br \/><img loading=\"lazy\" decoding=\"async\" width=\"540\" height=\"540\" src=\"https:\/\/www.xn--berninaespaa-khb.com\/wp-content\/uploads\/2019\/02\/f9acf717c3d915e92a06e34249bb0824.jpg\" alt=\"\"><br \/>F\u00e1cil colocaci\u00f3n del motivo.<br \/>Posicionamiento preciso y exacto del motivo.<br \/>Las plantillas se convierten en algo innecesario.<br \/>El resultado perfecto en un tiempo r\u00e9cord.<br \/>El posicionamiento preciso se utiliza para colocar el motivo con precisi\u00f3n: Seleccione dos puntos en la pantalla y haga que coincidan con las marcas en la tela ya colocada en el bastidor.<\/p>\n","protected":false},"excerpt":{"rendered":"<p><span style=\"font-family: Frutiger, Roboto;font-size: 14px\">La BERNINA 500, nuestra m\u00e1quina dedicada exclusivamente al bordado. Con un tama\u00f1o m\u00e1ximo de bordado 40 x 15 cm. Reconoce hasta 8 formatos de bordado. Posiciona el dise\u00f1o exactamente en el tejido gracias a la funci\u00f3n de posicionamiento preciso. Incluye el m\u00f3dulo de bordado.<\/span><\/p>\n","protected":false},"featured_media":808,"comment_status":"open","ping_status":"closed","template":"","meta":[],"product_brand":[],"product_cat":[81],"product_tag":[],"class_list":{"0":"post-759","1":"product","2":"type-product","3":"status-publish","4":"has-post-thumbnail","6":"product_cat-bernina","8":"first","9":"instock","10":"taxable","11":"shipping-taxable","12":"product-type-simple"},"_links":{"self":[{"href":"https:\/\/macozag.com\/index.php?rest_route=\/wp\/v2\/product\/759","targetHints":{"allow":["GET"]}}],"collection":[{"href":"https:\/\/macozag.com\/index.php?rest_route=\/wp\/v2\/product"}],"about":[{"href":"https:\/\/macozag.com\/index.php?rest_route=\/wp\/v2\/types\/product"}],"replies":[{"embeddable":true,"href":"https:\/\/macozag.com\/index.php?rest_route=%2Fwp%2Fv2%2Fcomments&post=759"}],"wp:featuredmedia":[{"embeddable":true,"href":"https:\/\/macozag.com\/index.php?rest_route=\/wp\/v2\/media\/808"}],"wp:attachment":[{"href":"https:\/\/macozag.com\/index.php?rest_route=%2Fwp%2Fv2%2Fmedia&parent=759"}],"wp:term":[{"taxonomy":"product_brand","embeddable":true,"href":"https:\/\/macozag.com\/index.php?rest_route=%2Fwp%2Fv2%2Fproduct_brand&post=759"},{"taxonomy":"product_cat","embeddable":true,"href":"https:\/\/macozag.com\/index.php?rest_route=%2Fwp%2Fv2%2Fproduct_cat&post=759"},{"taxonomy":"product_tag","embeddable":true,"href":"https:\/\/macozag.com\/index.php?rest_route=%2Fwp%2Fv2%2Fproduct_tag&post=759"}],"curies":[{"name":"wp","href":"https:\/\/api.w.org\/{rel}","templated":true}]}}