{"id":758,"date":"2025-03-02T18:54:31","date_gmt":"2025-03-02T18:54:31","guid":{"rendered":"http:\/\/macozag.com\/?post_type=product&#038;p=758"},"modified":"2025-03-02T18:55:29","modified_gmt":"2025-03-02T18:55:29","slug":"bernina-700","status":"publish","type":"product","link":"https:\/\/macozag.com\/?product=bernina-700","title":{"rendered":"BERNINA 700"},"content":{"rendered":"<p>La BERNINA 700<br \/>Simplemente la mejor para lograr hermosos bordados<br \/><img loading=\"lazy\" decoding=\"async\" width=\"540\" height=\"540\" src=\"https:\/\/www.xn--berninaespaa-khb.com\/wp-content\/uploads\/2019\/02\/BERNINA700-4.jpg\" alt=\"\"><br \/>Gran espacio para bordados de gran tama\u00f1o<br \/>El gran espacio espacio de bordado ofrece flexibilidad y comodidad.<br \/>Bordados de hasta 400 x 210 mm.<br \/>Tres bastidores de bordado incluidos.<br \/>Disfrutar\u00e1s de una amplia variedad de accesorios y software de bordado opcional.<br \/>Gran espacio para bordados de gran tama\u00f1o<br \/>Posicionamiento y f\u00e1cil alineaci\u00f3n de los motivos.<br \/>F\u00e1cil de usar: Selecciona dos puntos en la pantalla y hazlos coincidir con los puntos de referencia marcados en la tela ya colocada en el bastidor.<br \/>Alinear, rotar o modificar el dise\u00f1o seg\u00fan tus deseos.<br \/>No es necesario herramientas o ayuda adicional.<br \/>Completa visibilidad de tejido colocado en el bastidor en todo momento.<br \/><img loading=\"lazy\" decoding=\"async\" width=\"540\" height=\"540\" src=\"https:\/\/www.xn--berninaespaa-khb.com\/wp-content\/uploads\/2019\/02\/BERNINA700-5.jpg\" alt=\"\"><br \/><img loading=\"lazy\" decoding=\"async\" width=\"540\" height=\"540\" src=\"https:\/\/www.xn--berninaespaa-khb.com\/wp-content\/uploads\/2019\/02\/BERNINA700-6.jpg\" alt=\"\"><br \/>La canilla tama\u00f1o Jumbo de carga frontal permite la f\u00e1cil colocaci\u00f3n de un nuevo hilo.<br \/>No hay necesidad de quitar el bastidor para poner un nuevo hilo en la canilla. F\u00e1cil acceso a la canilla Jumbo desde el frontal de la m\u00e1quina. El n\u00famero de interrupciones se reduce gracias a la canilla Jumbo que alberga hasta un 70% m\u00e1s de hilo que las canillas tradicionales.<br \/>Control total de la puntada obteniendo un resultado excepcional<br \/>El gran espacio espacio de bordado ofrece flexibilidad y comodidad.<br \/>Bordados de hasta 400 x 210 mm.<br \/>Tres bastidores de bordado incluidos.<br \/>Disfrutar\u00e1s de una amplia variedad de accesorios y software de bordado opcional.<br \/><img loading=\"lazy\" decoding=\"async\" width=\"540\" height=\"540\" src=\"https:\/\/www.xn--berninaespaa-khb.com\/wp-content\/uploads\/2019\/02\/BERNINA700-7.jpg\" alt=\"\"><br \/><img loading=\"lazy\" decoding=\"async\" width=\"540\" height=\"540\" src=\"https:\/\/www.xn--berninaespaa-khb.com\/wp-content\/uploads\/2019\/02\/BERNINA700-8.jpg\" alt=\"\"><br \/>A\u00f1ade aqu\u00ed tu texto de cabecera<br \/>Obtenga resultados r\u00e1pidos e impecables sin esfuerzo.<br \/>Guardar y encontrar tu configuraci\u00f3n personal en la m\u00e1quina.<br \/>Realizar bordados limpios con la funci\u00f3n de extracci\u00f3n del hilo, que consiste en un movimiento r\u00e1pido del garfio que tira del hilo superior hacia arriba extray\u00e9ndolo de la tela despu\u00e9s de cortarlo.<br \/>La m\u00e1quina de bordar B 700 ofrece incluso m\u00e1s caracter\u00edsticas y opciones para los amantes del bordado<br \/>Elije entre 320 bordado integrados y 18 tipos de letras incluidos<br \/>\u00a0<br \/>Modo de edici\u00f3n del bordado que permite mover, invertir verticalmente, girar, convertir, combinar y cambiar el tama\u00f1o de los bordados<br \/>Crear letras curvas<br \/>Modificar la densidad de las puntadas<br \/>Combinar alfabetos y bordados<br \/>Crear un n\u00famero infinito de hermosos dise\u00f1os de bordado para cenefas<br \/>Unificar los motivos combinados seg\u00fan el color<br \/>Elegir colores alternativos antes de bordar para previsualizar el resultado<br \/>Guardar los bordados creados en la m\u00e1quina o en una llave USB<br \/>Importar bordados adicionales a la m\u00e1quina<br \/>Colocaci\u00f3n exacta de los motivos a trav\u00e9s de la funci\u00f3n de comprobaci\u00f3n<br \/>Ayuda: los tutoriales de bordado y el asistente integrado ofrecen asistencia directa en la pantalla y responde a tus preguntas cuando es necesario<br \/>Utilizar el comando para subir o bajar la aguja para llevar el hilo de la canilla a la parte superior de la tela al principio del bordado. As\u00ed se conserva la nitidez de la parte inferior del bordado<br \/>Mover el bastidor hacia atr\u00e1s para llenar f\u00e1cilmente la canilla<br \/>Mover el bastidor hacia el centro para introducir el hilo superior<br \/>Mueva la aguja hacia el centro del patr\u00f3n de bordado<br \/>Soporte para bobinas con capacidad para 15 carretes<\/p>\n","protected":false},"excerpt":{"rendered":"<p><span style=\"font-family: Frutiger, Roboto;font-size: 14px\">M\u00c1QUINA B 700 + MODULO DE BORDADO<\/span><\/p>\n<p style=\"margin-top: 0px;margin-bottom: 0.9rem;font-family: Frutiger, Roboto;font-size: 14px\">La primera m\u00e1quina BERNINA solo para bordado. M\u00e1s caracter\u00edsticas y funciones para los amantes del bordado. Por ejemplo, el posicionamiento preciso, una gran caracter\u00edstica que te permite colocar y alinear los bordados f\u00e1cilmente. Incluye el m\u00f3dulo de bordado.<\/p>\n","protected":false},"featured_media":807,"comment_status":"open","ping_status":"closed","template":"","meta":[],"product_brand":[],"product_cat":[81],"product_tag":[],"class_list":{"0":"post-758","1":"product","2":"type-product","3":"status-publish","4":"has-post-thumbnail","6":"product_cat-bernina","8":"first","9":"instock","10":"taxable","11":"shipping-taxable","12":"product-type-simple"},"_links":{"self":[{"href":"https:\/\/macozag.com\/index.php?rest_route=\/wp\/v2\/product\/758","targetHints":{"allow":["GET"]}}],"collection":[{"href":"https:\/\/macozag.com\/index.php?rest_route=\/wp\/v2\/product"}],"about":[{"href":"https:\/\/macozag.com\/index.php?rest_route=\/wp\/v2\/types\/product"}],"replies":[{"embeddable":true,"href":"https:\/\/macozag.com\/index.php?rest_route=%2Fwp%2Fv2%2Fcomments&post=758"}],"wp:featuredmedia":[{"embeddable":true,"href":"https:\/\/macozag.com\/index.php?rest_route=\/wp\/v2\/media\/807"}],"wp:attachment":[{"href":"https:\/\/macozag.com\/index.php?rest_route=%2Fwp%2Fv2%2Fmedia&parent=758"}],"wp:term":[{"taxonomy":"product_brand","embeddable":true,"href":"https:\/\/macozag.com\/index.php?rest_route=%2Fwp%2Fv2%2Fproduct_brand&post=758"},{"taxonomy":"product_cat","embeddable":true,"href":"https:\/\/macozag.com\/index.php?rest_route=%2Fwp%2Fv2%2Fproduct_cat&post=758"},{"taxonomy":"product_tag","embeddable":true,"href":"https:\/\/macozag.com\/index.php?rest_route=%2Fwp%2Fv2%2Fproduct_tag&post=758"}],"curies":[{"name":"wp","href":"https:\/\/api.w.org\/{rel}","templated":true}]}}