{"id":756,"date":"2025-03-02T18:54:31","date_gmt":"2025-03-02T18:54:31","guid":{"rendered":"http:\/\/macozag.com\/?post_type=product&#038;p=756"},"modified":"2025-09-29T17:11:40","modified_gmt":"2025-09-29T17:11:40","slug":"bernina-570qe-vio","status":"publish","type":"product","link":"https:\/\/macozag.com\/?product=bernina-570qe-vio","title":{"rendered":"BERNINA 570 QE"},"content":{"rendered":"<p><img loading=\"lazy\" decoding=\"async\" src=\"https:\/\/www.xn--berninaespaa-khb.com\/wp-content\/uploads\/2019\/02\/BERNINA570-9.jpg\" alt=\"\" width=\"540\" height=\"540\" \/><br \/>\nEspacio suficiente para las obras m\u00e1s grandes<br \/>\nGestiona las grandes obras de acolchado con facilidad.<br \/>\nDa rienda suelta a tu creatividad para crear todas tus ideas.<br \/>\nSuficiente espacio para coser una colcha con comodidad.<br \/>\nCon su brazo libre extendido, la B 570QE tiene 21,6 cm a la derecha de la aguja. Ideal para la gesti\u00f3n de las grandes obras de acolchado con facilidad.<br \/>\n<img loading=\"lazy\" decoding=\"async\" src=\"https:\/\/www.xn--berninaespaa-khb.com\/wp-content\/uploads\/2019\/02\/BERNINA570-10.jpg\" alt=\"\" width=\"540\" height=\"540\" \/><br \/>\nManten las manos en la tela<br \/>\nAjusta tu acolchado con seguridad<br \/>\nCapacidad para hacer ajustes finos muy r\u00e1pidamente<br \/>\nGirar, volver y realizar aplicaciones f\u00e1cilmente\/li&gt;Gracias a la funci\u00f3n de pivotaci\u00f3n, el pie se levanta mientras la aguja se queda en la tela. El control es \u00f3ptimo cuando se realiza la puntada de aplicaci\u00f3n y cuando se acolcha<br \/>\n<img loading=\"lazy\" decoding=\"async\" src=\"https:\/\/www.xn--berninaespaa-khb.com\/wp-content\/uploads\/2019\/02\/BERNINA570-11.jpg\" alt=\"\" width=\"540\" height=\"540\" \/><br \/>\nPara conseguir hermosas puntadas<br \/>\nPara conseguir las puntadas perfectas de la misma longitud<br \/>\nLos resultados perfectos a cualquier velocidad<br \/>\n\u00a1La perfecci\u00f3n en serie!<br \/>\nEl regulador de puntadas BERNINA garantiza la precisi\u00f3n a cualquier velocidad durante el acolchado con movimiento libre.<br \/>\n<img loading=\"lazy\" decoding=\"async\" src=\"https:\/\/www.xn--berninaespaa-khb.com\/wp-content\/uploads\/2019\/02\/BERNINA570-12.jpg\" alt=\"\" width=\"540\" height=\"540\" \/><br \/>\nPara realizar el acolchado sin dificultad en cualquier material<br \/>\nObtener resultados excepcionales en ambos lados de la tela.<br \/>\nRealizar acolchados en diversos espesores de tela sin frunces.<br \/>\nIdeal para telas finas y delicadas<br \/>\nEl movimiento del tejido se realiza de forma uniforme tanto por la parte superior como por la inferior del tejido. F\u00e1cil de encender y apagar cuando ya no se quiere utilizar.<br \/>\n<img loading=\"lazy\" decoding=\"async\" src=\"https:\/\/www.xn--berninaespaa-khb.com\/wp-content\/uploads\/2019\/02\/BERNINA570-13.jpg\" alt=\"\" width=\"540\" height=\"540\" \/><br \/>\nLas funciones automatizadas permiten ahorrar tiempo<br \/>\nEl hilo se corta autom\u00e1ticamente.<br \/>\nAhorra tiempo y podr\u00e1s concentrarte en tus procesos creativos.<br \/>\nM\u00e1s tiempo para dedicar a la creaci\u00f3n de tu quilt.<br \/>\nCon el corta-hilos autom\u00e1tico, los hilos se cortan autom\u00e1ticamente antes de subir la aguja.<br \/>\n<img loading=\"lazy\" decoding=\"async\" src=\"https:\/\/www.xn--berninaespaa-khb.com\/wp-content\/uploads\/2019\/02\/BERNINA570-14.jpg\" alt=\"\" width=\"540\" height=\"540\" \/><br \/>\nLos amantes del patchwork adoran el prensatelas para patchwork n\u00ba 97<br \/>\nDise\u00f1ado para la puntada recta Ideal para coser con un margen de puntada de 1\/4 pulgada. M\u00e1s seguridad incluso para los expertos en acolchado. El prensatelas para patchwork n\u00ba 97 es un accesorio especial para coser bloques de patchwork con gran precisi\u00f3n.<\/p>\n","protected":false},"excerpt":{"rendered":"<p>La m\u00e1quina B 570 Quilters Edition (Edici\u00f3n Quilting) se suministra con el prensatelas para patchwork n\u00ba97. Puedes crear hermosas creaciones con una de las 73 puntadas de acolchado integradas y las 450 puntadas decorativas.<\/p>\n","protected":false},"featured_media":805,"comment_status":"open","ping_status":"closed","template":"","meta":[],"product_brand":[],"product_cat":[81],"product_tag":[],"class_list":{"0":"post-756","1":"product","2":"type-product","3":"status-publish","4":"has-post-thumbnail","6":"product_cat-bernina","8":"first","9":"instock","10":"taxable","11":"shipping-taxable","12":"product-type-simple"},"_links":{"self":[{"href":"https:\/\/macozag.com\/index.php?rest_route=\/wp\/v2\/product\/756","targetHints":{"allow":["GET"]}}],"collection":[{"href":"https:\/\/macozag.com\/index.php?rest_route=\/wp\/v2\/product"}],"about":[{"href":"https:\/\/macozag.com\/index.php?rest_route=\/wp\/v2\/types\/product"}],"replies":[{"embeddable":true,"href":"https:\/\/macozag.com\/index.php?rest_route=%2Fwp%2Fv2%2Fcomments&post=756"}],"wp:featuredmedia":[{"embeddable":true,"href":"https:\/\/macozag.com\/index.php?rest_route=\/wp\/v2\/media\/805"}],"wp:attachment":[{"href":"https:\/\/macozag.com\/index.php?rest_route=%2Fwp%2Fv2%2Fmedia&parent=756"}],"wp:term":[{"taxonomy":"product_brand","embeddable":true,"href":"https:\/\/macozag.com\/index.php?rest_route=%2Fwp%2Fv2%2Fproduct_brand&post=756"},{"taxonomy":"product_cat","embeddable":true,"href":"https:\/\/macozag.com\/index.php?rest_route=%2Fwp%2Fv2%2Fproduct_cat&post=756"},{"taxonomy":"product_tag","embeddable":true,"href":"https:\/\/macozag.com\/index.php?rest_route=%2Fwp%2Fv2%2Fproduct_tag&post=756"}],"curies":[{"name":"wp","href":"https:\/\/api.w.org\/{rel}","templated":true}]}}