{"id":754,"date":"2025-03-02T18:54:31","date_gmt":"2025-03-02T18:54:31","guid":{"rendered":"http:\/\/macozag.com\/?post_type=product&#038;p=754"},"modified":"2025-03-02T18:55:18","modified_gmt":"2025-03-02T18:55:18","slug":"bernina-590-modulo-de-bordado","status":"publish","type":"product","link":"https:\/\/macozag.com\/?product=bernina-590-modulo-de-bordado","title":{"rendered":"BERNINA 590 + m\u00f3dulo de bordado"},"content":{"rendered":"<p><img loading=\"lazy\" decoding=\"async\" width=\"540\" height=\"540\" src=\"https:\/\/www.xn--berninaespaa-khb.com\/wp-content\/uploads\/2019\/02\/BERNINA590-6.jpg\" alt=\"\"><br \/>las funciones automatizadas permiten ahorrar tiempo.<br \/>Olvidate del corte manual del hilo<br \/>Simplemente pulsando un bot\u00f3n se corta el hilo<br \/>Con solo pulsar un bot\u00f3n se levanta el prensatelas<br \/>El corta-hilos autom\u00e1tico funciona en tres etapas. Al pulsar el bot\u00f3n el hilo se corta, se eleva la aguja y se eleva el prensatelas.<br \/><img loading=\"lazy\" decoding=\"async\" width=\"540\" height=\"540\" src=\"https:\/\/www.xn--berninaespaa-khb.com\/wp-content\/uploads\/2019\/02\/BERNINA590-7.jpg\" alt=\"\"><br \/>La perfecci\u00f3n es el nuevo est\u00e1ndar.<br \/>Olvidate del corte manual del hilo<br \/>Simplemente pulsando un bot\u00f3n se corta el hilo<br \/>Con solo pulsar un bot\u00f3n se levanta el prensatelas<br \/>El corta-hilos autom\u00e1tico funciona en tres etapas. Al pulsar el bot\u00f3n el hilo se corta, se eleva la aguja y se eleva el prensatelas.<br \/><img loading=\"lazy\" decoding=\"async\" width=\"540\" height=\"540\" src=\"https:\/\/www.xn--berninaespaa-khb.com\/wp-content\/uploads\/2019\/02\/BERNINA590-8.jpg\" alt=\"\"><br \/>M\u00e1s silencio. M\u00e1s velocidad. M\u00e1s autonom\u00eda. M\u00e1s calidad.<br \/>Ejecuci\u00f3n de puntadas perfectas r\u00e1pidamente y sin ruido.<br \/>Cose m\u00e1s tiempo gracias a la bobina Jumbo.<br \/>C\u00f3moda carga frontal de la canilla<br \/>El garfio BERNINA asegura consistencia y exactitud de la puntada a una velocidad m\u00e1xima de 1,000 puntadas por minuto.<br \/><img loading=\"lazy\" decoding=\"async\" width=\"540\" height=\"540\" src=\"https:\/\/www.xn--berninaespaa-khb.com\/wp-content\/uploads\/2019\/02\/BERNINA590-9.jpg\" alt=\"\"><br \/>F\u00e1cil colocaci\u00f3n del motivo.<br \/>Posicionamiento preciso y simple del motivo.<br \/>La plantilla se convierte en algo superfluo<br \/>Resultado perfecto en un tiempo r\u00e9cord.<br \/>La funci\u00f3n de Posicionamiento preciso se utiliza para colocar el motivo con precisi\u00f3n: Selecciona dos puntos en la pantalla y haz que coincidan con las marcas en la tela colocada en el bastidor.<br \/><img loading=\"lazy\" decoding=\"async\" width=\"540\" height=\"540\" src=\"https:\/\/www.xn--berninaespaa-khb.com\/wp-content\/uploads\/2019\/02\/BERNINA590-10.jpg\" alt=\"\"><br \/>M\u00e1ximo confort y resultados perfectos.<br \/>Gran pantalla t\u00e1ctil f\u00e1cil de usar.<br \/>Haz clic para ir al modo de bordado.<br \/>Obten asesoramiento directamente en la pantalla en caso de necesidad.<br \/>Los Asesores de Costura y Bordado te ayudan en cualquier momento directamente en la pantalla en caso de que tenga dudas.<br \/><img loading=\"lazy\" decoding=\"async\" width=\"540\" height=\"540\" src=\"https:\/\/www.xn--berninaespaa-khb.com\/wp-content\/uploads\/2019\/02\/BERNINA590-11.jpg\" alt=\"\"><br \/>Para coser en gasa o en cuero como un profesional.<br \/>Trabajar con todo tipo de tejidos con facilidad<br \/>Arrastre uniforme de la tela tanto en la parte superior como en la inferior<br \/>Ideal para telas finas y delicadas<br \/>El Arrastre Dual de BERNINA hace que el tejido sea arrastrado de manera uniforme en la parte superior y en la inferior del tejido. F\u00e1cil de conectar y desconectar cuando ya no lo necesites.<\/p>\n","protected":false},"excerpt":{"rendered":"<p><span style=\"font-family: Frutiger, Roboto;font-size: 14px\">La BERNINA B 590 es la m\u00e1quina perfecta para coser, acolchar y bordar. Es posible resaltar y personalizar todos tus obras con las m\u00e1s de 1.774 hermosas puntadas. Puedes elegir uno de los 275 dise\u00f1os de bordado.<\/span><\/p>\n","protected":false},"featured_media":795,"comment_status":"open","ping_status":"closed","template":"","meta":[],"product_brand":[],"product_cat":[81],"product_tag":[],"class_list":{"0":"post-754","1":"product","2":"type-product","3":"status-publish","4":"has-post-thumbnail","6":"product_cat-bernina","8":"first","9":"instock","10":"taxable","11":"shipping-taxable","12":"product-type-simple"},"_links":{"self":[{"href":"https:\/\/macozag.com\/index.php?rest_route=\/wp\/v2\/product\/754","targetHints":{"allow":["GET"]}}],"collection":[{"href":"https:\/\/macozag.com\/index.php?rest_route=\/wp\/v2\/product"}],"about":[{"href":"https:\/\/macozag.com\/index.php?rest_route=\/wp\/v2\/types\/product"}],"replies":[{"embeddable":true,"href":"https:\/\/macozag.com\/index.php?rest_route=%2Fwp%2Fv2%2Fcomments&post=754"}],"wp:featuredmedia":[{"embeddable":true,"href":"https:\/\/macozag.com\/index.php?rest_route=\/wp\/v2\/media\/795"}],"wp:attachment":[{"href":"https:\/\/macozag.com\/index.php?rest_route=%2Fwp%2Fv2%2Fmedia&parent=754"}],"wp:term":[{"taxonomy":"product_brand","embeddable":true,"href":"https:\/\/macozag.com\/index.php?rest_route=%2Fwp%2Fv2%2Fproduct_brand&post=754"},{"taxonomy":"product_cat","embeddable":true,"href":"https:\/\/macozag.com\/index.php?rest_route=%2Fwp%2Fv2%2Fproduct_cat&post=754"},{"taxonomy":"product_tag","embeddable":true,"href":"https:\/\/macozag.com\/index.php?rest_route=%2Fwp%2Fv2%2Fproduct_tag&post=754"}],"curies":[{"name":"wp","href":"https:\/\/api.w.org\/{rel}","templated":true}]}}