{"id":752,"date":"2025-03-02T18:54:30","date_gmt":"2025-03-02T18:54:30","guid":{"rendered":"http:\/\/macozag.com\/?post_type=product&#038;p=752"},"modified":"2025-09-29T17:14:18","modified_gmt":"2025-09-29T17:14:18","slug":"bernina-770qe-plus","status":"publish","type":"product","link":"https:\/\/macozag.com\/?product=bernina-770qe-plus","title":{"rendered":"BERNINA 770 QE PRO"},"content":{"rendered":"<p>Descripci\u00f3n<\/p>\n<p>Calidad de puntada legendaria y nuevas magn\u00edficas caracter\u00edsticas<\/p>\n<p>BERNINA 770QE PLUS extra grande en todos los sentidos<\/p>\n<p>a B\u00a0770\u00a0QE\u00a0PLUS ofrece innovadoras funciones de acolchado, costura y bordado, adem\u00e1s de un amplio espacio de costura para que las labores creativas resulten f\u00e1ciles. Si quieres, la B\u00a0770\u00a0QE\u00a0PLUS tambi\u00e9n puede actualizarse incluyendo un m\u00f3dulo de bordado opcional en cualquier momento.<\/p>\n<p>\u2013 Pantalla t\u00e1ctil a color y extragrande de 7\u2033<br \/>\n\u2013 Acolchado c\u00f3modo sin usar el pedal<br \/>\n\u2013 Regulador de puntada de BERNINA (BSR) incluido<br \/>\n\u2013 Canilla Jumbo con un 70\u00a0% m\u00e1s de hilo<br \/>\n\u2013 Arrastre dual para patchwork preciso<br \/>\n<img loading=\"lazy\" decoding=\"async\" src=\"https:\/\/www.xn--berninaespaa-khb.com\/wp-content\/uploads\/2019\/02\/BERNINA770-6-1024x683.jpg\" alt=\"\" width=\"800\" height=\"534\" \/><br \/>\n<img loading=\"lazy\" decoding=\"async\" src=\"https:\/\/www.xn--berninaespaa-khb.com\/wp-content\/uploads\/2019\/02\/BERNINA770-7.jpg\" alt=\"\" width=\"540\" height=\"540\" \/><br \/>\nEl garfio BERNINA<br \/>\nBERNINA presenta, con el lanzamiento de la serie 7, una novedad mundial: el garfio BERNINA que une de una manera \u00fanica todas las ventajas de las dos mejores tecnolog\u00edas de garfios. Este sistema se haya patentado y representa una de las ultimas innovaciones de BERNINA. La pieza principal de la serie 7 est\u00e1 equipada con una nueva transmisi\u00f3n central que hace que el garfio BERNINA sea particularmente silencioso y permite una costura suave. Dos levas oscilantes garantizan el avance suave del hilo y una costura particularmente silenciosa a una velocidad de 1000 puntadas por minuto, ofreciendo un ancho de puntada de hasta 9 mm en la B 770QE PLUS y B 790.<br \/>\nLa canilla BERNINA alberga hasta un 70% m\u00e1s de hilo que una canilla est\u00e1ndar. Se puede utilizar una canilla completa para coser m\u00e1s tiempo sin interrupciones. El garfio BERNINA est\u00e1 fabricado exclusivamente con materiales de calidad.<br \/>\nBrazo libre extra largo para grandes ideas.<br \/>\nLa serie 7 de BERNINA cuenta con un brazo libre robusto extra largo que representa una superficie de trabajo de 254 mm a la derecha de la aguja.<\/p>\n<p>La BERNINA 770QE PLUS no s\u00f3lo ofrece mucho espacio para grandes y hermosos proyectos de costura y acolchado, sino que tambi\u00e9n es ideal para la realizaci\u00f3n de puntadas decorativas gracias a su ancho de puntada de 9 mm.<\/p>\n<p>El m\u00f3dulo de bordado muy grande (opcional con la B770QE PLUS) permite bordar grandes motivos.<\/p>\n<p>Una gama de accesorios enriquecer\u00e1 estos dos modelos al ritmo de sus nuevas necesidades.<br \/>\n<img loading=\"lazy\" decoding=\"async\" src=\"https:\/\/www.xn--berninaespaa-khb.com\/wp-content\/uploads\/2019\/02\/BERNINA770-8.jpg\" alt=\"\" width=\"540\" height=\"540\" \/><br \/>\n<img loading=\"lazy\" decoding=\"async\" src=\"https:\/\/www.xn--berninaespaa-khb.com\/wp-content\/uploads\/2019\/02\/BERNINA770-9.jpg\" alt=\"\" width=\"540\" height=\"540\" \/><br \/>\nControl absoluto de la puntada<br \/>\nTodos los modelos de la serie 7 de BERNINA est\u00e1n equipados con control de puntada. El largo de puntada, el ancho de puntada y la posici\u00f3n de aguja se modifican individualmente. Los ajustes individuales pueden grabarse y luego ser repetidos en cualquier momento.<\/p>\n<p>La importaci\u00f3n y exportaci\u00f3n de puntadas y combinaciones de puntadas se realizan a trav\u00e9s de la conexi\u00f3n USB.<br \/>\nA<br \/>\n<strong>Una pantalla que supera todo lo imaginable<\/strong><\/p>\n<p>Pantalla t\u00e1ctil a color y extragrande de 7\u2033<br \/>\nF\u00e1cil navegaci\u00f3n con s\u00edmbolos grandes<br \/>\nUbicaci\u00f3n central y \u00f3ptima<br \/>\nLa pantalla t\u00e1ctil extragrande te permite manejar la m\u00e1quina con comodidad.\u00a0Obt\u00e9n consejos y trucos directos o utiliza los breves tutoriales incorporados que te mostrar\u00e1n los pasos importantes del trabajo.<br \/>\n<img loading=\"lazy\" decoding=\"async\" src=\"https:\/\/www.xn--berninaespaa-khb.com\/wp-content\/uploads\/2019\/02\/pantalla-extra-grande.jpg\" alt=\"\" width=\"244\" height=\"172\" \/><br \/>\n<img loading=\"lazy\" decoding=\"async\" src=\"https:\/\/www.xn--berninaespaa-khb.com\/wp-content\/uploads\/2019\/02\/BERNINA770-11.jpg\" alt=\"\" width=\"540\" height=\"540\" \/><br \/>\nEl regulador de puntada de BERNINA (BSR)<br \/>\nLa BERNINA 770QE PLUS est\u00e1 equipada con la funci\u00f3n BSR. El pie BSR le ayuda durante la costura de acolchado libre ya sea en puntada recta o zigzag. Garantiza una longitud de puntada regular independientemente de la velocidad de costura.<br \/>\nConoce el sistema Kickstart<\/p>\n<p>Relaja el pie para disfrutar de mayor comodidad<br \/>\nControla f\u00e1cilmente la funci\u00f3n de inicio\/parada<br \/>\nPerfecto cuando realizas labores de acolchado durante largos periodos de tiempo<br \/>\nLa funci\u00f3n KickStart permite el acolchado en un modo de costura continuo sin tener que mantener el pedal presionado continuamente. La funci\u00f3n se puede activar o desactivar f\u00e1cilmente en la pantalla t\u00e1ctil.<br \/>\n<img loading=\"lazy\" decoding=\"async\" src=\"https:\/\/www.xn--berninaespaa-khb.com\/wp-content\/uploads\/2019\/02\/BERNINA770-12.jpg\" alt=\"\" width=\"540\" height=\"540\" \/><br \/>\n<img loading=\"lazy\" decoding=\"async\" src=\"https:\/\/www.xn--berninaespaa-khb.com\/wp-content\/uploads\/2019\/02\/BERNINA770-13.jpg\" alt=\"\" width=\"540\" height=\"540\" \/><br \/>\nArrastre Dual BERNINA<br \/>\nAs\u00ed que incluso las telas lisas y finas se deslizan regularmente bajo el prensatelas. F\u00e1cil de activar cuando se necesita, y sencillo de desconectar cuando ya no lo quieras usar m\u00e1s.<br \/>\nEnhebrador semiautom\u00e1tico<br \/>\nIndependiente, la BERNINA 770QE PLUS sabe trabajar de forma aut\u00f3noma. Al principio de una costura, el prensatelas baja autom\u00e1ticamente. El hilo se enhebra semi-autom\u00e1ticamente y se corta autom\u00e1ticamente al final de una costura o cuando se cambia de color durante el bordado. En el paquete est\u00e1ndar se incluye una tabla de extensi\u00f3n que simplifica la costura de grandes proyectos.<br \/>\n<img loading=\"lazy\" decoding=\"async\" src=\"https:\/\/www.xn--berninaespaa-khb.com\/wp-content\/uploads\/2019\/02\/BERNINA770-14.jpg\" alt=\"\" width=\"540\" height=\"540\" \/><br \/>\n<img loading=\"lazy\" decoding=\"async\" src=\"https:\/\/www.xn--berninaespaa-khb.com\/wp-content\/uploads\/2019\/02\/BERNINA770-15.jpg\" alt=\"\" width=\"540\" height=\"540\" \/><br \/>\nAyuda, consejos y trucos<br \/>\nLos dos nuevos modelos de la serie 7 BERNINA est\u00e1n equipados con controles intuitivos y son particularmente f\u00e1ciles de usar. El asesor de costura contesta las preguntas directamente en la pantalla y la gu\u00eda explica los pasos de trabajo m\u00e1s importantes a trav\u00e9s de cortas animaciones.<\/p>\n","protected":false},"excerpt":{"rendered":"<p><span style=\"font-family: var(--wp--preset--font-family--system-font); font-size: 14px;\">NUEVA BERNINA B 770QE PLUS<\/span><\/p>\n<p style=\"margin-top: 0px; margin-bottom: 0.9rem; font-family: Frutiger, Roboto; font-size: 14px;\">Con su \u00e1mplia gama de funciones, la BERNINA B 770 QE PLUS ofrece una gran comodidad durante el acolchado. Con 9 mm de ancho, el regulador de puntada, el transporte dual BERNINA y un brazo libre extra largo, ser\u00e1s perfectamente h\u00e1bil en el arte de coser y acolchar.<\/p>\n","protected":false},"featured_media":793,"comment_status":"open","ping_status":"closed","template":"","meta":[],"product_brand":[],"product_cat":[81],"product_tag":[],"class_list":{"0":"post-752","1":"product","2":"type-product","3":"status-publish","4":"has-post-thumbnail","6":"product_cat-bernina","8":"first","9":"instock","10":"taxable","11":"shipping-taxable","12":"product-type-simple"},"_links":{"self":[{"href":"https:\/\/macozag.com\/index.php?rest_route=\/wp\/v2\/product\/752","targetHints":{"allow":["GET"]}}],"collection":[{"href":"https:\/\/macozag.com\/index.php?rest_route=\/wp\/v2\/product"}],"about":[{"href":"https:\/\/macozag.com\/index.php?rest_route=\/wp\/v2\/types\/product"}],"replies":[{"embeddable":true,"href":"https:\/\/macozag.com\/index.php?rest_route=%2Fwp%2Fv2%2Fcomments&post=752"}],"wp:featuredmedia":[{"embeddable":true,"href":"https:\/\/macozag.com\/index.php?rest_route=\/wp\/v2\/media\/793"}],"wp:attachment":[{"href":"https:\/\/macozag.com\/index.php?rest_route=%2Fwp%2Fv2%2Fmedia&parent=752"}],"wp:term":[{"taxonomy":"product_brand","embeddable":true,"href":"https:\/\/macozag.com\/index.php?rest_route=%2Fwp%2Fv2%2Fproduct_brand&post=752"},{"taxonomy":"product_cat","embeddable":true,"href":"https:\/\/macozag.com\/index.php?rest_route=%2Fwp%2Fv2%2Fproduct_cat&post=752"},{"taxonomy":"product_tag","embeddable":true,"href":"https:\/\/macozag.com\/index.php?rest_route=%2Fwp%2Fv2%2Fproduct_tag&post=752"}],"curies":[{"name":"wp","href":"https:\/\/api.w.org\/{rel}","templated":true}]}}