{"id":733,"date":"2025-03-02T18:54:08","date_gmt":"2025-03-02T18:54:08","guid":{"rendered":"http:\/\/macozag.com\/?post_type=product&#038;p=733"},"modified":"2025-03-02T18:55:06","modified_gmt":"2025-03-02T18:55:06","slug":"bernina-335","status":"publish","type":"product","link":"https:\/\/macozag.com\/?product=bernina-335","title":{"rendered":"BERNINA 335"},"content":{"rendered":"<p>Descripci\u00f3n<br \/>BERNINA 335: La m\u00e1quina perfecta para los j\u00f3venes creadores<br \/><img loading=\"lazy\" decoding=\"async\" width=\"540\" height=\"540\" src=\"https:\/\/www.xn--berninaespaa-khb.com\/wp-content\/uploads\/2019\/02\/BERNINA3351.jpg\" alt=\"\"><br \/>Peque\u00f1a pero\u2026. Guau!<br \/>Espacio para tu creatividad.<br \/>Tama\u00f1o ideal y manejable.<br \/>Mesa extra\u00edble para m\u00e1s espacio de trabajo.<br \/>El brazo libre ofrece 16 cms de espacio a la derecha de la aguja: mucho espacio para realizar preciosos proyectos con toda la libertad creativa.<br \/><img loading=\"lazy\" decoding=\"async\" width=\"540\" height=\"540\" src=\"https:\/\/www.xn--berninaespaa-khb.com\/wp-content\/uploads\/2019\/02\/BERNINA3352.jpg\" alt=\"\"><br \/>Diferente y r\u00e1pida<br \/>Modifica ajustes como largo y ancho de puntada<br \/>Guarda y recupera puntadas personalizadas<br \/>Velocidad de costura regulable<br \/>Costura r\u00e1pida hasta 900 puntadas por minuto. \u00a1Tus proyectos de costura se realizan en tan poco tiempo.<br \/>\u00a0<br \/><img loading=\"lazy\" decoding=\"async\" width=\"540\" height=\"540\" src=\"https:\/\/www.xn--berninaespaa-khb.com\/wp-content\/uploads\/2019\/02\/BERNINA3353.jpg\" alt=\"\"><br \/>Tus manos est\u00e1n libres<br \/>Con la palanca de rodilla puedes guiar tu costura con las manos.<br \/>Confort y seguridad.<br \/>Concentrate en guiar tu proyecto de costura.Gracias al sistema de Manos Libres de BERNINA (FHS), puedes levantar y bajar el pr\u00e9nsatelas con la palanca de rodilla (accesorio opcional).<br \/><img loading=\"lazy\" decoding=\"async\" width=\"540\" height=\"540\" src=\"https:\/\/www.xn--berninaespaa-khb.com\/wp-content\/uploads\/2019\/02\/BERNINA3354.jpg\" alt=\"\"><br \/>Ampl\u00eda selecci\u00f3n de puntadas<br \/>Puntadas decorativas, punto de cruz y m\u00e1s<br \/>91 puntadas decorativas diferentes<br \/>Selecciona alfabeto o puntada pulsando un bot\u00f3n<br \/>Incluye una amplia selecci\u00f3n de puntdas personalizables. \u00a1Que dif\u00edcil es elegir tu favorita!<br \/><img loading=\"lazy\" decoding=\"async\" width=\"540\" height=\"540\" src=\"https:\/\/www.xn--berninaespaa-khb.com\/wp-content\/uploads\/2019\/02\/BERNINA3355.jpg\" alt=\"\"><br \/>\u00bfEnhebrado sencillo? \u00a1Si, gracias!<br \/>No busques m\u00e1s el ojo de la aguja.<br \/>Enhebrar ahora es muy f\u00e1cil<br \/>Uno, dos \u2026 y ya est\u00e1 enhebrada!El enhebrador semi-autom\u00e1tico hace que el enhebrado sea un juego de ni\u00f1os. Unos sencillos pasos y el hilo est\u00e1 donde debe para empezar a coser.<br \/><img loading=\"lazy\" decoding=\"async\" width=\"540\" height=\"540\" src=\"https:\/\/www.xn--berninaespaa-khb.com\/wp-content\/uploads\/2019\/02\/BERNINA3356.jpg\" alt=\"\"><br \/>Independiente y r\u00e1pida<br \/>Cose ojales de forma autom\u00e1tica<br \/>R\u00e1pida, f\u00e1cil de usar y precisa<br \/>Buttonholes \u2013 all with the same length<br \/>Con el prensatelas de ojales 3A podr\u00e1s coser todos lo ojales del mismo largo que quieras.<\/p>\n","protected":false},"excerpt":{"rendered":"<p><span style=\"font-family: Frutiger, Roboto;font-size: 14px\">\u00bfTienes poco espacio en tu cuarto de costura? Entonces, esta es tu m\u00e1quina.<\/span><\/p>\n<ul style=\"margin-top: 0px;margin-bottom: 0px;border: 0px;font-size: 14px;vertical-align: baseline;background-image: initial;background-position: initial;background-size: initial;background-attachment: initial;font-family: Frutiger, Roboto\">\n<li style=\"margin-top: 0px;margin-bottom: 0px;border: 0px;vertical-align: baseline;background: transparent\">Cose con comodidad.<\/li>\n<li style=\"margin-top: 0px;margin-bottom: 0px;border: 0px;vertical-align: baseline;background: transparent\">Enhebra f\u00e1cilmente.<\/li>\n<li style=\"margin-top: 0px;margin-bottom: 0px;border: 0px;vertical-align: baseline;background: transparent\">Gran espacio para tu creatividad.<\/li>\n<li style=\"margin-top: 0px;margin-bottom: 0px;border: 0px;vertical-align: baseline;background: transparent\">Ojales en un abrir y cerrar de ojos.<\/li>\n<li style=\"margin-top: 0px;margin-bottom: 0px;border: 0px;vertical-align: baseline;background: transparent\">Control total de la puntada.<\/li>\n<\/ul>\n","protected":false},"featured_media":790,"comment_status":"open","ping_status":"closed","template":"","meta":[],"product_brand":[],"product_cat":[81],"product_tag":[],"class_list":{"0":"post-733","1":"product","2":"type-product","3":"status-publish","4":"has-post-thumbnail","6":"product_cat-bernina","8":"first","9":"instock","10":"taxable","11":"shipping-taxable","12":"product-type-simple"},"_links":{"self":[{"href":"https:\/\/macozag.com\/index.php?rest_route=\/wp\/v2\/product\/733","targetHints":{"allow":["GET"]}}],"collection":[{"href":"https:\/\/macozag.com\/index.php?rest_route=\/wp\/v2\/product"}],"about":[{"href":"https:\/\/macozag.com\/index.php?rest_route=\/wp\/v2\/types\/product"}],"replies":[{"embeddable":true,"href":"https:\/\/macozag.com\/index.php?rest_route=%2Fwp%2Fv2%2Fcomments&post=733"}],"wp:featuredmedia":[{"embeddable":true,"href":"https:\/\/macozag.com\/index.php?rest_route=\/wp\/v2\/media\/790"}],"wp:attachment":[{"href":"https:\/\/macozag.com\/index.php?rest_route=%2Fwp%2Fv2%2Fmedia&parent=733"}],"wp:term":[{"taxonomy":"product_brand","embeddable":true,"href":"https:\/\/macozag.com\/index.php?rest_route=%2Fwp%2Fv2%2Fproduct_brand&post=733"},{"taxonomy":"product_cat","embeddable":true,"href":"https:\/\/macozag.com\/index.php?rest_route=%2Fwp%2Fv2%2Fproduct_cat&post=733"},{"taxonomy":"product_tag","embeddable":true,"href":"https:\/\/macozag.com\/index.php?rest_route=%2Fwp%2Fv2%2Fproduct_tag&post=733"}],"curies":[{"name":"wp","href":"https:\/\/api.w.org\/{rel}","templated":true}]}}