{"id":731,"date":"2025-03-02T18:54:07","date_gmt":"2025-03-02T18:54:07","guid":{"rendered":"http:\/\/macozag.com\/?post_type=product&#038;p=731"},"modified":"2025-03-02T18:54:56","modified_gmt":"2025-03-02T18:54:56","slug":"bernina-475qe","status":"publish","type":"product","link":"https:\/\/macozag.com\/?product=bernina-475qe","title":{"rendered":"BERNINA 475QE"},"content":{"rendered":"<p>La nueva mejor amiga de los artistas del acochado.<br \/>Perfecta para todas las labores tanto de costura como de acolchado y patchwork.<\/p>\n<p>Descripci\u00f3n<br \/>BERNINA 475 Quilter\u2019s Editi\u00f3n<br \/>Concebida para los amantes del acolchado\u200b<br \/>Descubre las funcionalidades preferidas de Tiffany en la B475QE<br \/><img loading=\"lazy\" decoding=\"async\" width=\"540\" height=\"540\" src=\"https:\/\/www.xn--berninaespaa-khb.com\/wp-content\/uploads\/2019\/02\/BERNINA475QE-5.jpg\" alt=\"\"><br \/>Las funciones automatizadas permiten ahorrar tiempo<br \/>Corta-hilos autom\u00e1tico.<br \/>Simplemente pulsa un bot\u00f3n para cortar el hilo.<br \/>Ahorra tiempo de costura \u2013 m\u00e1s tiempo para la creatividad.<br \/>Con el corta-hilos autom\u00e1tico los hilos se cortan autom\u00e1ticamente antes de subir la aguja.<br \/><img loading=\"lazy\" decoding=\"async\" width=\"540\" height=\"540\" src=\"https:\/\/www.xn--berninaespaa-khb.com\/wp-content\/uploads\/2019\/02\/BERNINA475QE-6.jpg\" alt=\"\"><br \/>Manos libres y control<br \/>Manos libres durante la costura gracias a una palanca situada a la altura de las rodillas tus manos gu\u00edan la tela en cualquier momento.<br \/>Esta palanca sube o baja simult\u00e1neamente el prensatelas y los dientes de arrastre.<br \/>El sistema de manos libres BERNINA te permite subir o bajar el prensatelas con la palanca de rodilla as\u00ed puedes mantener las manos libres y dirigir la costura.<br \/><img loading=\"lazy\" decoding=\"async\" width=\"540\" height=\"540\" src=\"https:\/\/www.xn--berninaespaa-khb.com\/wp-content\/uploads\/2019\/02\/BERNINA475QE-7.jpg\" alt=\"\"><br \/>Hacer puntadas perfectas es muy f\u00e1cil<br \/>Cose puntadas perfectas de 5,5 mm de ancho.<br \/>La canilla Jumbo reduce las interrupciones durante la costura.<br \/>F\u00e1cil cambio de canilla desde el frontal de la m\u00e1quina.<br \/>El garfio BERNINA asegura la consistencia y exactitud de las puntadas a una velocidad m\u00e1xima de 900 puntadas por minuto.<br \/><img loading=\"lazy\" decoding=\"async\" width=\"540\" height=\"540\" src=\"https:\/\/www.xn--berninaespaa-khb.com\/wp-content\/uploads\/2019\/02\/BERNINA475QE-8.jpg\" alt=\"\"><br \/>Presi\u00f3n ajustable del prensatelas<br \/>\u00bfLa tela es fina? Aumenta la presi\u00f3n.<br \/>\u00bfEl material es grueso? Reduce la presi\u00f3n.<br \/>Cose en una gran variedad de materiales con facilidad.<br \/>El ajuste b\u00e1sico se puede realizar individualmente, asegur\u00e1ndote que la presi\u00f3n siempre es ideal para todas las telas y materiales que elijas.<br \/><img loading=\"lazy\" decoding=\"async\" width=\"540\" height=\"540\" src=\"https:\/\/www.xn--berninaespaa-khb.com\/wp-content\/uploads\/2019\/02\/BERNINA475QE-9.jpg\" alt=\"\"><br \/>Prensatelas para patchwork #37<br \/>Dise\u00f1ado para la realizaci\u00f3n de la puntada recta.<br \/>Ideal para la costura de 1\/4 pulgada.<br \/>M\u00e1s seguridad para los aficionados experimentados del patchwork.<br \/>Cada quilter aprecia la precisi\u00f3n del prensatelas para patchwork #37 en la costura de bloques. \u00a1Precisi\u00f3n perfecta!<br \/><img loading=\"lazy\" decoding=\"async\" width=\"540\" height=\"540\" src=\"https:\/\/www.xn--berninaespaa-khb.com\/wp-content\/uploads\/2019\/02\/BERNINA475QE-10.jpg\" alt=\"\"><br \/>Pantalla t\u00e1ctil intuitiva<br \/>Moderna pantalla t\u00e1ctil a color.<br \/>Uso sencillo mediante navegaci\u00f3n simple.<br \/>Asesoramiento directamente desde la pantalla<br \/>El Asistente de costura te ayuda a encontrar la configuraci\u00f3n adecuada. Establecer los cambios propuestos r\u00e1pidamente a trav\u00e9s del bot\u00f3n multifunci\u00f3n.<\/p>\n","protected":false},"excerpt":{"rendered":"<p><span style=\"font-family: Frutiger, Roboto;font-size: 14px\">La nueva mejor amiga de los artistas del acochado.<\/span><\/p>\n<p style=\"margin-top: 0px;margin-bottom: 0.9rem;font-family: Frutiger, Roboto;font-size: 14px\">Perfecta para todas las labores tanto de costura como de acolchado y patchwork.<\/p>\n","protected":false},"featured_media":777,"comment_status":"open","ping_status":"closed","template":"","meta":[],"product_brand":[],"product_cat":[81],"product_tag":[],"class_list":{"0":"post-731","1":"product","2":"type-product","3":"status-publish","4":"has-post-thumbnail","6":"product_cat-bernina","8":"first","9":"instock","10":"taxable","11":"shipping-taxable","12":"product-type-simple"},"_links":{"self":[{"href":"https:\/\/macozag.com\/index.php?rest_route=\/wp\/v2\/product\/731","targetHints":{"allow":["GET"]}}],"collection":[{"href":"https:\/\/macozag.com\/index.php?rest_route=\/wp\/v2\/product"}],"about":[{"href":"https:\/\/macozag.com\/index.php?rest_route=\/wp\/v2\/types\/product"}],"replies":[{"embeddable":true,"href":"https:\/\/macozag.com\/index.php?rest_route=%2Fwp%2Fv2%2Fcomments&post=731"}],"wp:featuredmedia":[{"embeddable":true,"href":"https:\/\/macozag.com\/index.php?rest_route=\/wp\/v2\/media\/777"}],"wp:attachment":[{"href":"https:\/\/macozag.com\/index.php?rest_route=%2Fwp%2Fv2%2Fmedia&parent=731"}],"wp:term":[{"taxonomy":"product_brand","embeddable":true,"href":"https:\/\/macozag.com\/index.php?rest_route=%2Fwp%2Fv2%2Fproduct_brand&post=731"},{"taxonomy":"product_cat","embeddable":true,"href":"https:\/\/macozag.com\/index.php?rest_route=%2Fwp%2Fv2%2Fproduct_cat&post=731"},{"taxonomy":"product_tag","embeddable":true,"href":"https:\/\/macozag.com\/index.php?rest_route=%2Fwp%2Fv2%2Fproduct_tag&post=731"}],"curies":[{"name":"wp","href":"https:\/\/api.w.org\/{rel}","templated":true}]}}