{"id":730,"date":"2025-03-02T18:54:07","date_gmt":"2025-03-02T18:54:07","guid":{"rendered":"http:\/\/macozag.com\/?post_type=product&#038;p=730"},"modified":"2025-03-02T18:54:52","modified_gmt":"2025-03-02T18:54:52","slug":"bernina-485","status":"publish","type":"product","link":"https:\/\/macozag.com\/?product=bernina-485","title":{"rendered":"BERNINA 485"},"content":{"rendered":"<p>Potencia, velocidad, perfecci\u00f3n y facilidad de uso. Tu m\u00e1quina para disfrutar de la costura, el patchwork y las labores.<\/p>\n<p>Descripci\u00f3n<br \/>BERNINA 485<br \/>Impecable y perfecta<br \/>Descubre las caracter\u00edsticas que hacen de la B485 la m\u00e1quina perfecta para ti.<br \/><img loading=\"lazy\" decoding=\"async\" width=\"540\" height=\"540\" src=\"https:\/\/www.xn--berninaespaa-khb.com\/wp-content\/uploads\/2019\/02\/485-1.jpg\" alt=\"\"><br \/>Las funciones automatizadas permiten ahorrar tiempo<br \/>Corta-hilos autom\u00e1tico: Simplemente pulsa un bot\u00f3n para cortar el hilo.<br \/>Ahorra tiempo de costura \u2013 m\u00e1s tiempo para la creatividad.<br \/>Con el corta-hilos autom\u00e1tico, los hilos se cortan autom\u00e1ticamente antes de subir la aguja.<br \/><img loading=\"lazy\" decoding=\"async\" width=\"800\" height=\"600\" src=\"https:\/\/www.xn--berninaespaa-khb.com\/wp-content\/uploads\/2019\/02\/b485-frontal-bandeja-1024x768.jpg\" alt=\"\"><\/p>\n<p>El espacio necesario para tu creatividad<br \/>M\u00e1s espacio para todos los proyectos de costura.<br \/>Mesa de extensi\u00f3n incluida.<br \/>Realiza tus proyectos con comodidad.<br \/>El brazo libre te ofrece espacio suficiente para tus proyectos, quilts y otro tipo de creaciones.<br \/><img loading=\"lazy\" decoding=\"async\" width=\"540\" height=\"540\" src=\"https:\/\/www.xn--berninaespaa-khb.com\/wp-content\/uploads\/2019\/02\/485-3.jpg\" alt=\"\"><br \/>Presi\u00f3n ajustable del prensatelas<br \/>\u00bfTu tela es fina? Aumenta la presi\u00f3n.<br \/>\u00bfTu material es grueso? Reduce la presi\u00f3n.<br \/>Cose en una gran variedad de materiales con facilidad.<br \/>El ajuste b\u00e1sico se puede regular individualmente, asegur\u00e1ndo que la presi\u00f3n siempre es ideal para todas las telas y materiales que elijas.<br \/><img loading=\"lazy\" decoding=\"async\" width=\"540\" height=\"540\" src=\"https:\/\/www.xn--berninaespaa-khb.com\/wp-content\/uploads\/2019\/02\/485-4.jpg\" alt=\"\"><br \/>Pantalla t\u00e1ctil intuitiva<br \/>Pantalla t\u00e1ctil a color.<br \/>Uso sencillo mediante navegaci\u00f3n simple.<br \/>Asesoramiento directamente desde la pantalla.<br \/>El Asistente de Costura te ayuda a encontrar la configuraci\u00f3n adecuada. Establece los cambios propuestos r\u00e1pidamente gracias al bot\u00f3n multifunci\u00f3n.<br \/><img loading=\"lazy\" decoding=\"async\" width=\"512\" height=\"512\" src=\"https:\/\/www.xn--berninaespaa-khb.com\/wp-content\/uploads\/2019\/02\/485-5.jpg\" alt=\"\"><br \/>Manos libres y con control<br \/>La costura libre es m\u00e1s sencilla gracias a una palanca situada a la altura de las rodillas.<br \/>Tus manos gu\u00edan la tela en todo momento.<br \/>Puedes subir o bajar el prensatelas y los dientes de arrastre a la vez.<br \/>El sistema de manos libres de BERNINA te permite subir o bajar el prensatelas con un movimiento de tu rodilla. Manten las manos libres para dirigir tus obras.<br \/><img loading=\"lazy\" decoding=\"async\" width=\"512\" height=\"512\" src=\"https:\/\/www.xn--berninaespaa-khb.com\/wp-content\/uploads\/2019\/02\/485-6.jpg\" alt=\"\"><br \/>Puntadas perfectas f\u00e1ciles de realizar<br \/>Cose las puntadas perfectas con un ancho de 5,5 mm.<br \/>La canilla Jumbo limita las interrupciones durante la costura.<br \/>F\u00e1cil cambio de canilla desde el frontal de la m\u00e1quina.<br \/>El garfio BERNINA garantiza la regularidad y la precisi\u00f3n de las puntadas a una velocidad m\u00e1xima de 900 puntadas por minuto.<\/p>\n","protected":false},"excerpt":{"rendered":"<p>Potencia, velocidad, perfecci\u00f3n y facilidad de uso. Tu m\u00e1quina para disfrutar de la costura, el patchwork y las labores.<\/p>\n<div>\n<div class=\"elementor-column elementor-col-50 elementor-top-column elementor-element elementor-element-7925aa7d\" data-id=\"7925aa7d\" data-element_type=\"column\" data-settings=\"{&quot;background_background&quot;:&quot;classic&quot;}\" style=\"--flex-direction: initial;--flex-wrap: initial;--justify-content: initial;--align-items: initial;--align-content: initial;--gap: initial;--flex-basis: initial;--flex-grow: initial;--flex-shrink: initial;--order: initial;--align-self: initial;flex-basis: var(--flex-basis);flex-grow: var(--flex-grow);flex-shrink: var(--flex-shrink);align-self: var(--align-self);position: relative;min-height: 1px;--swiper-theme-color: #000;--swiper-navigation-size: 44px;--swiper-pagination-bullet-size: 6px;--swiper-pagination-bullet-horizontal-gap: 6px;--widgets-spacing: 0px;width: 456px;font-size: 15px\">\n<div class=\"elementor-widget-wrap elementor-element-populated\" style=\"position: relative;width: 456px;flex-wrap: wrap;align-content: flex-start;padding: 0px\">\n<div class=\"elementor-element elementor-element-dee0efa yes elementor-widget elementor-widget-woocommerce-product-images\" data-id=\"dee0efa\" data-element_type=\"widget\" data-widget_type=\"woocommerce-product-images.default\" style=\"--flex-direction: initial;--flex-wrap: initial;--justify-content: initial;--align-items: initial;--align-content: initial;--gap: initial;--flex-basis: initial;--flex-grow: initial;--flex-shrink: initial;--order: initial;--align-self: initial;flex-basis: var(--flex-basis);flex-grow: var(--flex-grow);flex-shrink: var(--flex-shrink);align-self: var(--align-self);flex-direction: var(--flex-direction);flex-wrap: var(--flex-wrap);justify-content: var(--justify-content);align-items: var(--align-items);align-content: var(--align-content);gap: var(--gap);position: relative;--swiper-theme-color: #000;--swiper-navigation-size: 44px;--swiper-pagination-bullet-size: 6px;--swiper-pagination-bullet-horizontal-gap: 6px;--widgets-spacing: 0px;width: 456px\">\n<div class=\"elementor-widget-container\">\n<div class=\"woocommerce-product-gallery woocommerce-product-gallery--with-images woocommerce-product-gallery--columns-4 images\" data-columns=\"4\" style=\"float: none;width: 456px;margin-bottom: 2em;position: relative;padding: 0px\"><a class=\"woocommerce-product-gallery__trigger\" style=\"background-image: initial;background-position: initial;background-size: initial;background-attachment: initial;box-shadow: none;position: absolute;top: 0.5em;right: 0.5em;font-size: 2em;z-index: 9;width: 36px;height: 36px;text-indent: -9999px;border-radius: 100%\" href=\"https:\/\/www.xn--berninaespaa-khb.com\/maquina\/bernette-b-77\/#\">?<\/a><\/div>\n<\/div>\n<\/div>\n<\/div>\n<\/div>\n<\/div>\n","protected":false},"featured_media":776,"comment_status":"open","ping_status":"closed","template":"","meta":[],"product_brand":[],"product_cat":[81],"product_tag":[],"class_list":{"0":"post-730","1":"product","2":"type-product","3":"status-publish","4":"has-post-thumbnail","6":"product_cat-bernina","8":"first","9":"instock","10":"taxable","11":"shipping-taxable","12":"product-type-simple"},"_links":{"self":[{"href":"https:\/\/macozag.com\/index.php?rest_route=\/wp\/v2\/product\/730","targetHints":{"allow":["GET"]}}],"collection":[{"href":"https:\/\/macozag.com\/index.php?rest_route=\/wp\/v2\/product"}],"about":[{"href":"https:\/\/macozag.com\/index.php?rest_route=\/wp\/v2\/types\/product"}],"replies":[{"embeddable":true,"href":"https:\/\/macozag.com\/index.php?rest_route=%2Fwp%2Fv2%2Fcomments&post=730"}],"wp:featuredmedia":[{"embeddable":true,"href":"https:\/\/macozag.com\/index.php?rest_route=\/wp\/v2\/media\/776"}],"wp:attachment":[{"href":"https:\/\/macozag.com\/index.php?rest_route=%2Fwp%2Fv2%2Fmedia&parent=730"}],"wp:term":[{"taxonomy":"product_brand","embeddable":true,"href":"https:\/\/macozag.com\/index.php?rest_route=%2Fwp%2Fv2%2Fproduct_brand&post=730"},{"taxonomy":"product_cat","embeddable":true,"href":"https:\/\/macozag.com\/index.php?rest_route=%2Fwp%2Fv2%2Fproduct_cat&post=730"},{"taxonomy":"product_tag","embeddable":true,"href":"https:\/\/macozag.com\/index.php?rest_route=%2Fwp%2Fv2%2Fproduct_tag&post=730"}],"curies":[{"name":"wp","href":"https:\/\/api.w.org\/{rel}","templated":true}]}}