{"id":723,"date":"2025-03-02T18:54:06","date_gmt":"2025-03-02T18:54:06","guid":{"rendered":"http:\/\/macozag.com\/?post_type=product&#038;p=723"},"modified":"2025-03-02T18:54:37","modified_gmt":"2025-03-02T18:54:37","slug":"br-a-sxd","status":"publish","type":"product","link":"https:\/\/macozag.com\/?product=br-a-sxd","title":{"rendered":"BR\/A\/SXD"},"content":{"rendered":"<p>Mesa universal y industrial con aspiraci\u00f3n y calentado del plato. Regulable en altura (3 posiciones: m\u00ednima 82 cm, media 90 cm y m\u00e1xima 98 cm). Se entrega en la posici\u00f3n m\u00e1s baja ocupando el embalaje menos espacio (menor coste de transporte). El pedal y el brazo de aspiraci\u00f3n (opcional) pueden colocarse a la derecha y a la izquierda (permite trabajar a personas diestras y zurdas). Mayor aspiraci\u00f3n. Medidas del plato: 120&#215;25-35 cm.<\/p>\n","protected":false},"excerpt":{"rendered":"<p>Mesa universal y industrial con aspiraci\u00f3n y calentado del plato.<\/p>\n","protected":false},"featured_media":769,"comment_status":"open","ping_status":"closed","template":"","meta":[],"product_brand":[],"product_cat":[78,77],"product_tag":[],"class_list":{"0":"post-723","1":"product","2":"type-product","3":"status-publish","4":"has-post-thumbnail","6":"product_cat-comel","7":"product_cat-planchado","9":"first","10":"instock","11":"taxable","12":"shipping-taxable","13":"product-type-simple"},"_links":{"self":[{"href":"https:\/\/macozag.com\/index.php?rest_route=\/wp\/v2\/product\/723","targetHints":{"allow":["GET"]}}],"collection":[{"href":"https:\/\/macozag.com\/index.php?rest_route=\/wp\/v2\/product"}],"about":[{"href":"https:\/\/macozag.com\/index.php?rest_route=\/wp\/v2\/types\/product"}],"replies":[{"embeddable":true,"href":"https:\/\/macozag.com\/index.php?rest_route=%2Fwp%2Fv2%2Fcomments&post=723"}],"wp:featuredmedia":[{"embeddable":true,"href":"https:\/\/macozag.com\/index.php?rest_route=\/wp\/v2\/media\/769"}],"wp:attachment":[{"href":"https:\/\/macozag.com\/index.php?rest_route=%2Fwp%2Fv2%2Fmedia&parent=723"}],"wp:term":[{"taxonomy":"product_brand","embeddable":true,"href":"https:\/\/macozag.com\/index.php?rest_route=%2Fwp%2Fv2%2Fproduct_brand&post=723"},{"taxonomy":"product_cat","embeddable":true,"href":"https:\/\/macozag.com\/index.php?rest_route=%2Fwp%2Fv2%2Fproduct_cat&post=723"},{"taxonomy":"product_tag","embeddable":true,"href":"https:\/\/macozag.com\/index.php?rest_route=%2Fwp%2Fv2%2Fproduct_tag&post=723"}],"curies":[{"name":"wp","href":"https:\/\/api.w.org\/{rel}","templated":true}]}}