{"id":717,"date":"2025-03-02T18:54:04","date_gmt":"2025-03-02T18:54:04","guid":{"rendered":"http:\/\/macozag.com\/?post_type=product&#038;p=717"},"modified":"2025-03-02T18:54:24","modified_gmt":"2025-03-02T18:54:24","slug":"fb-f-3r-white-inox-3e","status":"publish","type":"product","link":"https:\/\/macozag.com\/?product=fb-f-3r-white-inox-3e","title":{"rendered":"FB\/F-3R \/ WHITE \/ INOX \/ -3E"},"content":{"rendered":"<p>FB\/F-3R<br \/>Generador de vapor para 2 planchas equipado con 2 electrov\u00e1lvulas con potencia de 6 Kw (3 resistencias de 2 Kw) y electrobomba de alimentaci\u00f3n autom\u00e1tica. No viene equipada con planchas de mano. Puede trabajar con 4 Kw \u00f3 6 Kw.<br \/>FB\/F-3R-WHITE con carcasa de hierro pintada en color gris claro.<br \/>FB\/F-3R-INOX con caldera de acero inoxidable.<br \/>FB\/F-3E<br \/>Generador de vapor para 3 planchas equipado con 3 electrov\u00e1lvulas y 3 resistencias con potencia de 6 Kw. No viene equipada con planchas de mano. Puede trabajar con 4 Kw \u00f3 6 Kw.<\/p>\n","protected":false},"excerpt":{"rendered":"<p>Generador de vapor para 2 planchas equipado con 2 electrov\u00e1lvulas<\/p>\n","protected":false},"featured_media":746,"comment_status":"open","ping_status":"closed","template":"","meta":[],"product_brand":[],"product_cat":[78,77],"product_tag":[],"class_list":{"0":"post-717","1":"product","2":"type-product","3":"status-publish","4":"has-post-thumbnail","6":"product_cat-comel","7":"product_cat-planchado","9":"first","10":"instock","11":"taxable","12":"shipping-taxable","13":"product-type-simple"},"_links":{"self":[{"href":"https:\/\/macozag.com\/index.php?rest_route=\/wp\/v2\/product\/717","targetHints":{"allow":["GET"]}}],"collection":[{"href":"https:\/\/macozag.com\/index.php?rest_route=\/wp\/v2\/product"}],"about":[{"href":"https:\/\/macozag.com\/index.php?rest_route=\/wp\/v2\/types\/product"}],"replies":[{"embeddable":true,"href":"https:\/\/macozag.com\/index.php?rest_route=%2Fwp%2Fv2%2Fcomments&post=717"}],"wp:featuredmedia":[{"embeddable":true,"href":"https:\/\/macozag.com\/index.php?rest_route=\/wp\/v2\/media\/746"}],"wp:attachment":[{"href":"https:\/\/macozag.com\/index.php?rest_route=%2Fwp%2Fv2%2Fmedia&parent=717"}],"wp:term":[{"taxonomy":"product_brand","embeddable":true,"href":"https:\/\/macozag.com\/index.php?rest_route=%2Fwp%2Fv2%2Fproduct_brand&post=717"},{"taxonomy":"product_cat","embeddable":true,"href":"https:\/\/macozag.com\/index.php?rest_route=%2Fwp%2Fv2%2Fproduct_cat&post=717"},{"taxonomy":"product_tag","embeddable":true,"href":"https:\/\/macozag.com\/index.php?rest_route=%2Fwp%2Fv2%2Fproduct_tag&post=717"}],"curies":[{"name":"wp","href":"https:\/\/api.w.org\/{rel}","templated":true}]}}