{"id":707,"date":"2025-03-02T18:54:02","date_gmt":"2025-03-02T18:54:02","guid":{"rendered":"http:\/\/macozag.com\/?post_type=product&#038;p=707"},"modified":"2025-03-02T18:54:12","modified_gmt":"2025-03-02T18:54:12","slug":"mp-a-sr","status":"publish","type":"product","link":"https:\/\/macozag.com\/?product=mp-a-sr","title":{"rendered":"MP\/A\/SR"},"content":{"rendered":"<p>MP\/A\/SR<br \/>Mesa de planchar rectangular regulable en altura con aspiraci\u00f3n y soplado (reparada para acoplar 2 brazos). Motor de aspiraci\u00f3n de 0,8 CV y 220 V. Medidas del plato: 125&#215;75 cm. Plancha de mano no incluida.<br \/>MP\/A\/SR<br \/>Mesa de planchar rectangular regulable con aspiraci\u00f3n y soplado preparada para acoplar 2 brazos. Motor de aspiraci\u00f3n de 0,8 CV y 220 V con un brazo para planchar mangas, un brazo forma coj\u00edn, l\u00e1mpara fluorescente y polipasto. Medidas del plato: 125&#215;75 cm. Plancha de mano no incluida.<\/p>\n","protected":false},"excerpt":{"rendered":"<p>Mesa de planchar rectangular regulable con aspiraci\u00f3n y soplado preparada para acoplar 2 brazos.<\/p>\n","protected":false},"featured_media":737,"comment_status":"open","ping_status":"closed","template":"","meta":[],"product_brand":[],"product_cat":[78,77],"product_tag":[],"class_list":{"0":"post-707","1":"product","2":"type-product","3":"status-publish","4":"has-post-thumbnail","6":"product_cat-comel","7":"product_cat-planchado","9":"first","10":"instock","11":"taxable","12":"shipping-taxable","13":"product-type-simple"},"_links":{"self":[{"href":"https:\/\/macozag.com\/index.php?rest_route=\/wp\/v2\/product\/707","targetHints":{"allow":["GET"]}}],"collection":[{"href":"https:\/\/macozag.com\/index.php?rest_route=\/wp\/v2\/product"}],"about":[{"href":"https:\/\/macozag.com\/index.php?rest_route=\/wp\/v2\/types\/product"}],"replies":[{"embeddable":true,"href":"https:\/\/macozag.com\/index.php?rest_route=%2Fwp%2Fv2%2Fcomments&post=707"}],"wp:featuredmedia":[{"embeddable":true,"href":"https:\/\/macozag.com\/index.php?rest_route=\/wp\/v2\/media\/737"}],"wp:attachment":[{"href":"https:\/\/macozag.com\/index.php?rest_route=%2Fwp%2Fv2%2Fmedia&parent=707"}],"wp:term":[{"taxonomy":"product_brand","embeddable":true,"href":"https:\/\/macozag.com\/index.php?rest_route=%2Fwp%2Fv2%2Fproduct_brand&post=707"},{"taxonomy":"product_cat","embeddable":true,"href":"https:\/\/macozag.com\/index.php?rest_route=%2Fwp%2Fv2%2Fproduct_cat&post=707"},{"taxonomy":"product_tag","embeddable":true,"href":"https:\/\/macozag.com\/index.php?rest_route=%2Fwp%2Fv2%2Fproduct_tag&post=707"}],"curies":[{"name":"wp","href":"https:\/\/api.w.org\/{rel}","templated":true}]}}