{"id":670,"date":"2025-03-02T18:53:42","date_gmt":"2025-03-02T18:53:42","guid":{"rendered":"http:\/\/macozag.com\/?post_type=product&#038;p=670"},"modified":"2025-03-02T18:53:57","modified_gmt":"2025-03-02T18:53:57","slug":"mf-3620-l200-b-60b","status":"publish","type":"product","link":"https:\/\/macozag.com\/?product=mf-3620-l200-b-60b","title":{"rendered":"MF-3620-L200-B-60B"},"content":{"rendered":"<p>M\u00e1quina de Flatseamer de 4 agujas y 6 hilos Direct Drive<br \/>Equipada con recubrimiento superior e inferior, sistema de corte del tejido de dos lados, y micro-elevador, que nos permite trabajar con la m\u00ednima presi\u00f3n en el prensatelas, facilitando la costura en materiales el\u00e1sticos. Indicada para trabajar en materiales finos.<\/p>\n","protected":false},"excerpt":{"rendered":"<p>M\u00e1quina de Flatseamer de 4 agujas y 6 hilos Direct Drive Equipada con recubrimiento superior e inferior, sistema de corte del tejido de dos lados, y micro-elevador, que nos permite trabajar con la m\u00ednima presi\u00f3n en el prensatelas, facilitando la costura en materiales el\u00e1sticos. Indicada para trabajar en materiales finos.<\/p>\n","protected":false},"featured_media":699,"comment_status":"open","ping_status":"closed","template":"","meta":[],"product_brand":[],"product_cat":[75,73],"product_tag":[],"class_list":{"0":"post-670","1":"product","2":"type-product","3":"status-publish","4":"has-post-thumbnail","6":"product_cat-juki-recubridoras","7":"product_cat-recubridoras","9":"first","10":"instock","11":"taxable","12":"shipping-taxable","13":"product-type-simple"},"_links":{"self":[{"href":"https:\/\/macozag.com\/index.php?rest_route=\/wp\/v2\/product\/670","targetHints":{"allow":["GET"]}}],"collection":[{"href":"https:\/\/macozag.com\/index.php?rest_route=\/wp\/v2\/product"}],"about":[{"href":"https:\/\/macozag.com\/index.php?rest_route=\/wp\/v2\/types\/product"}],"replies":[{"embeddable":true,"href":"https:\/\/macozag.com\/index.php?rest_route=%2Fwp%2Fv2%2Fcomments&post=670"}],"wp:featuredmedia":[{"embeddable":true,"href":"https:\/\/macozag.com\/index.php?rest_route=\/wp\/v2\/media\/699"}],"wp:attachment":[{"href":"https:\/\/macozag.com\/index.php?rest_route=%2Fwp%2Fv2%2Fmedia&parent=670"}],"wp:term":[{"taxonomy":"product_brand","embeddable":true,"href":"https:\/\/macozag.com\/index.php?rest_route=%2Fwp%2Fv2%2Fproduct_brand&post=670"},{"taxonomy":"product_cat","embeddable":true,"href":"https:\/\/macozag.com\/index.php?rest_route=%2Fwp%2Fv2%2Fproduct_cat&post=670"},{"taxonomy":"product_tag","embeddable":true,"href":"https:\/\/macozag.com\/index.php?rest_route=%2Fwp%2Fv2%2Fproduct_tag&post=670"}],"curies":[{"name":"wp","href":"https:\/\/api.w.org\/{rel}","templated":true}]}}