{"id":666,"date":"2025-03-02T18:53:41","date_gmt":"2025-03-02T18:53:41","guid":{"rendered":"http:\/\/macozag.com\/?post_type=product&#038;p=666"},"modified":"2025-03-02T18:53:55","modified_gmt":"2025-03-02T18:53:55","slug":"mf-7523u11-356-ut35","status":"publish","type":"product","link":"https:\/\/macozag.com\/?product=mf-7523u11-356-ut35","title":{"rendered":"MF-7523U11-356-UT35"},"content":{"rendered":"<p>M\u00e1quina recubridora de base plana cortah\u00edlos el\u00e9ctricos<br \/>Equipada con recubrimiento superior e inferior, alzaprensatelas y motor Juki Direct Drive.<\/p>\n","protected":false},"excerpt":{"rendered":"<p>M\u00e1quina recubridora de base plana cortah\u00edlos el\u00e9ctricos Equipada con recubrimiento superior e inferior, alzaprensatelas y motor Juki Direct Drive. <\/p>\n","protected":false},"featured_media":696,"comment_status":"open","ping_status":"closed","template":"","meta":[],"product_brand":[],"product_cat":[75,73],"product_tag":[],"class_list":{"0":"post-666","1":"product","2":"type-product","3":"status-publish","4":"has-post-thumbnail","6":"product_cat-juki-recubridoras","7":"product_cat-recubridoras","9":"first","10":"instock","11":"taxable","12":"shipping-taxable","13":"product-type-simple"},"_links":{"self":[{"href":"https:\/\/macozag.com\/index.php?rest_route=\/wp\/v2\/product\/666","targetHints":{"allow":["GET"]}}],"collection":[{"href":"https:\/\/macozag.com\/index.php?rest_route=\/wp\/v2\/product"}],"about":[{"href":"https:\/\/macozag.com\/index.php?rest_route=\/wp\/v2\/types\/product"}],"replies":[{"embeddable":true,"href":"https:\/\/macozag.com\/index.php?rest_route=%2Fwp%2Fv2%2Fcomments&post=666"}],"wp:featuredmedia":[{"embeddable":true,"href":"https:\/\/macozag.com\/index.php?rest_route=\/wp\/v2\/media\/696"}],"wp:attachment":[{"href":"https:\/\/macozag.com\/index.php?rest_route=%2Fwp%2Fv2%2Fmedia&parent=666"}],"wp:term":[{"taxonomy":"product_brand","embeddable":true,"href":"https:\/\/macozag.com\/index.php?rest_route=%2Fwp%2Fv2%2Fproduct_brand&post=666"},{"taxonomy":"product_cat","embeddable":true,"href":"https:\/\/macozag.com\/index.php?rest_route=%2Fwp%2Fv2%2Fproduct_cat&post=666"},{"taxonomy":"product_tag","embeddable":true,"href":"https:\/\/macozag.com\/index.php?rest_route=%2Fwp%2Fv2%2Fproduct_tag&post=666"}],"curies":[{"name":"wp","href":"https:\/\/api.w.org\/{rel}","templated":true}]}}