{"id":654,"date":"2025-03-02T18:53:38","date_gmt":"2025-03-02T18:53:38","guid":{"rendered":"http:\/\/macozag.com\/?post_type=product&#038;p=654"},"modified":"2025-03-02T18:53:48","modified_gmt":"2025-03-02T18:53:48","slug":"jk-w4-d-05-356","status":"publish","type":"product","link":"https:\/\/macozag.com\/?product=jk-w4-d-05-356","title":{"rendered":"JK-W4-D-05-356"},"content":{"rendered":"<p>Maquina recubridora 3 agujas con base plana<br \/>Equipada con dispositivo regulador de tensi\u00f3n de puntilla, cortador derecho de tela, luz LED integrada y motor Direct Drive.Cortah\u00edlos autom\u00e1ticos<br \/>\u00danicamente en modelos JK-W4-UT-01GBX356 y JK-W4-UT-01GBX364<br \/>Facil cambio de equipo de costura<br \/>\u00danicamente en modelos JK-W4-D-01-02-03-08&#215;356 y JK-W4-D-01-02-03-08&#215;364<br \/>regulador de puntilla<br \/>\u00danicamente en modelo JK-W4D-05-356<br \/>dise\u00f1o integrado<br \/>En todos los modelos<\/p>\n","protected":false},"excerpt":{"rendered":"<p>Maquina recubridora 3 agujas con base plana Equipada con dispositivo regulador de tensi\u00f3n de puntilla, cortador derecho de tela, luz LED integrada y motor Direct Drive. <\/p>\n","protected":false},"featured_media":684,"comment_status":"open","ping_status":"closed","template":"","meta":[],"product_brand":[],"product_cat":[74,73],"product_tag":[],"class_list":{"0":"post-654","1":"product","2":"type-product","3":"status-publish","4":"has-post-thumbnail","6":"product_cat-jack-recubridoras","7":"product_cat-recubridoras","9":"first","10":"instock","11":"taxable","12":"shipping-taxable","13":"product-type-simple"},"_links":{"self":[{"href":"https:\/\/macozag.com\/index.php?rest_route=\/wp\/v2\/product\/654","targetHints":{"allow":["GET"]}}],"collection":[{"href":"https:\/\/macozag.com\/index.php?rest_route=\/wp\/v2\/product"}],"about":[{"href":"https:\/\/macozag.com\/index.php?rest_route=\/wp\/v2\/types\/product"}],"replies":[{"embeddable":true,"href":"https:\/\/macozag.com\/index.php?rest_route=%2Fwp%2Fv2%2Fcomments&post=654"}],"wp:featuredmedia":[{"embeddable":true,"href":"https:\/\/macozag.com\/index.php?rest_route=\/wp\/v2\/media\/684"}],"wp:attachment":[{"href":"https:\/\/macozag.com\/index.php?rest_route=%2Fwp%2Fv2%2Fmedia&parent=654"}],"wp:term":[{"taxonomy":"product_brand","embeddable":true,"href":"https:\/\/macozag.com\/index.php?rest_route=%2Fwp%2Fv2%2Fproduct_brand&post=654"},{"taxonomy":"product_cat","embeddable":true,"href":"https:\/\/macozag.com\/index.php?rest_route=%2Fwp%2Fv2%2Fproduct_cat&post=654"},{"taxonomy":"product_tag","embeddable":true,"href":"https:\/\/macozag.com\/index.php?rest_route=%2Fwp%2Fv2%2Fproduct_tag&post=654"}],"curies":[{"name":"wp","href":"https:\/\/api.w.org\/{rel}","templated":true}]}}