{"id":651,"date":"2025-03-02T18:53:38","date_gmt":"2025-03-02T18:53:38","guid":{"rendered":"http:\/\/macozag.com\/?post_type=product&#038;p=651"},"modified":"2025-03-02T18:53:47","modified_gmt":"2025-03-02T18:53:47","slug":"jk-w4s-utl-01x356","status":"publish","type":"product","link":"https:\/\/macozag.com\/?product=jk-w4s-utl-01x356","title":{"rendered":"JK-W4S-UTL-01X356"},"content":{"rendered":"<p>M\u00e1quina recubridora 3 agujas con base plana cortah\u00edlos neum\u00e1tico<br \/>sensor de rotura de hilo<br \/>La m\u00e1quina se detendr\u00e1 antes de que el hilo entre en la leva.<br \/>Sistema de ajuste para distintos grosores de tejido<br \/>Ajuste del eje de arrastre para mejorar la capacidad de adaptacion de la maquina al cambio de tejido.<br \/>El limpiaparabrisas y el cortah\u00edlos del \u00e1ncora superior se pueden utilizar juntos<br \/>El cortahilos del \u00e1ncora superior y el Wiper del hilo de la aguja funcionan al mismo tiempo. El cortah\u00edlos autom\u00e1tico y el remate de la costura inicial se mueven al mismo tiempo.<\/p>\n","protected":false},"excerpt":{"rendered":"<p>M\u00e1quina recubridora 3 agujas con base plana cortah\u00edlos neum\u00e1tico<\/p>\n","protected":false},"featured_media":681,"comment_status":"open","ping_status":"closed","template":"","meta":[],"product_brand":[],"product_cat":[74,73],"product_tag":[],"class_list":{"0":"post-651","1":"product","2":"type-product","3":"status-publish","4":"has-post-thumbnail","6":"product_cat-jack-recubridoras","7":"product_cat-recubridoras","9":"first","10":"instock","11":"taxable","12":"shipping-taxable","13":"product-type-simple"},"_links":{"self":[{"href":"https:\/\/macozag.com\/index.php?rest_route=\/wp\/v2\/product\/651","targetHints":{"allow":["GET"]}}],"collection":[{"href":"https:\/\/macozag.com\/index.php?rest_route=\/wp\/v2\/product"}],"about":[{"href":"https:\/\/macozag.com\/index.php?rest_route=\/wp\/v2\/types\/product"}],"replies":[{"embeddable":true,"href":"https:\/\/macozag.com\/index.php?rest_route=%2Fwp%2Fv2%2Fcomments&post=651"}],"wp:featuredmedia":[{"embeddable":true,"href":"https:\/\/macozag.com\/index.php?rest_route=\/wp\/v2\/media\/681"}],"wp:attachment":[{"href":"https:\/\/macozag.com\/index.php?rest_route=%2Fwp%2Fv2%2Fmedia&parent=651"}],"wp:term":[{"taxonomy":"product_brand","embeddable":true,"href":"https:\/\/macozag.com\/index.php?rest_route=%2Fwp%2Fv2%2Fproduct_brand&post=651"},{"taxonomy":"product_cat","embeddable":true,"href":"https:\/\/macozag.com\/index.php?rest_route=%2Fwp%2Fv2%2Fproduct_cat&post=651"},{"taxonomy":"product_tag","embeddable":true,"href":"https:\/\/macozag.com\/index.php?rest_route=%2Fwp%2Fv2%2Fproduct_tag&post=651"}],"curies":[{"name":"wp","href":"https:\/\/api.w.org\/{rel}","templated":true}]}}