{"id":647,"date":"2025-03-02T18:53:37","date_gmt":"2025-03-02T18:53:37","guid":{"rendered":"http:\/\/macozag.com\/?post_type=product&#038;p=647"},"modified":"2025-03-02T18:53:45","modified_gmt":"2025-03-02T18:53:45","slug":"k5-utl-35gbx356","status":"publish","type":"product","link":"https:\/\/macozag.com\/?product=k5-utl-35gbx356","title":{"rendered":"K5-UTL-35GBX356"},"content":{"rendered":"<p>M\u00e1quina recubridora con base cil\u00edndrica cortah\u00edlos neum\u00e1ticos<br \/>Equipada con cortah\u00edlos neum\u00e1ticos superior e inferior, cuchilla a la izquierda para recortar el tejido sobrante, alzaprensatelas, electrov\u00e1lvulas, saco de desperdicios, luz LED integrada y motor Direct Drive.<br \/>Alta velocidad, alta eficiencia<br \/>La velocidad normal de costura de la K5 es de 4.500 rpm, en comparaci\u00f3n con las 3.700 rpm de una m\u00e1quina normal con cubierta, la eficiencia aumenta m\u00e1s del 21%.<br \/>Cortah\u00edlos estables, sin saltos<br \/>No hay saltos al inicio de la costura y se garantiza la calidad de las costuras en el tejido.<br \/>Amplia gama de tejidos<br \/>Capacidad para coser en tejidos finos, de punto y hasta 8 capas de grosor de tejido, sin ning\u00fan ajuste, manteniendo la belleza de la puntada.<br \/>Bot\u00f3n Restablecer<br \/>Los usuarios pueden restaurar los par\u00e1metros personalizados o los de f\u00e1brica seg\u00fan sus necesidades, el panel es sencillo e intuitivo.<br \/>Un eje principal, estable y r\u00e1pido<br \/>Reduce la torsi\u00f3n de la m\u00e1quina, las costuras son m\u00e1s r\u00e1pidas, estables y duraderas.<\/p>\n","protected":false},"excerpt":{"rendered":"<p>M\u00e1quina recubridora con base cil\u00edndrica cortah\u00edlos neum\u00e1ticos Equipada con cortah\u00edlos neum\u00e1ticos superior e inferior, cuchilla a la izquierda para recortar el tejido sobrante, alzaprensatelas, electrov\u00e1lvulas, saco de desperdicios, luz LED integrada y motor Direct Drive. <\/p>\n","protected":false},"featured_media":677,"comment_status":"open","ping_status":"closed","template":"","meta":[],"product_brand":[],"product_cat":[74,73],"product_tag":[],"class_list":{"0":"post-647","1":"product","2":"type-product","3":"status-publish","4":"has-post-thumbnail","6":"product_cat-jack-recubridoras","7":"product_cat-recubridoras","9":"first","10":"instock","11":"taxable","12":"shipping-taxable","13":"product-type-simple"},"_links":{"self":[{"href":"https:\/\/macozag.com\/index.php?rest_route=\/wp\/v2\/product\/647","targetHints":{"allow":["GET"]}}],"collection":[{"href":"https:\/\/macozag.com\/index.php?rest_route=\/wp\/v2\/product"}],"about":[{"href":"https:\/\/macozag.com\/index.php?rest_route=\/wp\/v2\/types\/product"}],"replies":[{"embeddable":true,"href":"https:\/\/macozag.com\/index.php?rest_route=%2Fwp%2Fv2%2Fcomments&post=647"}],"wp:featuredmedia":[{"embeddable":true,"href":"https:\/\/macozag.com\/index.php?rest_route=\/wp\/v2\/media\/677"}],"wp:attachment":[{"href":"https:\/\/macozag.com\/index.php?rest_route=%2Fwp%2Fv2%2Fmedia&parent=647"}],"wp:term":[{"taxonomy":"product_brand","embeddable":true,"href":"https:\/\/macozag.com\/index.php?rest_route=%2Fwp%2Fv2%2Fproduct_brand&post=647"},{"taxonomy":"product_cat","embeddable":true,"href":"https:\/\/macozag.com\/index.php?rest_route=%2Fwp%2Fv2%2Fproduct_cat&post=647"},{"taxonomy":"product_tag","embeddable":true,"href":"https:\/\/macozag.com\/index.php?rest_route=%2Fwp%2Fv2%2Fproduct_tag&post=647"}],"curies":[{"name":"wp","href":"https:\/\/api.w.org\/{rel}","templated":true}]}}