{"id":606,"date":"2025-03-02T18:53:16","date_gmt":"2025-03-02T18:53:16","guid":{"rendered":"http:\/\/macozag.com\/?post_type=product&#038;p=606"},"modified":"2025-03-02T18:53:32","modified_gmt":"2025-03-02T18:53:32","slug":"mo-6816s-ff6-40h","status":"publish","type":"product","link":"https:\/\/macozag.com\/?product=mo-6816s-ff6-40h","title":{"rendered":"MO-6816S-FF6-40H"},"content":{"rendered":"<p>Maquina remalladora de 5 hilos<br \/>La m\u00e1quina consigue unas costuras con un bonito acabado y una mejor calidad incluso cuando funciona a alta velocidad.<br \/>Ampliamente aplicable a la costura de materiales ligeros y gruesos. Cuenta con un mecanismo de recogida del hilo de la aguja y una palanca de recogida del hilo inferior, que garantizan unas costuras de alta calidad, bien tensadas y suaves, en todo tipo de materiales.<br \/>Entrada de la aguja m\u00e1s amplia y brillante<br \/>Proporciona una mayor capacidad de respuesta a los materiales, lo que facilita el trabajo. El dise\u00f1o \u00f3ptimo de la m\u00e1quina reduce el ruido y las vibraciones.<br \/>La m\u00e1quina est\u00e1 dotada con funciones que permiten un ajuste f\u00e1cil y adecuado seg\u00fan el material utilizado.<br \/>El mecanismo de microajuste del arrastre diferencial, el aumento externo de la relaci\u00f3n de arrastre diferencial y la altura del arrastre principal pueden ajustarse en la cara frontal de la m\u00e1quina de coser con un destornillador.<br \/>Velocidad de costura m\u00e1x. 7000ppm<br \/>Longitud de puntada m\u00e1x. 4,5mm<br \/>Elevaci\u00f3n del prensatelas 7mm<\/p>\n","protected":false},"excerpt":{"rendered":"<p>Maquina remalladora de 5 hilos<\/p>\n","protected":false},"featured_media":636,"comment_status":"open","ping_status":"closed","template":"","meta":[],"product_brand":[],"product_cat":[68,72],"product_tag":[],"class_list":{"0":"post-606","1":"product","2":"type-product","3":"status-publish","4":"has-post-thumbnail","6":"product_cat-overlock","7":"product_cat-juki-overlock","9":"first","10":"instock","11":"taxable","12":"shipping-taxable","13":"product-type-simple"},"_links":{"self":[{"href":"https:\/\/macozag.com\/index.php?rest_route=\/wp\/v2\/product\/606","targetHints":{"allow":["GET"]}}],"collection":[{"href":"https:\/\/macozag.com\/index.php?rest_route=\/wp\/v2\/product"}],"about":[{"href":"https:\/\/macozag.com\/index.php?rest_route=\/wp\/v2\/types\/product"}],"replies":[{"embeddable":true,"href":"https:\/\/macozag.com\/index.php?rest_route=%2Fwp%2Fv2%2Fcomments&post=606"}],"wp:featuredmedia":[{"embeddable":true,"href":"https:\/\/macozag.com\/index.php?rest_route=\/wp\/v2\/media\/636"}],"wp:attachment":[{"href":"https:\/\/macozag.com\/index.php?rest_route=%2Fwp%2Fv2%2Fmedia&parent=606"}],"wp:term":[{"taxonomy":"product_brand","embeddable":true,"href":"https:\/\/macozag.com\/index.php?rest_route=%2Fwp%2Fv2%2Fproduct_brand&post=606"},{"taxonomy":"product_cat","embeddable":true,"href":"https:\/\/macozag.com\/index.php?rest_route=%2Fwp%2Fv2%2Fproduct_cat&post=606"},{"taxonomy":"product_tag","embeddable":true,"href":"https:\/\/macozag.com\/index.php?rest_route=%2Fwp%2Fv2%2Fproduct_tag&post=606"}],"curies":[{"name":"wp","href":"https:\/\/api.w.org\/{rel}","templated":true}]}}