{"id":604,"date":"2025-03-02T18:53:16","date_gmt":"2025-03-02T18:53:16","guid":{"rendered":"http:\/\/macozag.com\/?post_type=product&#038;p=604"},"modified":"2025-03-02T18:53:31","modified_gmt":"2025-03-02T18:53:31","slug":"mo-6914r-bd6-307-bb08","status":"publish","type":"product","link":"https:\/\/macozag.com\/?product=mo-6914r-bd6-307-bb08","title":{"rendered":"MO-6914R-BD6-307-BB08"},"content":{"rendered":"<p>M\u00e1quina remalladora de 4 hilos doble arrastre<br \/>Funcionamiento suave del arrastre superior e inferior<br \/>El locus del arrastre superior aumenta las superficies del arrastre superior, que se sincroniza horizontalmente con el arrastre inferior, para un arrastre fiable y sin da\u00f1ar los materiales.<br \/>M\u00e1quina \u00f3ptimamente equilibrada<br \/>Gracias a una zona m\u00e1s amplia alrededor de la entrada de la aguja ya la funci\u00f3n de microelevaci\u00f3n, que ofrece una mejor respuesta a los materiales y proporciona al usuario una mejor operatividad, ya la reducci\u00f3n del ruido y las vibraciones de funcionamiento.<br \/>Mecanismo de barra de agujas con estructura de escudo y casquillos de barra de agujas superior e inferior<br \/>Contribuye a aumentar la durabilidad y la confianza. Adem\u00e1s, la m\u00e1quina incorpora una unidad de garfio superior mejorada y viene de serie con un filtro de aceite de tipo cartucho y un ventilador de refrigeraci\u00f3n.<br \/>Man\u00f3metros y Dispositivos intercambiables<br \/>Los calibres y dispositivos que ha utilizado con sus m\u00e1quinas JUKI existentes tambi\u00e9n son intercambiables sin necesidad de mecanizado adicional.<br \/>mecanismo de arrastre superior<br \/>La maquina esta equipada con un mecanismo de microajuste del arrastre diferencial superior, que esta separado del arrastre inferior.<br \/>Mecanismo de arrastre inferior<br \/>La maquina tambien esta equipada con un mecanismo de microajuste del arrastre diferencial inferior.<br \/>Enfriado del hilo y de la aguja<br \/>Para ofrecer una mejor capacidad de costura y para evitar que las puntadas se deformen.<br \/>Velocidad de costura m\u00e1x. 6000 &#8211; 7000ppm<br \/>Longitud de puntada 0,8 &#8211; 4mm<br \/>Elevaci\u00f3n del prensatelas 7mm<\/p>\n","protected":false},"excerpt":{"rendered":"<p>M\u00e1quina remalladora de 4 hilos doble arrastre<\/p>\n","protected":false},"featured_media":634,"comment_status":"open","ping_status":"closed","template":"","meta":[],"product_brand":[],"product_cat":[68,72],"product_tag":[],"class_list":{"0":"post-604","1":"product","2":"type-product","3":"status-publish","4":"has-post-thumbnail","6":"product_cat-overlock","7":"product_cat-juki-overlock","9":"first","10":"instock","11":"taxable","12":"shipping-taxable","13":"product-type-simple"},"_links":{"self":[{"href":"https:\/\/macozag.com\/index.php?rest_route=\/wp\/v2\/product\/604","targetHints":{"allow":["GET"]}}],"collection":[{"href":"https:\/\/macozag.com\/index.php?rest_route=\/wp\/v2\/product"}],"about":[{"href":"https:\/\/macozag.com\/index.php?rest_route=\/wp\/v2\/types\/product"}],"replies":[{"embeddable":true,"href":"https:\/\/macozag.com\/index.php?rest_route=%2Fwp%2Fv2%2Fcomments&post=604"}],"wp:featuredmedia":[{"embeddable":true,"href":"https:\/\/macozag.com\/index.php?rest_route=\/wp\/v2\/media\/634"}],"wp:attachment":[{"href":"https:\/\/macozag.com\/index.php?rest_route=%2Fwp%2Fv2%2Fmedia&parent=604"}],"wp:term":[{"taxonomy":"product_brand","embeddable":true,"href":"https:\/\/macozag.com\/index.php?rest_route=%2Fwp%2Fv2%2Fproduct_brand&post=604"},{"taxonomy":"product_cat","embeddable":true,"href":"https:\/\/macozag.com\/index.php?rest_route=%2Fwp%2Fv2%2Fproduct_cat&post=604"},{"taxonomy":"product_tag","embeddable":true,"href":"https:\/\/macozag.com\/index.php?rest_route=%2Fwp%2Fv2%2Fproduct_tag&post=604"}],"curies":[{"name":"wp","href":"https:\/\/api.w.org\/{rel}","templated":true}]}}