{"id":590,"date":"2025-03-02T18:52:54","date_gmt":"2025-03-02T18:52:54","guid":{"rendered":"http:\/\/macozag.com\/?post_type=product&#038;p=590"},"modified":"2025-03-02T18:53:29","modified_gmt":"2025-03-02T18:53:29","slug":"mo-6916s-de640h","status":"publish","type":"product","link":"https:\/\/macozag.com\/?product=mo-6916s-de640h","title":{"rendered":"MO-6916S-DE640H"},"content":{"rendered":"<p>Mayor durabilidad y confianza<br \/>La introducci\u00f3n de un mecanismo de barra de agujas con estructura de escudo y casquillos de barra de agujas superior e inferior, contribuye a aumentar la durabilidad y la fiabilidad.<br \/>Eliminar el desperdicio de recursos<br \/>Los medidores y dispositivos que ha utilizado con sus m\u00e1quinas JUKI existentes tambi\u00e9n son intercambiables sin necesidad de mecanizado adicional<br \/>Mecanismo de microajuste del arrastre diferencial y ajuste externo de la inclinaci\u00f3n de los dientes de arrastre<br \/>Tambi\u00e9n para aumentar la relaci\u00f3n de arrastre diferencial, que puede ajustarse f\u00e1cilmente para terminar costuras que se ajustan perfectamente al material que se va a utilizar.<br \/>Funcion de microelevacion<br \/>Ofrece una mejor respuesta a los materiales y proporciona al usuario una mejor operabilidad.<br \/>Mecanismo de recogida del hilo de la aguja y mecanismo de recogida del hilo del garfio<br \/>Ofrece una mayor capacidad de respuesta desde materiales ligeros a pesados \u200b\u200bcon una tensi\u00f3n aplicada m\u00e1s baja y consigue unas costuras bien tensadas y de tacto suave.<br \/>Enfriador del hilo y de la aguja<br \/>Ofrece una capacidad de costura mejorada y evita que las puntadas se deformen.<br \/>Velocidad de costura m\u00e1x. 8000ppm<br \/>Longitud de puntada 1,5 &#8211; 4mm<br \/>Elevaci\u00f3n del prensatelas 7mm<\/p>\n","protected":false},"excerpt":{"rendered":"<p>Maquina remalladora de 5 hilos<\/p>\n","protected":false},"featured_media":631,"comment_status":"open","ping_status":"closed","template":"","meta":[],"product_brand":[],"product_cat":[68,72],"product_tag":[],"class_list":{"0":"post-590","1":"product","2":"type-product","3":"status-publish","4":"has-post-thumbnail","6":"product_cat-overlock","7":"product_cat-juki-overlock","9":"first","10":"instock","11":"taxable","12":"shipping-taxable","13":"product-type-simple"},"_links":{"self":[{"href":"https:\/\/macozag.com\/index.php?rest_route=\/wp\/v2\/product\/590","targetHints":{"allow":["GET"]}}],"collection":[{"href":"https:\/\/macozag.com\/index.php?rest_route=\/wp\/v2\/product"}],"about":[{"href":"https:\/\/macozag.com\/index.php?rest_route=\/wp\/v2\/types\/product"}],"replies":[{"embeddable":true,"href":"https:\/\/macozag.com\/index.php?rest_route=%2Fwp%2Fv2%2Fcomments&post=590"}],"wp:featuredmedia":[{"embeddable":true,"href":"https:\/\/macozag.com\/index.php?rest_route=\/wp\/v2\/media\/631"}],"wp:attachment":[{"href":"https:\/\/macozag.com\/index.php?rest_route=%2Fwp%2Fv2%2Fmedia&parent=590"}],"wp:term":[{"taxonomy":"product_brand","embeddable":true,"href":"https:\/\/macozag.com\/index.php?rest_route=%2Fwp%2Fv2%2Fproduct_brand&post=590"},{"taxonomy":"product_cat","embeddable":true,"href":"https:\/\/macozag.com\/index.php?rest_route=%2Fwp%2Fv2%2Fproduct_cat&post=590"},{"taxonomy":"product_tag","embeddable":true,"href":"https:\/\/macozag.com\/index.php?rest_route=%2Fwp%2Fv2%2Fproduct_tag&post=590"}],"curies":[{"name":"wp","href":"https:\/\/api.w.org\/{rel}","templated":true}]}}