{"id":573,"date":"2025-03-02T18:52:51","date_gmt":"2025-03-02T18:52:51","guid":{"rendered":"http:\/\/macozag.com\/?post_type=product&#038;p=573"},"modified":"2025-03-02T18:53:15","modified_gmt":"2025-03-02T18:53:15","slug":"uh9304-05-m04-mc2-38-uh-eu","status":"publish","type":"product","link":"https:\/\/macozag.com\/?product=uh9304-05-m04-mc2-38-uh-eu","title":{"rendered":"UH9304-05-M04\/MC2-38-UH-EU"},"content":{"rendered":"<p>M\u00e1quina overlock de alta velocidad (8.000 PPM) de base cil\u00edndrica equipada con alimentador electr\u00f3nico de goma por motor paso a paso. Tensi\u00f3n del el\u00e1stico controlado mediante programador. Abre tensiones, alzaprensatelas y cortacadenetas neum\u00e1ticos.<\/p>\n","protected":false},"excerpt":{"rendered":"<p>M\u00e1quina overlock de alta velocidad (8.000 PPM) de base cil\u00edndrica equipada con alimentador electr\u00f3nico de goma por motor paso a paso. Tensi\u00f3n del el\u00e1stico controlado mediante programador. Abre tensiones, alzaprensatelas y cortacadenetas neum\u00e1ticos.<\/p>\n","protected":false},"featured_media":603,"comment_status":"open","ping_status":"closed","template":"","meta":[],"product_brand":[],"product_cat":[70,68],"product_tag":[],"class_list":{"0":"post-573","1":"product","2":"type-product","3":"status-publish","4":"has-post-thumbnail","6":"product_cat-kingtex-overlock","7":"product_cat-overlock","9":"first","10":"instock","11":"taxable","12":"shipping-taxable","13":"product-type-simple"},"_links":{"self":[{"href":"https:\/\/macozag.com\/index.php?rest_route=\/wp\/v2\/product\/573","targetHints":{"allow":["GET"]}}],"collection":[{"href":"https:\/\/macozag.com\/index.php?rest_route=\/wp\/v2\/product"}],"about":[{"href":"https:\/\/macozag.com\/index.php?rest_route=\/wp\/v2\/types\/product"}],"replies":[{"embeddable":true,"href":"https:\/\/macozag.com\/index.php?rest_route=%2Fwp%2Fv2%2Fcomments&post=573"}],"wp:featuredmedia":[{"embeddable":true,"href":"https:\/\/macozag.com\/index.php?rest_route=\/wp\/v2\/media\/603"}],"wp:attachment":[{"href":"https:\/\/macozag.com\/index.php?rest_route=%2Fwp%2Fv2%2Fmedia&parent=573"}],"wp:term":[{"taxonomy":"product_brand","embeddable":true,"href":"https:\/\/macozag.com\/index.php?rest_route=%2Fwp%2Fv2%2Fproduct_brand&post=573"},{"taxonomy":"product_cat","embeddable":true,"href":"https:\/\/macozag.com\/index.php?rest_route=%2Fwp%2Fv2%2Fproduct_cat&post=573"},{"taxonomy":"product_tag","embeddable":true,"href":"https:\/\/macozag.com\/index.php?rest_route=%2Fwp%2Fv2%2Fproduct_tag&post=573"}],"curies":[{"name":"wp","href":"https:\/\/api.w.org\/{rel}","templated":true}]}}