{"id":571,"date":"2025-03-02T18:52:51","date_gmt":"2025-03-02T18:52:51","guid":{"rendered":"http:\/\/macozag.com\/?post_type=product&#038;p=571"},"modified":"2025-03-02T18:53:12","modified_gmt":"2025-03-02T18:53:12","slug":"uh-9004-9094-9005f-243-353-553-m-h14-16","status":"publish","type":"product","link":"https:\/\/macozag.com\/?product=uh-9004-9094-9005f-243-353-553-m-h14-16","title":{"rendered":"UH-9004\/9094\/9005F-243\/353\/553-M\/H14\/16"},"content":{"rendered":"<p>UH-9004F-243-M14<br \/>M\u00e1quina overlock de alta velocidad (7.500 PPM) de 2 agujas y 4 hilos.<br \/>UH-9094F-243-H14<br \/>M\u00e1quina overlock (6.500 PPM) de 2 agujas y 4 hilos para coser g\u00e9nero de punto de lana grueso. Incorpora cuchilla superior de corte de \u00e1ngulo, m\u00e1s diferencial de arrastre y \u00e1ncoras con agujeros m\u00e1s gruesos para coser con lana.<br \/>UH-9005F-353-M16<br \/>M\u00e1quina overlock de alta velocidad (7.000 PPM) de 2 agujas y 5 hilos (3&#215;5).<br \/>UH-9005F-553-M16<br \/>M\u00e1quina overlock de alta velocidad (7.000 PPM) de 2 agujas y 5 hilos (5&#215;5).<\/p>\n","protected":false},"excerpt":{"rendered":"<p>M\u00e1quina overlock de alta velocidad (7.500 PPM) de 2 agujas y 4 hilos.<\/p>\n","protected":false},"featured_media":601,"comment_status":"open","ping_status":"closed","template":"","meta":[],"product_brand":[],"product_cat":[68,70],"product_tag":[],"class_list":{"0":"post-571","1":"product","2":"type-product","3":"status-publish","4":"has-post-thumbnail","6":"product_cat-overlock","7":"product_cat-kingtex-overlock","9":"first","10":"instock","11":"taxable","12":"shipping-taxable","13":"product-type-simple"},"_links":{"self":[{"href":"https:\/\/macozag.com\/index.php?rest_route=\/wp\/v2\/product\/571","targetHints":{"allow":["GET"]}}],"collection":[{"href":"https:\/\/macozag.com\/index.php?rest_route=\/wp\/v2\/product"}],"about":[{"href":"https:\/\/macozag.com\/index.php?rest_route=\/wp\/v2\/types\/product"}],"replies":[{"embeddable":true,"href":"https:\/\/macozag.com\/index.php?rest_route=%2Fwp%2Fv2%2Fcomments&post=571"}],"wp:featuredmedia":[{"embeddable":true,"href":"https:\/\/macozag.com\/index.php?rest_route=\/wp\/v2\/media\/601"}],"wp:attachment":[{"href":"https:\/\/macozag.com\/index.php?rest_route=%2Fwp%2Fv2%2Fmedia&parent=571"}],"wp:term":[{"taxonomy":"product_brand","embeddable":true,"href":"https:\/\/macozag.com\/index.php?rest_route=%2Fwp%2Fv2%2Fproduct_brand&post=571"},{"taxonomy":"product_cat","embeddable":true,"href":"https:\/\/macozag.com\/index.php?rest_route=%2Fwp%2Fv2%2Fproduct_cat&post=571"},{"taxonomy":"product_tag","embeddable":true,"href":"https:\/\/macozag.com\/index.php?rest_route=%2Fwp%2Fv2%2Fproduct_tag&post=571"}],"curies":[{"name":"wp","href":"https:\/\/api.w.org\/{rel}","templated":true}]}}